{"id":119,"date":"2022-09-13T11:18:39","date_gmt":"2022-09-13T11:18:39","guid":{"rendered":"https:\/\/skyeyethemes.com\/themes\/nevada\/demo-fashion\/shop\/import-placeholder-for-249\/"},"modified":"2024-02-21T15:51:06","modified_gmt":"2024-02-21T13:51:06","slug":"about-us-hilp","status":"publish","type":"page","link":"https:\/\/hilpdesign.com\/et\/about-us-hilp\/","title":{"rendered":"Meist"},"content":{"rendered":"<div data-elementor-type=\"wp-page\" data-elementor-id=\"119\" class=\"elementor elementor-119\" data-elementor-post-type=\"page\">\n\t\t\t\t<div class=\"elementor-element elementor-element-0cbca69 e-flex e-con-boxed e-con e-parent\" data-id=\"0cbca69\" data-element_type=\"container\" data-e-type=\"container\">\n\t\t\t\t\t<div class=\"e-con-inner\">\n\t\t\t\t<div class=\"elementor-element elementor-element-b90cba0 elementor-widget elementor-widget-text-editor\" data-id=\"b90cba0\" data-element_type=\"widget\" data-e-type=\"widget\" data-widget_type=\"text-editor.default\">\n\t\t\t\t<div class=\"elementor-widget-container\">\n\t\t\t\t\t\t\t\t\t<div><div><p style=\"border: 0px solid #e3e3e3; --tw-border-spacing-x: 0; --tw-border-spacing-y: 0; --tw-translate-x: 0; --tw-translate-y: 0; --tw-rotate: 0; --tw-skew-x: 0; --tw-skew-y: 0; --tw-scale-x: 1; --tw-scale-y: 1; --tw-scroll-snap-strictness: proximity; --tw-ring-offset-width: 0px; --tw-ring-offset-color: #fff; --tw-ring-color: rgba(69,89,164,.5); --tw-ring-offset-shadow: 0 0 transparent; --tw-ring-shadow: 0 0 transparent; --tw-shadow: 0 0 transparent; --tw-shadow-colored: 0 0 transparent; margin-top: 1.25em; margin-bottom: 1.25em; color: #0d0d0d; font-family: S\u00f6hne, ui-sans-serif, system-ui, -apple-system, 'Segoe UI', Roboto, Ubuntu, Cantarell, 'Noto Sans', sans-serif, 'Helvetica Neue', Arial, 'Apple Color Emoji', 'Segoe UI Emoji', 'Segoe UI Symbol', 'Noto Color Emoji'; font-size: 16px; white-space-collapse: preserve;\">Hilpi lugu algab K\u00e4trin Avarmaaga, kes alustas pusade tegemist vanadest T-s\u00e4rkidest, millest meisterdas aplikatsioone. Teda inspireeris t\u00e4navamood, loodus ja erinevad inimt\u00fc\u00fcbid.<\/p><p style=\"border: 0px solid #e3e3e3; --tw-border-spacing-x: 0; --tw-border-spacing-y: 0; --tw-translate-x: 0; --tw-translate-y: 0; --tw-rotate: 0; --tw-skew-x: 0; --tw-skew-y: 0; --tw-scale-x: 1; --tw-scale-y: 1; --tw-scroll-snap-strictness: proximity; --tw-ring-offset-width: 0px; --tw-ring-offset-color: #fff; --tw-ring-color: rgba(69,89,164,.5); --tw-ring-offset-shadow: 0 0 transparent; --tw-ring-shadow: 0 0 transparent; --tw-shadow: 0 0 transparent; --tw-shadow-colored: 0 0 transparent; margin-top: 1.25em; margin-bottom: 1.25em; color: #0d0d0d; font-family: S\u00f6hne, ui-sans-serif, system-ui, -apple-system, 'Segoe UI', Roboto, Ubuntu, Cantarell, 'Noto Sans', sans-serif, 'Helvetica Neue', Arial, 'Apple Color Emoji', 'Segoe UI Emoji', 'Segoe UI Symbol', 'Noto Color Emoji'; font-size: 16px; white-space-collapse: preserve;\">Peale paari aastat toimetamist hakkasid pered tellima endale kokkusobivaid pusasid ja s\u00e4rke. Seet\u00f5ttu lisasime valikusse v\u00e4iksemad suurused, et terve pere saaks kanda l\u00f5busaid Hilp pusasid ja s\u00e4rke. Ka s\u00f5prusringkonnad leidsid r\u00f5\u00f5mu, kui said kanda lahedaid pusasid, mis n\u00e4itasid nende \u00fchtekuuluvust.<\/p><p style=\"border: 0px solid #e3e3e3; --tw-border-spacing-x: 0; --tw-border-spacing-y: 0; --tw-translate-x: 0; --tw-translate-y: 0; --tw-rotate: 0; --tw-skew-x: 0; --tw-skew-y: 0; --tw-scale-x: 1; --tw-scale-y: 1; --tw-scroll-snap-strictness: proximity; --tw-ring-offset-width: 0px; --tw-ring-offset-color: #fff; --tw-ring-color: rgba(69,89,164,.5); --tw-ring-offset-shadow: 0 0 transparent; --tw-ring-shadow: 0 0 transparent; --tw-shadow: 0 0 transparent; --tw-shadow-colored: 0 0 transparent; margin-top: 1.25em; margin-bottom: 1.25em; color: #0d0d0d; font-family: S\u00f6hne, ui-sans-serif, system-ui, -apple-system, 'Segoe UI', Roboto, Ubuntu, Cantarell, 'Noto Sans', sans-serif, 'Helvetica Neue', Arial, 'Apple Color Emoji', 'Segoe UI Emoji', 'Segoe UI Symbol', 'Noto Color Emoji'; font-size: 16px; white-space-collapse: preserve;\">HILP-is oleme p\u00fchendunud k\u00e4sit\u00f6\u00f6le ja kestvusele. Me seisame vastu kiirmoele, keskendudes j\u00e4tkusuutlikkusele ja sotsiaalsele vastutusele. Meie tooted on hoolikalt valmistatud ja loodud kestma.<\/p><p style=\"border: 0px solid #e3e3e3; --tw-border-spacing-x: 0; --tw-border-spacing-y: 0; --tw-translate-x: 0; --tw-translate-y: 0; --tw-rotate: 0; --tw-skew-x: 0; --tw-skew-y: 0; --tw-scale-x: 1; --tw-scale-y: 1; --tw-scroll-snap-strictness: proximity; --tw-ring-offset-width: 0px; --tw-ring-offset-color: #fff; --tw-ring-color: rgba(69,89,164,.5); --tw-ring-offset-shadow: 0 0 transparent; --tw-ring-shadow: 0 0 transparent; --tw-shadow: 0 0 transparent; --tw-shadow-colored: 0 0 transparent; margin-top: 1.25em; margin-bottom: 1.25em; color: #0d0d0d; font-family: S\u00f6hne, ui-sans-serif, system-ui, -apple-system, 'Segoe UI', Roboto, Ubuntu, Cantarell, 'Noto Sans', sans-serif, 'Helvetica Neue', Arial, 'Apple Color Emoji', 'Segoe UI Emoji', 'Segoe UI Symbol', 'Noto Color Emoji'; font-size: 16px; white-space-collapse: preserve;\">Trendid v\u00f5ivad tulla ja minna, seet\u00f5ttu usume ajatutesse klassikalistesse l\u00f5igetesse. Meie T-s\u00e4rgid on klassikalise l\u00f5ikega, mida meie kogukond hindab, aeg-ajalt teeme v\u00e4ikeseid muudatusi vastavalt klientide tagasisidele.<\/p><\/div><div><strong><span style=\"color: var( --e-global-color-text ); font-family: var( --e-global-typography-text-font-family ), Sans-serif; text-align: var(--text-align);\">Missioon\u00a0<\/span><\/strong><\/div><div><span style=\"color: var( --e-global-color-text ); font-family: var( --e-global-typography-text-font-family ), Sans-serif; font-weight: var( --e-global-typography-text-font-weight ); text-align: var(--text-align);\">\u00a0<\/span><\/div><div><span style=\"color: #0d0d0d; font-family: S\u00f6hne, ui-sans-serif, system-ui, -apple-system, 'Segoe UI', Roboto, Ubuntu, Cantarell, 'Noto Sans', sans-serif, 'Helvetica Neue', Arial, 'Apple Color Emoji', 'Segoe UI Emoji', 'Segoe UI Symbol', 'Noto Color Emoji'; font-size: 16px; white-space-collapse: preserve; font-weight: var( --e-global-typography-text-font-weight ); text-align: var(--text-align);\">HILP-is on meie missioon lihtne: me soovime muuta moe oma klientide jaoks l\u00f5busaks ja r\u00f5\u00f5msaks, samal ajal j\u00e4lgides meie m\u00f5ju planeedile. Me oleme p\u00fchendunud oma \u00e4ri kasvatamisele ja kasumi teenimisele, kuid mitte keskkonna v\u00f5i t\u00f6\u00f6tajate \u00f5iglase kohtlemise arvelt.<\/span><\/div><div><p style=\"border: 0px solid #e3e3e3; --tw-border-spacing-x: 0; --tw-border-spacing-y: 0; --tw-translate-x: 0; --tw-translate-y: 0; --tw-rotate: 0; --tw-skew-x: 0; --tw-skew-y: 0; --tw-scale-x: 1; --tw-scale-y: 1; --tw-scroll-snap-strictness: proximity; --tw-ring-offset-width: 0px; --tw-ring-offset-color: #fff; --tw-ring-color: rgba(69,89,164,.5); --tw-ring-offset-shadow: 0 0 transparent; --tw-ring-shadow: 0 0 transparent; --tw-shadow: 0 0 transparent; --tw-shadow-colored: 0 0 transparent; margin-top: 1.25em; margin-bottom: 1.25em; color: #0d0d0d; font-family: S\u00f6hne, ui-sans-serif, system-ui, -apple-system, 'Segoe UI', Roboto, Ubuntu, Cantarell, 'Noto Sans', sans-serif, 'Helvetica Neue', Arial, 'Apple Color Emoji', 'Segoe UI Emoji', 'Segoe UI Symbol', 'Noto Color Emoji'; font-size: 16px; white-space-collapse: preserve;\">Meie kujundame ja valmistame riideid, mis panevad inimesed ennast h\u00e4sti tundma, kasutades k\u00f5ige mugavamaid ja pehmemaid kangaid igap\u00e4evaseks kandmiseks. K\u00f5ik, mida me loome, on tehtud vastupidavaks.<\/p><p style=\"border: 0px solid #e3e3e3; --tw-border-spacing-x: 0; --tw-border-spacing-y: 0; --tw-translate-x: 0; --tw-translate-y: 0; --tw-rotate: 0; --tw-skew-x: 0; --tw-skew-y: 0; --tw-scale-x: 1; --tw-scale-y: 1; --tw-scroll-snap-strictness: proximity; --tw-ring-offset-width: 0px; --tw-ring-offset-color: #fff; --tw-ring-color: rgba(69,89,164,.5); --tw-ring-offset-shadow: 0 0 transparent; --tw-ring-shadow: 0 0 transparent; --tw-shadow: 0 0 transparent; --tw-shadow-colored: 0 0 transparent; margin-top: 1.25em; margin-bottom: 1.25em; color: #0d0d0d; font-family: S\u00f6hne, ui-sans-serif, system-ui, -apple-system, 'Segoe UI', Roboto, Ubuntu, Cantarell, 'Noto Sans', sans-serif, 'Helvetica Neue', Arial, 'Apple Color Emoji', 'Segoe UI Emoji', 'Segoe UI Symbol', 'Noto Color Emoji'; font-size: 16px; white-space-collapse: preserve;\">Meie keskkonnam\u00f5ju minimeerimiseks ja \u00f5iglaste t\u00f6\u00f6tingimuste tagamiseks toodame oma riideid oma stuudios Eestis. Iga protsessi sammu kontrollides saame keskenduda j\u00e4\u00e4tmete v\u00e4hendamisele ja inimeste austavale kohtlemisele.<\/p><p style=\"border: 0px solid #e3e3e3; --tw-border-spacing-x: 0; --tw-border-spacing-y: 0; --tw-translate-x: 0; --tw-translate-y: 0; --tw-rotate: 0; --tw-skew-x: 0; --tw-skew-y: 0; --tw-scale-x: 1; --tw-scale-y: 1; --tw-scroll-snap-strictness: proximity; --tw-ring-offset-width: 0px; --tw-ring-offset-color: #fff; --tw-ring-color: rgba(69,89,164,.5); --tw-ring-offset-shadow: 0 0 transparent; --tw-ring-shadow: 0 0 transparent; --tw-shadow: 0 0 transparent; --tw-shadow-colored: 0 0 transparent; margin-top: 1.25em; margin-bottom: 1.25em; color: #0d0d0d; font-family: S\u00f6hne, ui-sans-serif, system-ui, -apple-system, 'Segoe UI', Roboto, Ubuntu, Cantarell, 'Noto Sans', sans-serif, 'Helvetica Neue', Arial, 'Apple Color Emoji', 'Segoe UI Emoji', 'Segoe UI Symbol', 'Noto Color Emoji'; font-size: 16px; white-space-collapse: preserve;\">Meie eesm\u00e4rk on lihtne: luua moekunsti, mis toob r\u00f5\u00f5mu, kahjustamata samal ajal planeeti ega j\u00e4releandmata kvaliteedis.<\/p><\/div><\/div><div><span style=\"color: var( --e-global-color-text ); letter-spacing: 0px;\">Kui sul on k\u00fcsimusi, siis kirjuta admin@hilpdesign.com<\/span><\/div>\t\t\t\t\t\t\t\t<\/div>\n\t\t\t\t<\/div>\n\t\t\t\t<div class=\"elementor-element elementor-element-0c4a901 elementor-widget elementor-widget-image\" data-id=\"0c4a901\" data-element_type=\"widget\" data-e-type=\"widget\" data-widget_type=\"image.default\">\n\t\t\t\t<div class=\"elementor-widget-container\">\n\t\t\t\t\t\t\t\t\t\t\t\t<figure class=\"wp-caption\">\n\t\t\t\t\t\t\t\t\t\t<img fetchpriority=\"high\" decoding=\"async\" width=\"980\" height=\"980\" src=\"https:\/\/hilpdesign.com\/wp-content\/uploads\/2023\/12\/pink_laama_hoodie1-1024x1024.jpg\" class=\"attachment-large size-large wp-image-20636\" alt=\"\" srcset=\"https:\/\/hilpdesign.com\/wp-content\/uploads\/2023\/12\/pink_laama_hoodie1-1024x1024.jpg 1024w, https:\/\/hilpdesign.com\/wp-content\/uploads\/2023\/12\/pink_laama_hoodie1-324x324.jpg 324w, https:\/\/hilpdesign.com\/wp-content\/uploads\/2023\/12\/pink_laama_hoodie1-100x100.jpg 100w, https:\/\/hilpdesign.com\/wp-content\/uploads\/2023\/12\/pink_laama_hoodie1-800x800.jpg 800w, https:\/\/hilpdesign.com\/wp-content\/uploads\/2023\/12\/pink_laama_hoodie1-300x300.jpg 300w, https:\/\/hilpdesign.com\/wp-content\/uploads\/2023\/12\/pink_laama_hoodie1-150x150.jpg 150w, https:\/\/hilpdesign.com\/wp-content\/uploads\/2023\/12\/pink_laama_hoodie1-768x768.jpg 768w, https:\/\/hilpdesign.com\/wp-content\/uploads\/2023\/12\/pink_laama_hoodie1-1536x1536.jpg 1536w, https:\/\/hilpdesign.com\/wp-content\/uploads\/2023\/12\/pink_laama_hoodie1-12x12.jpg 12w, https:\/\/hilpdesign.com\/wp-content\/uploads\/2023\/12\/pink_laama_hoodie1-50x50.jpg 50w, https:\/\/hilpdesign.com\/wp-content\/uploads\/2023\/12\/pink_laama_hoodie1.jpg 1600w\" sizes=\"(max-width: 980px) 100vw, 980px\" \/>\t\t\t\t\t\t\t\t\t\t\t<figcaption class=\"widget-image-caption wp-caption-text\">Hilpi asutaja\/disainer K\u00e4trin<\/figcaption>\n\t\t\t\t\t\t\t\t\t\t<\/figure>\n\t\t\t\t\t\t\t\t\t<\/div>\n\t\t\t\t<\/div>\n\t\t\t\t\t<\/div>\n\t\t\t\t<\/div>\n\t\t<div class=\"elementor-element elementor-element-29979f4 e-flex e-con-boxed e-con e-parent\" data-id=\"29979f4\" data-element_type=\"container\" data-e-type=\"container\">\n\t\t\t\t\t<div class=\"e-con-inner\">\n\t\t<div class=\"elementor-element elementor-element-7ea013c e-con-full e-flex e-con e-child\" data-id=\"7ea013c\" data-element_type=\"container\" data-e-type=\"container\">\n\t\t\t\t<div class=\"elementor-element elementor-element-aec74c2 elementor-view-default elementor-position-block-start elementor-mobile-position-block-start elementor-invisible elementor-widget elementor-widget-icon-box\" data-id=\"aec74c2\" data-element_type=\"widget\" data-e-type=\"widget\" data-settings=\"{&quot;_animation&quot;:&quot;fadeInUp&quot;}\" data-widget_type=\"icon-box.default\">\n\t\t\t\t<div class=\"elementor-widget-container\">\n\t\t\t\t\t\t\t<div class=\"elementor-icon-box-wrapper\">\n\n\t\t\t\t\t\t<div class=\"elementor-icon-box-icon\">\n\t\t\t\t<span  class=\"elementor-icon\">\n\t\t\t\t<i aria-hidden=\"true\" class=\"fas fa-hand-paper\"><\/i>\t\t\t\t<\/span>\n\t\t\t<\/div>\n\t\t\t\n\t\t\t\t\t\t<div class=\"elementor-icon-box-content\">\n\n\t\t\t\t\t\t\t\t\t<h3 class=\"elementor-icon-box-title\">\n\t\t\t\t\t\t<span  >\n\t\t\t\t\t\t\tK\u00e4sitsi valmistatud tooted\t\t\t\t\t\t<\/span>\n\t\t\t\t\t<\/h3>\n\t\t\t\t\n\t\t\t\t\t\t\t\t\t<p class=\"elementor-icon-box-description\">\n\t\t\t\t\t\tK\u00f5ik aplikatsioonid (pildid toodetel) on k\u00e4sitsi v\u00e4lja l\u00f5igatud.\t\t\t\t\t<\/p>\n\t\t\t\t\n\t\t\t<\/div>\n\t\t\t\n\t\t<\/div>\n\t\t\t\t\t\t<\/div>\n\t\t\t\t<\/div>\n\t\t\t\t<\/div>\n\t\t<div class=\"elementor-element elementor-element-6d77a76 e-con-full e-flex e-con e-child\" data-id=\"6d77a76\" data-element_type=\"container\" data-e-type=\"container\">\n\t\t\t\t<div class=\"elementor-element elementor-element-0e4c213 elementor-view-default elementor-position-block-start elementor-mobile-position-block-start elementor-invisible elementor-widget elementor-widget-icon-box\" data-id=\"0e4c213\" data-element_type=\"widget\" data-e-type=\"widget\" data-settings=\"{&quot;_animation&quot;:&quot;fadeInUp&quot;,&quot;_animation_delay&quot;:300}\" data-widget_type=\"icon-box.default\">\n\t\t\t\t<div class=\"elementor-widget-container\">\n\t\t\t\t\t\t\t<div class=\"elementor-icon-box-wrapper\">\n\n\t\t\t\t\t\t<div class=\"elementor-icon-box-icon\">\n\t\t\t\t<span  class=\"elementor-icon\">\n\t\t\t\t<i aria-hidden=\"true\" class=\"fas fa-euro-sign\"><\/i>\t\t\t\t<\/span>\n\t\t\t<\/div>\n\t\t\t\n\t\t\t\t\t\t<div class=\"elementor-icon-box-content\">\n\n\t\t\t\t\t\t\t\t\t<h3 class=\"elementor-icon-box-title\">\n\t\t\t\t\t\t<span  >\n\t\t\t\t\t\t\tEestis toodetud\t\t\t\t\t\t<\/span>\n\t\t\t\t\t<\/h3>\n\t\t\t\t\n\t\t\t\t\t\t\t\t\t<p class=\"elementor-icon-box-description\">\n\t\t\t\t\t\t\u00d5mbleme pusasid ja T-s\u00e4rke Aparaaditehases, Tartus.  \t\t\t\t\t<\/p>\n\t\t\t\t\n\t\t\t<\/div>\n\t\t\t\n\t\t<\/div>\n\t\t\t\t\t\t<\/div>\n\t\t\t\t<\/div>\n\t\t\t\t<\/div>\n\t\t<div class=\"elementor-element elementor-element-5eea177 e-con-full e-flex elementor-invisible e-con e-child\" data-id=\"5eea177\" data-element_type=\"container\" data-e-type=\"container\" data-settings=\"{&quot;animation&quot;:&quot;fadeInUp&quot;,&quot;animation_delay&quot;:600}\">\n\t\t\t\t<div class=\"elementor-element elementor-element-245ac7d elementor-view-default elementor-position-block-start elementor-mobile-position-block-start elementor-widget elementor-widget-icon-box\" data-id=\"245ac7d\" data-element_type=\"widget\" data-e-type=\"widget\" data-widget_type=\"icon-box.default\">\n\t\t\t\t<div class=\"elementor-widget-container\">\n\t\t\t\t\t\t\t<div class=\"elementor-icon-box-wrapper\">\n\n\t\t\t\t\t\t<div class=\"elementor-icon-box-icon\">\n\t\t\t\t<span  class=\"elementor-icon\">\n\t\t\t\t<i aria-hidden=\"true\" class=\"fas fa-seedling\"><\/i>\t\t\t\t<\/span>\n\t\t\t<\/div>\n\t\t\t\n\t\t\t\t\t\t<div class=\"elementor-icon-box-content\">\n\n\t\t\t\t\t\t\t\t\t<h3 class=\"elementor-icon-box-title\">\n\t\t\t\t\t\t<span  >\n\t\t\t\t\t\t\t\u00d6ko-s\u00f5bralik\t\t\t\t\t\t<\/span>\n\t\t\t\t\t<\/h3>\n\t\t\t\t\n\t\t\t\t\t\t\t\t\t<p class=\"elementor-icon-box-description\">\n\t\t\t\t\t\tKasutame j\u00e4tkusuutlikke naturaalseid materjale. Meie kangad ei sisalda m\u00fcrgiseid kemikaale ja on nahas\u00f5bralikud. \t\t\t\t\t<\/p>\n\t\t\t\t\n\t\t\t<\/div>\n\t\t\t\n\t\t<\/div>\n\t\t\t\t\t\t<\/div>\n\t\t\t\t<\/div>\n\t\t\t\t<\/div>\n\t\t\t\t\t<\/div>\n\t\t\t\t<\/div>\n\t\t<div class=\"elementor-element elementor-element-b68b530 e-flex e-con-boxed e-con e-parent\" data-id=\"b68b530\" data-element_type=\"container\" data-e-type=\"container\">\n\t\t\t\t\t<div class=\"e-con-inner\">\n\t\t<div class=\"elementor-element elementor-element-d2e265c e-con-full e-flex e-con e-child\" data-id=\"d2e265c\" data-element_type=\"container\" data-e-type=\"container\">\n\t\t\t\t<div class=\"elementor-element elementor-element-9d2c715 elementor-widget elementor-widget-google_maps\" data-id=\"9d2c715\" data-element_type=\"widget\" data-e-type=\"widget\" data-widget_type=\"google_maps.default\">\n\t\t\t\t<div class=\"elementor-widget-container\">\n\t\t\t\t\t\t\t<div class=\"elementor-custom-embed\">\n\t\t\t<iframe loading=\"lazy\"\n\t\t\t\t\tsrc=\"https:\/\/maps.google.com\/maps?q=aparraditehas%2C%20kastani%2042%2C%20tartu&#038;t=m&#038;z=16&#038;output=embed&#038;iwloc=near\"\n\t\t\t\t\ttitle=\"aparraditehas, kastani 42, tartu\"\n\t\t\t\t\taria-label=\"aparraditehas, kastani 42, tartu\"\n\t\t\t><\/iframe>\n\t\t<\/div>\n\t\t\t\t\t\t<\/div>\n\t\t\t\t<\/div>\n\t\t\t\t<\/div>\n\t\t\t\t\t<\/div>\n\t\t\t\t<\/div>\n\t\t\t\t<\/div>","protected":false},"excerpt":{"rendered":"<p>Our story begins with K\u00e4trin Avarmaa, who founded HILP from humble beginnings of crafting appliques from old t-shirts. Inspired by streetwear and the diverse array of individuals around us, we embarked on a journey to create something truly unique. As time passed, families began to embrace the idea of matching outfits, and we expanded our [&hellip;]<\/p>\n","protected":false},"author":1,"featured_media":0,"parent":0,"menu_order":0,"comment_status":"closed","ping_status":"closed","template":"","meta":{"footnotes":""},"class_list":["post-119","page","type-page","status-publish","hentry"],"yoast_head":"<!-- This site is optimized with the Yoast SEO plugin v27.3 - https:\/\/yoast.com\/product\/yoast-seo-wordpress\/ -->\n<title>About - Hilp | Our story<\/title>\n<meta name=\"description\" content=\"We offer eco-friendly casualwear for adults and kids. Our sweatshirts and t-shirts are made from OEKO-TEX 100 certified fabric, which is ideal for kids and people with sensitive skin.\" \/>\n<meta name=\"robots\" content=\"index, follow, max-snippet:-1, max-image-preview:large, max-video-preview:-1\" \/>\n<link rel=\"canonical\" href=\"https:\/\/hilpdesign.com\/et\/about-us-hilp\/\" \/>\n<meta property=\"og:locale\" content=\"et_EE\" \/>\n<meta property=\"og:type\" content=\"article\" \/>\n<meta property=\"og:title\" content=\"About - Hilp | Our story\" \/>\n<meta property=\"og:description\" content=\"We offer eco-friendly casualwear for adults and kids. Our sweatshirts and t-shirts are made from OEKO-TEX 100 certified fabric, which is ideal for kids and people with sensitive skin.\" \/>\n<meta property=\"og:url\" content=\"https:\/\/hilpdesign.com\/et\/about-us-hilp\/\" \/>\n<meta property=\"og:site_name\" content=\"Hilp\" \/>\n<meta property=\"article:publisher\" content=\"https:\/\/www.facebook.com\/HilpDesign\" \/>\n<meta property=\"article:modified_time\" content=\"2024-02-21T13:51:06+00:00\" \/>\n<meta property=\"og:image\" content=\"https:\/\/hilpdesign.com\/wp-content\/uploads\/2023\/12\/pink_laama_hoodie1-1024x1024.jpg\" \/>\n<meta name=\"twitter:card\" content=\"summary_large_image\" \/>\n<meta name=\"twitter:label1\" content=\"Est. reading time\" \/>\n\t<meta name=\"twitter:data1\" content=\"2 minutit\" \/>\n<script type=\"application\/ld+json\" class=\"yoast-schema-graph\">{\"@context\":\"https:\\\/\\\/schema.org\",\"@graph\":[{\"@type\":\"WebPage\",\"@id\":\"https:\\\/\\\/hilpdesign.com\\\/about-us-hilp\\\/\",\"url\":\"https:\\\/\\\/hilpdesign.com\\\/about-us-hilp\\\/\",\"name\":\"About - Hilp | Our story\",\"isPartOf\":{\"@id\":\"https:\\\/\\\/hilpdesign.com\\\/#website\"},\"primaryImageOfPage\":{\"@id\":\"https:\\\/\\\/hilpdesign.com\\\/about-us-hilp\\\/#primaryimage\"},\"image\":{\"@id\":\"https:\\\/\\\/hilpdesign.com\\\/about-us-hilp\\\/#primaryimage\"},\"thumbnailUrl\":\"https:\\\/\\\/hilpdesign.com\\\/wp-content\\\/uploads\\\/2023\\\/12\\\/pink_laama_hoodie1-1024x1024.jpg\",\"datePublished\":\"2022-09-13T11:18:39+00:00\",\"dateModified\":\"2024-02-21T13:51:06+00:00\",\"description\":\"We offer eco-friendly casualwear for adults and kids. Our sweatshirts and t-shirts are made from OEKO-TEX 100 certified fabric, which is ideal for kids and people with sensitive skin.\",\"breadcrumb\":{\"@id\":\"https:\\\/\\\/hilpdesign.com\\\/about-us-hilp\\\/#breadcrumb\"},\"inLanguage\":\"et\",\"potentialAction\":[{\"@type\":\"ReadAction\",\"target\":[\"https:\\\/\\\/hilpdesign.com\\\/about-us-hilp\\\/\"]}]},{\"@type\":\"ImageObject\",\"inLanguage\":\"et\",\"@id\":\"https:\\\/\\\/hilpdesign.com\\\/about-us-hilp\\\/#primaryimage\",\"url\":\"https:\\\/\\\/hilpdesign.com\\\/wp-content\\\/uploads\\\/2023\\\/12\\\/pink_laama_hoodie1-1024x1024.jpg\",\"contentUrl\":\"https:\\\/\\\/hilpdesign.com\\\/wp-content\\\/uploads\\\/2023\\\/12\\\/pink_laama_hoodie1-1024x1024.jpg\"},{\"@type\":\"BreadcrumbList\",\"@id\":\"https:\\\/\\\/hilpdesign.com\\\/about-us-hilp\\\/#breadcrumb\",\"itemListElement\":[{\"@type\":\"ListItem\",\"position\":1,\"name\":\"Home\",\"item\":\"https:\\\/\\\/hilpdesign.com\\\/\"},{\"@type\":\"ListItem\",\"position\":2,\"name\":\"About\"}]},{\"@type\":\"WebSite\",\"@id\":\"https:\\\/\\\/hilpdesign.com\\\/#website\",\"url\":\"https:\\\/\\\/hilpdesign.com\\\/\",\"name\":\"Hilp\",\"description\":\"Sustainable wear for kids &amp; adults\",\"publisher\":{\"@id\":\"https:\\\/\\\/hilpdesign.com\\\/#organization\"},\"alternateName\":\"Hilpdesign\",\"potentialAction\":[{\"@type\":\"SearchAction\",\"target\":{\"@type\":\"EntryPoint\",\"urlTemplate\":\"https:\\\/\\\/hilpdesign.com\\\/?s={search_term_string}\"},\"query-input\":{\"@type\":\"PropertyValueSpecification\",\"valueRequired\":true,\"valueName\":\"search_term_string\"}}],\"inLanguage\":\"et\"},{\"@type\":\"Organization\",\"@id\":\"https:\\\/\\\/hilpdesign.com\\\/#organization\",\"name\":\"Hilpdesign O\u00dc\",\"url\":\"https:\\\/\\\/hilpdesign.com\\\/\",\"logo\":{\"@type\":\"ImageObject\",\"inLanguage\":\"et\",\"@id\":\"https:\\\/\\\/hilpdesign.com\\\/#\\\/schema\\\/logo\\\/image\\\/\",\"url\":\"https:\\\/\\\/hilpdesign.com\\\/wp-content\\\/uploads\\\/2023\\\/03\\\/logo_viimane.png\",\"contentUrl\":\"https:\\\/\\\/hilpdesign.com\\\/wp-content\\\/uploads\\\/2023\\\/03\\\/logo_viimane.png\",\"width\":205,\"height\":112,\"caption\":\"Hilpdesign O\u00dc\"},\"image\":{\"@id\":\"https:\\\/\\\/hilpdesign.com\\\/#\\\/schema\\\/logo\\\/image\\\/\"},\"sameAs\":[\"https:\\\/\\\/www.facebook.com\\\/HilpDesign\",\"https:\\\/\\\/www.instagram.com\\\/hilpfashion\\\/\"]}]}<\/script>\n<!-- \/ Yoast SEO plugin. -->","yoast_head_json":{"title":"About - Hilp | Our story","description":"We offer eco-friendly casualwear for adults and kids. Our sweatshirts and t-shirts are made from OEKO-TEX 100 certified fabric, which is ideal for kids and people with sensitive skin.","robots":{"index":"index","follow":"follow","max-snippet":"max-snippet:-1","max-image-preview":"max-image-preview:large","max-video-preview":"max-video-preview:-1"},"canonical":"https:\/\/hilpdesign.com\/et\/about-us-hilp\/","og_locale":"et_EE","og_type":"article","og_title":"About - Hilp | Our story","og_description":"We offer eco-friendly casualwear for adults and kids. Our sweatshirts and t-shirts are made from OEKO-TEX 100 certified fabric, which is ideal for kids and people with sensitive skin.","og_url":"https:\/\/hilpdesign.com\/et\/about-us-hilp\/","og_site_name":"Hilp","article_publisher":"https:\/\/www.facebook.com\/HilpDesign","article_modified_time":"2024-02-21T13:51:06+00:00","og_image":[{"url":"https:\/\/hilpdesign.com\/wp-content\/uploads\/2023\/12\/pink_laama_hoodie1-1024x1024.jpg","type":"","width":"","height":""}],"twitter_card":"summary_large_image","twitter_misc":{"Est. reading time":"2 minutit"},"schema":{"@context":"https:\/\/schema.org","@graph":[{"@type":"WebPage","@id":"https:\/\/hilpdesign.com\/about-us-hilp\/","url":"https:\/\/hilpdesign.com\/about-us-hilp\/","name":"About - Hilp | Our story","isPartOf":{"@id":"https:\/\/hilpdesign.com\/#website"},"primaryImageOfPage":{"@id":"https:\/\/hilpdesign.com\/about-us-hilp\/#primaryimage"},"image":{"@id":"https:\/\/hilpdesign.com\/about-us-hilp\/#primaryimage"},"thumbnailUrl":"https:\/\/hilpdesign.com\/wp-content\/uploads\/2023\/12\/pink_laama_hoodie1-1024x1024.jpg","datePublished":"2022-09-13T11:18:39+00:00","dateModified":"2024-02-21T13:51:06+00:00","description":"We offer eco-friendly casualwear for adults and kids. Our sweatshirts and t-shirts are made from OEKO-TEX 100 certified fabric, which is ideal for kids and people with sensitive skin.","breadcrumb":{"@id":"https:\/\/hilpdesign.com\/about-us-hilp\/#breadcrumb"},"inLanguage":"et","potentialAction":[{"@type":"ReadAction","target":["https:\/\/hilpdesign.com\/about-us-hilp\/"]}]},{"@type":"ImageObject","inLanguage":"et","@id":"https:\/\/hilpdesign.com\/about-us-hilp\/#primaryimage","url":"https:\/\/hilpdesign.com\/wp-content\/uploads\/2023\/12\/pink_laama_hoodie1-1024x1024.jpg","contentUrl":"https:\/\/hilpdesign.com\/wp-content\/uploads\/2023\/12\/pink_laama_hoodie1-1024x1024.jpg"},{"@type":"BreadcrumbList","@id":"https:\/\/hilpdesign.com\/about-us-hilp\/#breadcrumb","itemListElement":[{"@type":"ListItem","position":1,"name":"Home","item":"https:\/\/hilpdesign.com\/"},{"@type":"ListItem","position":2,"name":"About"}]},{"@type":"WebSite","@id":"https:\/\/hilpdesign.com\/#website","url":"https:\/\/hilpdesign.com\/","name":"Hilp","description":"Sustainable wear for kids &amp; adults","publisher":{"@id":"https:\/\/hilpdesign.com\/#organization"},"alternateName":"Hilpdesign","potentialAction":[{"@type":"SearchAction","target":{"@type":"EntryPoint","urlTemplate":"https:\/\/hilpdesign.com\/?s={search_term_string}"},"query-input":{"@type":"PropertyValueSpecification","valueRequired":true,"valueName":"search_term_string"}}],"inLanguage":"et"},{"@type":"Organization","@id":"https:\/\/hilpdesign.com\/#organization","name":"Hilpdesign O\u00dc","url":"https:\/\/hilpdesign.com\/","logo":{"@type":"ImageObject","inLanguage":"et","@id":"https:\/\/hilpdesign.com\/#\/schema\/logo\/image\/","url":"https:\/\/hilpdesign.com\/wp-content\/uploads\/2023\/03\/logo_viimane.png","contentUrl":"https:\/\/hilpdesign.com\/wp-content\/uploads\/2023\/03\/logo_viimane.png","width":205,"height":112,"caption":"Hilpdesign O\u00dc"},"image":{"@id":"https:\/\/hilpdesign.com\/#\/schema\/logo\/image\/"},"sameAs":["https:\/\/www.facebook.com\/HilpDesign","https:\/\/www.instagram.com\/hilpfashion\/"]}]}},"_links":{"self":[{"href":"https:\/\/hilpdesign.com\/et\/wp-json\/wp\/v2\/pages\/119","targetHints":{"allow":["GET"]}}],"collection":[{"href":"https:\/\/hilpdesign.com\/et\/wp-json\/wp\/v2\/pages"}],"about":[{"href":"https:\/\/hilpdesign.com\/et\/wp-json\/wp\/v2\/types\/page"}],"author":[{"embeddable":true,"href":"https:\/\/hilpdesign.com\/et\/wp-json\/wp\/v2\/users\/1"}],"replies":[{"embeddable":true,"href":"https:\/\/hilpdesign.com\/et\/wp-json\/wp\/v2\/comments?post=119"}],"version-history":[{"count":0,"href":"https:\/\/hilpdesign.com\/et\/wp-json\/wp\/v2\/pages\/119\/revisions"}],"wp:attachment":[{"href":"https:\/\/hilpdesign.com\/et\/wp-json\/wp\/v2\/media?parent=119"}],"curies":[{"name":"wp","href":"https:\/\/api.w.org\/{rel}","templated":true}]}}