{"id":16,"date":"2022-03-20T07:26:06","date_gmt":"2022-03-20T05:26:06","guid":{"rendered":"http:\/\/box5388\/cgi\/addon_GT.cgi?s=GT::WP::Install::EIG+%28hilpfash%29+-+10.24.48.82+%5BWordpress%3b+\/var\/hp\/common\/lib\/Wordpress.pm%3b+543%3b+Hosting::gap_call%5D\/?page_id=3"},"modified":"2023-03-30T17:23:38","modified_gmt":"2023-03-30T14:23:38","slug":"privacy-policy","status":"publish","type":"page","link":"https:\/\/hilpdesign.com\/et\/privacy-policy\/","title":{"rendered":"Privaatsuspoliitika"},"content":{"rendered":"<div data-elementor-type=\"wp-page\" data-elementor-id=\"16\" class=\"elementor elementor-16\" data-elementor-post-type=\"page\">\n\t\t\t\t\t\t<section class=\"elementor-section elementor-top-section elementor-element elementor-element-c8f0dfe elementor-section-boxed elementor-section-height-default elementor-section-height-default\" data-id=\"c8f0dfe\" data-element_type=\"section\" data-e-type=\"section\">\n\t\t\t\t\t\t<div class=\"elementor-container elementor-column-gap-default\">\n\t\t\t\t\t<div class=\"elementor-column elementor-col-100 elementor-top-column elementor-element elementor-element-a1ae90a\" data-id=\"a1ae90a\" data-element_type=\"column\" data-e-type=\"column\">\n\t\t\t<div class=\"elementor-widget-wrap elementor-element-populated\">\n\t\t\t\t\t\t<div class=\"elementor-element elementor-element-8922f0e elementor-widget elementor-widget-text-editor\" data-id=\"8922f0e\" data-element_type=\"widget\" data-e-type=\"widget\" data-widget_type=\"text-editor.default\">\n\t\t\t\t<div class=\"elementor-widget-container\">\n\t\t\t\t\t\t\t\t\t<p><b style=\"color: var( --e-global-color-text );\">Kes on kasutajate isikuandmete vastutav t\u00f6\u00f6tleja?<br><\/b><span style=\"color: var( --e-global-color-text );\">Isikuandmete vastutav t\u00f6\u00f6tleja on Hilpdesign O\u00dc (Eesti, Tartu, Kastani 42, 50410, admin@hilpdesign.com, registrikood 12812045).<\/span><\/p>\n<p><span style=\"color: var( --e-global-color-text );\"><b>K\u00fcpsised<br><\/b><\/span><span style=\"color: var( --e-global-color-text );\">Kasutame k\u00fcpsiste ja j\u00e4lgimistehnoloogia (Google Analytics) kaudu automaatselt kogutud teavet, et: oma teenust isikup\u00e4rastada, kohandatud reklaame pakkuda, kolmanda osapoole turundustegevuste t\u00f5husust anal\u00fc\u00fcsida, saidi koondkasutusm\u00f5\u00f5dikuid (nt k\u00fclastajate arv) j\u00e4lgida ja teie sisestusi j\u00e4lgida.&nbsp;<\/span><\/p>\n<p><span style=\"color: var( --e-global-color-text );\">Saidil kasutatakse j\u00e4rgmist t\u00fc\u00fcpi k\u00fcpsiseid:&nbsp;<\/span><\/p>\n<p><span style=\"color: var( --e-global-color-text ); font-weight: 600;\">h\u00e4davajalikud\/olulised k\u00fcpsised<\/span><span style=\"color: var( --e-global-color-text );\">&nbsp;\u2013 Need k\u00fcpsised on olulised, et saaksite veebisaidil ringi liikuda ja kasutada selle funktsioone, n\u00e4iteks juurdep\u00e4\u00e4su veebisaidi turvalistele aladele. Ilma nende k\u00fcpsisteta ei saa teie soovitud teenuseid pakkuda. Need k\u00fcpsised ei kogu k\u00fclastajat tuvastavat teavet.<\/span><\/p>\n<p><span style=\"color: var( --e-global-color-text ); font-weight: 600;\">j\u00f5udlusk\u00fcpsised<\/span><span style=\"color: var( --e-global-color-text );\">&nbsp;\u2013 Need k\u00fcpsised koguvad teavet selle kohta, kuidas k\u00fclastajad veebisaiti kasutavad, n\u00e4iteks milliseid lehti k\u00fclastavad k\u00fclastajad k\u00f5ige sagedamini ja kas nad saavad veebilehtedelt veateateid. Need k\u00fcpsised ei kogu k\u00fclastajat tuvastavat teavet. Kogu teave, mida need k\u00fcpsised koguvad, on koondatud ja seega anon\u00fc\u00fcmsed. Seda kasutatakse ainult veebisaidi toimimise parandamiseks.<\/span><\/p>\n<p><span style=\"color: var( --e-global-color-text ); font-weight: 600;\">funktsionaalsuse k\u00fcpsised<\/span><span style=\"color: var( --e-global-color-text );\">&nbsp;\u2013 Need k\u00fcpsised v\u00f5imaldavad veebisaidil meeles pidada teie tehtud valikuid (nt teie kasutajanimi, keel v\u00f5i piirkond, kus viibite) ja pakkuda t\u00e4iustatud ja isikup\u00e4rasemaid funktsioone. N\u00e4iteks v\u00f5ib veebisait pakkuda teile kohalikke ilmateateid v\u00f5i liiklusuudiseid, salvestades k\u00fcpsisesse piirkonna, kus te praegu asute. Neid k\u00fcpsiseid saab kasutada ka teksti suuruses, fontides ja muudes kohandatavates veebilehtede osades tehtud muudatuste meeldej\u00e4tmiseks. Neid v\u00f5idakse kasutada ka teie soovitud teenuste pakkumiseks, n\u00e4iteks video vaatamiseks v\u00f5i ajaveebi kommenteerimiseks. Nende k\u00fcpsiste kogutav teave v\u00f5ib olla anon\u00fc\u00fcmne ja nad ei saa j\u00e4lgida teie sirvimistegevust teistel veebisaitidel.<\/span><\/p>\n<div>\n<p><span style=\"color: var( --e-global-color-text );\"><b>Kellega me jagame teie andmeid?<br><\/b><\/span><span style=\"color: var( --e-global-color-text );\">Hilpdesign O\u00dc vastutab isikuandmete t\u00f6\u00f6tlemise eest. Hilpdesign O\u00dc edastab isikuandmed maksete t\u00f6\u00f6tlemise eesm\u00e4rgil ESTO AS-ile. Kliendiga s\u00f5lmitud lepingu t\u00e4itmiseks edastame oma \u00e4ripartneritele isikuandmeid, sealhulgas:&nbsp;<br><\/span><span style=\"color: var( --e-global-color-text );\"><br><\/span><\/p><p><span style=\"color: var( --e-global-color-text );\">1.<\/span><span style=\"color: initial;\">&nbsp;<\/span><span style=\"color: var( --e-global-color-text );\">Makse t\u00f6\u00f6tlemiseks edastame makseinfo (nimi, isikukood v\u00f5i registrikood, konto number, summa, makseandmed, viitenumber jne) pangalingi kaudu vastavale teenusepakkujale, kelleks hetkel on ESTO AS.<br><\/span><span style=\"color: var( --e-global-color-text );\">2. Tarnimise eesm\u00e4rgil edastame kliendi kontaktandmed (nimi, telefoninumber, e-posti aadress, postiaadress) kliendi poolt valitud transporditeenuse pakkujale.&nbsp;<br><\/span><span style=\"color: var( --e-global-color-text );\">3. Vajadusel v\u00f5ime andmeid edastada \u00f5igusteenuse pakkujale.&nbsp;<br><\/span><span style=\"color: var( --e-global-color-text );\">4. Isikuandmeid v\u00f5idakse edastada meie \u00e4ripartneritele meie seadusandlike kohustuste t\u00e4itmiseks v\u00f5i meie \u00f5iguste kasutamiseks, sealhulgas: raamatupidamiskohustuste t\u00e4itmiseks edastame isikuandmeid asjakohastele teenusepakkuja(te)le.<br><\/span><span style=\"color: var( --e-global-color-text );\">5. Kolmandad isikud, kellele me isikuandmeid edastame, v\u00f5ivad neid andmeid kasutada ja t\u00f6\u00f6delda ainult meie privaatsuspoliitikas m\u00e4rgitud eesm\u00e4rkidel ning on kohustatud tagama, et isikuandmete t\u00f6\u00f6tlemisel kasutatakse asjakohaseid turvam\u00f5\u00f5tmisi.<\/span><\/p>\n<p><b>Millised \u00f5igused teil oma andmete \u00fcle on?<br><\/b><span style=\"color: var( --e-global-color-text );\">V\u00f5ite taotleda eksporditud faili meie valduses olevatest isikuandmetest, sealhulgas k\u00f5igist andmetest, mille olete meile esitanud. Samuti v\u00f5ite taotleda, et kustutaksime k\u00f5ik teie kohta s\u00e4ilitatavad isikuandmed. See ei h\u00f5lma andmeid, mida oleme kohustatud s\u00e4ilitama haldus-, \u00f5igus- v\u00f5i turvaeesm\u00e4rkidel. Info saamiseks ja oma isikuandmete kontrollimiseks tuleb kliendil saata kirjalik avaldus aadressile admin@hilpdesign.com.&nbsp;<\/span><\/p>\n<p><span style=\"color: var( --e-global-color-text );\"><b>Turvalisus<br><\/b><\/span><span style=\"color: var( --e-global-color-text );\">Vastutavale t\u00f6\u00f6tlejale edastatud isikuandmeid kaitstakse ja k\u00e4sitletakse konfidentsiaalse teabena. Andmeside kliendi ja pankade ning kaardimaksekeskuse vahel on kr\u00fcpteeritud. Meil puudub juurdep\u00e4\u00e4s klientide konfidentsiaalsetele panga- ja maksekaardin\u00f5uetele.&nbsp;<\/span><\/p>\n<p><span style=\"color: var( --e-global-color-text );\"><b>Kui kaua me teie andmeid s\u00e4ilitame?<\/b><br>Kliendi isikuandmete s\u00e4ilitamise t\u00e4htaeg on viis aastat alates viimasest ostust.<\/span><\/p>\n<\/div>\t\t\t\t\t\t\t\t<\/div>\n\t\t\t\t<\/div>\n\t\t\t\t\t<\/div>\n\t\t<\/div>\n\t\t\t\t\t<\/div>\n\t\t<\/section>\n\t\t\t\t<\/div>","protected":false},"excerpt":{"rendered":"<p>Who is the data controller of users personal data?The controller of personal data is Hilpdesign O\u00dc&nbsp;&nbsp;(Estonia, Tartu, Kastani 42, 50410, admin@https:\/\/hilpdesign.com\/wp-content\/uploads\/2023\/01\/scootering_fox_sweathisrt_women_dark_red-1.jpgdesign.com, registry code 12812045). CookiesWe use automatically collected information through cookies and tracking technology (Google Analytics) to: personalise our Service,&nbsp;provide customised advertisements,&nbsp;analyze the effectiveness of third-party marketing activities,&nbsp;monitor aggregate site usage metrics such as number [&hellip;]<\/p>\n","protected":false},"author":1,"featured_media":0,"parent":0,"menu_order":0,"comment_status":"closed","ping_status":"closed","template":"","meta":{"footnotes":""},"class_list":["post-16","page","type-page","status-publish","hentry"],"yoast_head":"<!-- This site is optimized with the Yoast SEO plugin v27.3 - https:\/\/yoast.com\/product\/yoast-seo-wordpress\/ -->\n<title>Privacy Policy - Hilp<\/title>\n<meta name=\"robots\" content=\"index, follow, max-snippet:-1, max-image-preview:large, max-video-preview:-1\" \/>\n<link rel=\"canonical\" href=\"https:\/\/hilpdesign.com\/et\/privacy-policy\/\" \/>\n<meta property=\"og:locale\" content=\"et_EE\" \/>\n<meta property=\"og:type\" content=\"article\" \/>\n<meta property=\"og:title\" content=\"Privacy Policy - Hilp\" \/>\n<meta property=\"og:description\" content=\"Who is the data controller of users personal data?The controller of personal data is Hilpdesign O\u00dc&nbsp;&nbsp;(Estonia, Tartu, Kastani 42, 50410, admin@https:\/\/hilpdesign.com\/wp-content\/uploads\/2023\/01\/scootering_fox_sweathisrt_women_dark_red-1.jpgdesign.com, registry code 12812045). CookiesWe use automatically collected information through cookies and tracking technology (Google Analytics) to: personalise our Service,&nbsp;provide customised advertisements,&nbsp;analyze the effectiveness of third-party marketing activities,&nbsp;monitor aggregate site usage metrics such as number [&hellip;]\" \/>\n<meta property=\"og:url\" content=\"https:\/\/hilpdesign.com\/et\/privacy-policy\/\" \/>\n<meta property=\"og:site_name\" content=\"Hilp\" \/>\n<meta property=\"article:publisher\" content=\"https:\/\/www.facebook.com\/HilpDesign\" \/>\n<meta property=\"article:modified_time\" content=\"2023-03-30T14:23:38+00:00\" \/>\n<meta property=\"og:image\" content=\"https:\/\/hilpdesign.com\/wp-content\/uploads\/2023\/03\/hilp_logo_mustal.jpg\" \/>\n\t<meta property=\"og:image:width\" content=\"1477\" \/>\n\t<meta property=\"og:image:height\" content=\"1477\" \/>\n\t<meta property=\"og:image:type\" content=\"image\/jpeg\" \/>\n<meta name=\"twitter:card\" content=\"summary_large_image\" \/>\n<meta name=\"twitter:label1\" content=\"Est. reading time\" \/>\n\t<meta name=\"twitter:data1\" content=\"3 minutit\" \/>\n<script type=\"application\/ld+json\" class=\"yoast-schema-graph\">{\"@context\":\"https:\\\/\\\/schema.org\",\"@graph\":[{\"@type\":\"WebPage\",\"@id\":\"https:\\\/\\\/hilpdesign.com\\\/et\\\/privacy-policy\\\/\",\"url\":\"https:\\\/\\\/hilpdesign.com\\\/et\\\/privacy-policy\\\/\",\"name\":\"Privacy Policy - Hilp\",\"isPartOf\":{\"@id\":\"https:\\\/\\\/hilpdesign.com\\\/#website\"},\"datePublished\":\"2022-03-20T05:26:06+00:00\",\"dateModified\":\"2023-03-30T14:23:38+00:00\",\"breadcrumb\":{\"@id\":\"https:\\\/\\\/hilpdesign.com\\\/et\\\/privacy-policy\\\/#breadcrumb\"},\"inLanguage\":\"et\",\"potentialAction\":[{\"@type\":\"ReadAction\",\"target\":[\"https:\\\/\\\/hilpdesign.com\\\/et\\\/privacy-policy\\\/\"]}]},{\"@type\":\"BreadcrumbList\",\"@id\":\"https:\\\/\\\/hilpdesign.com\\\/et\\\/privacy-policy\\\/#breadcrumb\",\"itemListElement\":[{\"@type\":\"ListItem\",\"position\":1,\"name\":\"Home\",\"item\":\"https:\\\/\\\/hilpdesign.com\\\/\"},{\"@type\":\"ListItem\",\"position\":2,\"name\":\"Privacy Policy\"}]},{\"@type\":\"WebSite\",\"@id\":\"https:\\\/\\\/hilpdesign.com\\\/#website\",\"url\":\"https:\\\/\\\/hilpdesign.com\\\/\",\"name\":\"Hilp\",\"description\":\"Sustainable wear for kids &amp; adults\",\"publisher\":{\"@id\":\"https:\\\/\\\/hilpdesign.com\\\/#organization\"},\"alternateName\":\"Hilpdesign\",\"potentialAction\":[{\"@type\":\"SearchAction\",\"target\":{\"@type\":\"EntryPoint\",\"urlTemplate\":\"https:\\\/\\\/hilpdesign.com\\\/?s={search_term_string}\"},\"query-input\":{\"@type\":\"PropertyValueSpecification\",\"valueRequired\":true,\"valueName\":\"search_term_string\"}}],\"inLanguage\":\"et\"},{\"@type\":\"Organization\",\"@id\":\"https:\\\/\\\/hilpdesign.com\\\/#organization\",\"name\":\"Hilpdesign O\u00dc\",\"url\":\"https:\\\/\\\/hilpdesign.com\\\/\",\"logo\":{\"@type\":\"ImageObject\",\"inLanguage\":\"et\",\"@id\":\"https:\\\/\\\/hilpdesign.com\\\/#\\\/schema\\\/logo\\\/image\\\/\",\"url\":\"https:\\\/\\\/hilpdesign.com\\\/wp-content\\\/uploads\\\/2023\\\/03\\\/logo_viimane.png\",\"contentUrl\":\"https:\\\/\\\/hilpdesign.com\\\/wp-content\\\/uploads\\\/2023\\\/03\\\/logo_viimane.png\",\"width\":205,\"height\":112,\"caption\":\"Hilpdesign O\u00dc\"},\"image\":{\"@id\":\"https:\\\/\\\/hilpdesign.com\\\/#\\\/schema\\\/logo\\\/image\\\/\"},\"sameAs\":[\"https:\\\/\\\/www.facebook.com\\\/HilpDesign\",\"https:\\\/\\\/www.instagram.com\\\/hilpfashion\\\/\"]}]}<\/script>\n<!-- \/ Yoast SEO plugin. -->","yoast_head_json":{"title":"Privacy Policy - Hilp","robots":{"index":"index","follow":"follow","max-snippet":"max-snippet:-1","max-image-preview":"max-image-preview:large","max-video-preview":"max-video-preview:-1"},"canonical":"https:\/\/hilpdesign.com\/et\/privacy-policy\/","og_locale":"et_EE","og_type":"article","og_title":"Privacy Policy - Hilp","og_description":"Who is the data controller of users personal data?The controller of personal data is Hilpdesign O\u00dc&nbsp;&nbsp;(Estonia, Tartu, Kastani 42, 50410, admin@https:\/\/hilpdesign.com\/wp-content\/uploads\/2023\/01\/scootering_fox_sweathisrt_women_dark_red-1.jpgdesign.com, registry code 12812045). CookiesWe use automatically collected information through cookies and tracking technology (Google Analytics) to: personalise our Service,&nbsp;provide customised advertisements,&nbsp;analyze the effectiveness of third-party marketing activities,&nbsp;monitor aggregate site usage metrics such as number [&hellip;]","og_url":"https:\/\/hilpdesign.com\/et\/privacy-policy\/","og_site_name":"Hilp","article_publisher":"https:\/\/www.facebook.com\/HilpDesign","article_modified_time":"2023-03-30T14:23:38+00:00","og_image":[{"width":1477,"height":1477,"url":"https:\/\/hilpdesign.com\/wp-content\/uploads\/2023\/03\/hilp_logo_mustal.jpg","type":"image\/jpeg"}],"twitter_card":"summary_large_image","twitter_misc":{"Est. reading time":"3 minutit"},"schema":{"@context":"https:\/\/schema.org","@graph":[{"@type":"WebPage","@id":"https:\/\/hilpdesign.com\/et\/privacy-policy\/","url":"https:\/\/hilpdesign.com\/et\/privacy-policy\/","name":"Privacy Policy - Hilp","isPartOf":{"@id":"https:\/\/hilpdesign.com\/#website"},"datePublished":"2022-03-20T05:26:06+00:00","dateModified":"2023-03-30T14:23:38+00:00","breadcrumb":{"@id":"https:\/\/hilpdesign.com\/et\/privacy-policy\/#breadcrumb"},"inLanguage":"et","potentialAction":[{"@type":"ReadAction","target":["https:\/\/hilpdesign.com\/et\/privacy-policy\/"]}]},{"@type":"BreadcrumbList","@id":"https:\/\/hilpdesign.com\/et\/privacy-policy\/#breadcrumb","itemListElement":[{"@type":"ListItem","position":1,"name":"Home","item":"https:\/\/hilpdesign.com\/"},{"@type":"ListItem","position":2,"name":"Privacy Policy"}]},{"@type":"WebSite","@id":"https:\/\/hilpdesign.com\/#website","url":"https:\/\/hilpdesign.com\/","name":"Hilp","description":"Sustainable wear for kids &amp; adults","publisher":{"@id":"https:\/\/hilpdesign.com\/#organization"},"alternateName":"Hilpdesign","potentialAction":[{"@type":"SearchAction","target":{"@type":"EntryPoint","urlTemplate":"https:\/\/hilpdesign.com\/?s={search_term_string}"},"query-input":{"@type":"PropertyValueSpecification","valueRequired":true,"valueName":"search_term_string"}}],"inLanguage":"et"},{"@type":"Organization","@id":"https:\/\/hilpdesign.com\/#organization","name":"Hilpdesign O\u00dc","url":"https:\/\/hilpdesign.com\/","logo":{"@type":"ImageObject","inLanguage":"et","@id":"https:\/\/hilpdesign.com\/#\/schema\/logo\/image\/","url":"https:\/\/hilpdesign.com\/wp-content\/uploads\/2023\/03\/logo_viimane.png","contentUrl":"https:\/\/hilpdesign.com\/wp-content\/uploads\/2023\/03\/logo_viimane.png","width":205,"height":112,"caption":"Hilpdesign O\u00dc"},"image":{"@id":"https:\/\/hilpdesign.com\/#\/schema\/logo\/image\/"},"sameAs":["https:\/\/www.facebook.com\/HilpDesign","https:\/\/www.instagram.com\/hilpfashion\/"]}]}},"_links":{"self":[{"href":"https:\/\/hilpdesign.com\/et\/wp-json\/wp\/v2\/pages\/16","targetHints":{"allow":["GET"]}}],"collection":[{"href":"https:\/\/hilpdesign.com\/et\/wp-json\/wp\/v2\/pages"}],"about":[{"href":"https:\/\/hilpdesign.com\/et\/wp-json\/wp\/v2\/types\/page"}],"author":[{"embeddable":true,"href":"https:\/\/hilpdesign.com\/et\/wp-json\/wp\/v2\/users\/1"}],"replies":[{"embeddable":true,"href":"https:\/\/hilpdesign.com\/et\/wp-json\/wp\/v2\/comments?post=16"}],"version-history":[{"count":0,"href":"https:\/\/hilpdesign.com\/et\/wp-json\/wp\/v2\/pages\/16\/revisions"}],"wp:attachment":[{"href":"https:\/\/hilpdesign.com\/et\/wp-json\/wp\/v2\/media?parent=16"}],"curies":[{"name":"wp","href":"https:\/\/api.w.org\/{rel}","templated":true}]}}