{"id":16475,"date":"2023-03-29T10:43:06","date_gmt":"2023-03-29T07:43:06","guid":{"rendered":"https:\/\/hilpdesign.com\/kids-guide-2\/"},"modified":"2025-12-08T11:11:45","modified_gmt":"2025-12-08T09:11:45","slug":"kids-guide","status":"publish","type":"page","link":"https:\/\/hilpdesign.com\/et\/kids-guide\/","title":{"rendered":"Kids Guide"},"content":{"rendered":"<div data-elementor-type=\"wp-page\" data-elementor-id=\"16475\" class=\"elementor elementor-16475\" data-elementor-post-type=\"page\">\n\t\t\t\t\t\t<section class=\"elementor-section elementor-top-section elementor-element elementor-element-75ca0b81 elementor-section-boxed elementor-section-height-default elementor-section-height-default\" data-id=\"75ca0b81\" data-element_type=\"section\" data-e-type=\"section\">\n\t\t\t\t\t\t<div class=\"elementor-container elementor-column-gap-default\">\n\t\t\t\t\t<div class=\"elementor-column elementor-col-100 elementor-top-column elementor-element elementor-element-753aeb\" data-id=\"753aeb\" data-element_type=\"column\" data-e-type=\"column\">\n\t\t\t<div class=\"elementor-widget-wrap elementor-element-populated\">\n\t\t\t\t\t\t<div class=\"elementor-element elementor-element-2cab996c elementor-widget elementor-widget-text-editor\" data-id=\"2cab996c\" data-element_type=\"widget\" data-e-type=\"widget\" data-widget_type=\"text-editor.default\">\n\t\t\t\t<div class=\"elementor-widget-container\">\n\t\t\t\t\t\t\t\t\t<p><span style=\"color: var( --e-global-color-text );\"><span style=\"font-weight: bold;\">Laste dressipluus<\/span><\/span><\/p>\n<p>M\u00f5\u00f5dud v\u00f5ivad suurustabelist erineda kuni \u00b12 cm.<span style=\"color: var( --e-global-color-text );\"><span style=\"font-weight: bold;\"><br \/><\/span><\/span><strong><br \/><\/strong><\/p>\n<p><strong>Size 74-92<\/strong><\/p>\n<p><!-- \/wp:paragraph --><\/p>\n<p><!-- wp:table {\"hasFixedLayout\":true,\"className\":\"is-style-stripes\"} --><\/p>\n<figure>\n<table class=\"mtr-table mtr-tr-td\">\n<tbody>\n<tr>\n<td data-mtr-content=\"Size\" class=\"mtr-td-tag\"><div class=\"mtr-cell-content\">Suurus<\/div><\/td>\n<td data-mtr-content=\"\u00a0\" class=\"mtr-td-tag\"><div class=\"mtr-cell-content\">\u00a0<\/div><\/td>\n<td data-mtr-content=\"74 cm\" class=\"mtr-td-tag\"><div class=\"mtr-cell-content\">\n<p>74 cm<\/p>\n<\/div><\/td>\n<td data-mtr-content=\"80 cm(12-18m)\" class=\"mtr-td-tag\"><div class=\"mtr-cell-content\">80 cm<br>(12-18m)<\/div><\/td>\n<td data-mtr-content=\"86 cm(18-24 m)\" class=\"mtr-td-tag\"><div class=\"mtr-cell-content\">86 cm<br>(18-24 m)<\/div><\/td>\n<td data-mtr-content=\"92 cm(23\/24 m)\" class=\"mtr-td-tag\"><div class=\"mtr-cell-content\">92 cm<br>(23\/24 m)<\/div><\/td>\n<\/tr>\n<tr>\n<td data-mtr-content=\"Size\" class=\"mtr-td-tag\"><div class=\"mtr-cell-content\">Laius cm (tolli)<\/div><\/td>\n<td data-mtr-content=\"\u00a0\" class=\"mtr-td-tag\"><div class=\"mtr-cell-content\">\u00a0<\/div><\/td>\n<td data-mtr-content=\"74 cm\" class=\"mtr-td-tag\"><div class=\"mtr-cell-content\">31 (12.2)<\/div><\/td>\n<td data-mtr-content=\"80 cm(12-18m)\" class=\"mtr-td-tag\"><div class=\"mtr-cell-content\">32 (12.6)<\/div><\/td>\n<td data-mtr-content=\"86 cm(18-24 m)\" class=\"mtr-td-tag\"><div class=\"mtr-cell-content\">32.5 (12.8)<\/div><\/td>\n<td data-mtr-content=\"92 cm(23\/24 m)\" class=\"mtr-td-tag\"><div class=\"mtr-cell-content\">33 (13)<\/div><\/td>\n<\/tr>\n<tr>\n<td data-mtr-content=\"Size\" class=\"mtr-td-tag\"><div class=\"mtr-cell-content\">Pikkus cm (tolli)<\/div><\/td>\n<td data-mtr-content=\"\u00a0\" class=\"mtr-td-tag\"><div class=\"mtr-cell-content\">\u00a0<\/div><\/td>\n<td data-mtr-content=\"74 cm\" class=\"mtr-td-tag\"><div class=\"mtr-cell-content\">33 (13)<\/div><\/td>\n<td data-mtr-content=\"80 cm(12-18m)\" class=\"mtr-td-tag\"><div class=\"mtr-cell-content\">35 (13.8)<\/div><\/td>\n<td data-mtr-content=\"86 cm(18-24 m)\" class=\"mtr-td-tag\"><div class=\"mtr-cell-content\">37 (14.6)<\/div><\/td>\n<td data-mtr-content=\"92 cm(23\/24 m)\" class=\"mtr-td-tag\"><div class=\"mtr-cell-content\">39 (15.3)<\/div><\/td>\n<\/tr>\n<tr>\n<td data-mtr-content=\"Size\" class=\"mtr-td-tag\"><div class=\"mtr-cell-content\">Varrukas cm (tolli)<\/div><\/td>\n<td data-mtr-content=\"\u00a0\" class=\"mtr-td-tag\"><div class=\"mtr-cell-content\">\u00a0<\/div><\/td>\n<td data-mtr-content=\"74 cm\" class=\"mtr-td-tag\"><div class=\"mtr-cell-content\">33 (13)<\/div><\/td>\n<td data-mtr-content=\"80 cm(12-18m)\" class=\"mtr-td-tag\"><div class=\"mtr-cell-content\">35 (13.8)<\/div><\/td>\n<td data-mtr-content=\"86 cm(18-24 m)\" class=\"mtr-td-tag\"><div class=\"mtr-cell-content\">37 (14.6)<\/div><\/td>\n<td data-mtr-content=\"92 cm(23\/24 m)\" class=\"mtr-td-tag\"><div class=\"mtr-cell-content\">41 (16.1)<\/div><\/td>\n<\/tr>\n<\/tbody>\n<\/table>\n<\/figure>\n<p><!-- \/wp:table --><\/p>\n<p><!-- wp:spacer {\"height\":\"29px\"} --><\/p>\n<div style=\"height: 29px;\" aria-hidden=\"true\">\u00a0<\/div>\n<p><!-- \/wp:spacer --><\/p>\n<p><!-- wp:paragraph --><\/p>\n<p><strong>Size 98-128<\/strong><\/p>\n<p><!-- \/wp:paragraph --><\/p>\n<p><!-- wp:table {\"hasFixedLayout\":true,\"className\":\"is-style-stripes\"} --><\/p>\n<figure>\n<table class=\"mtr-table mtr-tr-td\">\n<tbody>\n<tr>\n<td data-mtr-content=\"Size\" class=\"mtr-td-tag\"><div class=\"mtr-cell-content\">Suurus<\/div><\/td>\n<td data-mtr-content=\"98 cm(2T)\" class=\"mtr-td-tag\"><div class=\"mtr-cell-content\">98 cm<br>(2T)<\/div><\/td>\n<td data-mtr-content=\"104 cm(4T)\" class=\"mtr-td-tag\"><div class=\"mtr-cell-content\">104 cm<br>(4T)<\/div><\/td>\n<td data-mtr-content=\"110 cm(5)\" class=\"mtr-td-tag\"><div class=\"mtr-cell-content\">110 cm<br>(5)<\/div><\/td>\n<td data-mtr-content=\"116 cm(6)\" class=\"mtr-td-tag\"><div class=\"mtr-cell-content\">116 cm<br>(6)<\/div><\/td>\n<td data-mtr-content=\"128 cm(7-8)\" class=\"mtr-td-tag\"><div class=\"mtr-cell-content\">128 cm<br>(7-8)<\/div><\/td>\n<\/tr>\n<tr>\n<td data-mtr-content=\"Size\" class=\"mtr-td-tag\"><div class=\"mtr-cell-content\">Laius cm (tolli)<\/div><\/td>\n<td data-mtr-content=\"98 cm(2T)\" class=\"mtr-td-tag\"><div class=\"mtr-cell-content\">33.5 (13.2)<\/div><\/td>\n<td data-mtr-content=\"104 cm(4T)\" class=\"mtr-td-tag\"><div class=\"mtr-cell-content\">34.5 (13.6)<\/div><\/td>\n<td data-mtr-content=\"110 cm(5)\" class=\"mtr-td-tag\"><div class=\"mtr-cell-content\">36 (14.2)<\/div><\/td>\n<td data-mtr-content=\"116 cm(6)\" class=\"mtr-td-tag\"><div class=\"mtr-cell-content\">\u00a037 (14.6)<\/div><\/td>\n<td data-mtr-content=\"128 cm(7-8)\" class=\"mtr-td-tag\"><div class=\"mtr-cell-content\">39 (15.4)<\/div><\/td>\n<\/tr>\n<tr>\n<td data-mtr-content=\"Size\" class=\"mtr-td-tag\"><div class=\"mtr-cell-content\">Pikkus cm (tolli)<\/div><\/td>\n<td data-mtr-content=\"98 cm(2T)\" class=\"mtr-td-tag\"><div class=\"mtr-cell-content\">40 (15.7)<\/div><\/td>\n<td data-mtr-content=\"104 cm(4T)\" class=\"mtr-td-tag\"><div class=\"mtr-cell-content\">42 (16.5)<\/div><\/td>\n<td data-mtr-content=\"110 cm(5)\" class=\"mtr-td-tag\"><div class=\"mtr-cell-content\">44 (17.3)<\/div><\/td>\n<td data-mtr-content=\"116 cm(6)\" class=\"mtr-td-tag\"><div class=\"mtr-cell-content\">\u00a046.5 (18.3)<\/div><\/td>\n<td data-mtr-content=\"128 cm(7-8)\" class=\"mtr-td-tag\"><div class=\"mtr-cell-content\">48 (18.9)<\/div><\/td>\n<\/tr>\n<tr>\n<td data-mtr-content=\"Size\" class=\"mtr-td-tag\"><div class=\"mtr-cell-content\">Varrukas cm (tolli)<\/div><\/td>\n<td data-mtr-content=\"98 cm(2T)\" class=\"mtr-td-tag\"><div class=\"mtr-cell-content\">43 (16.9)<\/div><\/td>\n<td data-mtr-content=\"104 cm(4T)\" class=\"mtr-td-tag\"><div class=\"mtr-cell-content\">45.5 (17.9)<\/div><\/td>\n<td data-mtr-content=\"110 cm(5)\" class=\"mtr-td-tag\"><div class=\"mtr-cell-content\">48 (18.9)<\/div><\/td>\n<td data-mtr-content=\"116 cm(6)\" class=\"mtr-td-tag\"><div class=\"mtr-cell-content\">\u00a051 (20)<\/div><\/td>\n<td data-mtr-content=\"128 cm(7-8)\" class=\"mtr-td-tag\"><div class=\"mtr-cell-content\">\u00a052 (20.9)<\/div><\/td>\n<\/tr>\n<\/tbody>\n<\/table>\n<\/figure>\n<p><!-- \/wp:table --><\/p>\n<p><!-- wp:spacer {\"height\":\"29px\"} --><\/p>\n<div style=\"height: 29px;\" aria-hidden=\"true\">\u00a0<\/div>\n<p><!-- \/wp:spacer --><\/p>\n<p><!-- wp:paragraph --><\/p>\n<p><strong>Size 134-152<\/strong><\/p>\n<p><!-- \/wp:paragraph --><\/p>\n<p><!-- wp:table {\"hasFixedLayout\":true,\"className\":\"is-style-stripes\"} --><\/p>\n<figure>\n<table class=\"mtr-table mtr-tr-td\">\n<tbody>\n<tr>\n<td data-mtr-content=\"Size\" class=\"mtr-td-tag\"><div class=\"mtr-cell-content\">Suurus<\/div><\/td>\n<td data-mtr-content=\"134 cm(9-10)\" class=\"mtr-td-tag\"><div class=\"mtr-cell-content\">134 cm<br>(9-10)<\/div><\/td>\n<td data-mtr-content=\"140 cm(10)\" class=\"mtr-td-tag\"><div class=\"mtr-cell-content\">140 cm<br>(10)<\/div><\/td>\n<td data-mtr-content=\"146 cm(11)\" class=\"mtr-td-tag\"><div class=\"mtr-cell-content\">146 cm<br>(11)<\/div><\/td>\n<td data-mtr-content=\"152 cm(14)\" class=\"mtr-td-tag\"><div class=\"mtr-cell-content\">152 cm<br>(14)<\/div><\/td>\n<\/tr>\n<tr>\n<td data-mtr-content=\"Size\" class=\"mtr-td-tag\"><div class=\"mtr-cell-content\">Laius cm (tolli)<\/div><\/td>\n<td data-mtr-content=\"134 cm(9-10)\" class=\"mtr-td-tag\"><div class=\"mtr-cell-content\">39<\/div><\/td>\n<td data-mtr-content=\"140 cm(10)\" class=\"mtr-td-tag\"><div class=\"mtr-cell-content\">41<\/div><\/td>\n<td data-mtr-content=\"146 cm(11)\" class=\"mtr-td-tag\"><div class=\"mtr-cell-content\">\u00a0<\/div><\/td>\n<td data-mtr-content=\"152 cm(14)\" class=\"mtr-td-tag\"><div class=\"mtr-cell-content\">44<\/div><\/td>\n<\/tr>\n<tr>\n<td data-mtr-content=\"Size\" class=\"mtr-td-tag\"><div class=\"mtr-cell-content\">Pikkus cm (tolli)<\/div><\/td>\n<td data-mtr-content=\"134 cm(9-10)\" class=\"mtr-td-tag\"><div class=\"mtr-cell-content\">53<\/div><\/td>\n<td data-mtr-content=\"140 cm(10)\" class=\"mtr-td-tag\"><div class=\"mtr-cell-content\">54.5<\/div><\/td>\n<td data-mtr-content=\"146 cm(11)\" class=\"mtr-td-tag\"><div class=\"mtr-cell-content\">56.5<\/div><\/td>\n<td data-mtr-content=\"152 cm(14)\" class=\"mtr-td-tag\"><div class=\"mtr-cell-content\">64<\/div><\/td>\n<\/tr>\n<tr>\n<td data-mtr-content=\"Size\" class=\"mtr-td-tag\"><div class=\"mtr-cell-content\">Varrukas cm (tolli)<\/div><\/td>\n<td data-mtr-content=\"134 cm(9-10)\" class=\"mtr-td-tag\"><div class=\"mtr-cell-content\">57<\/div><\/td>\n<td data-mtr-content=\"140 cm(10)\" class=\"mtr-td-tag\"><div class=\"mtr-cell-content\">59<\/div><\/td>\n<td data-mtr-content=\"146 cm(11)\" class=\"mtr-td-tag\"><div class=\"mtr-cell-content\">\u00a061<\/div><\/td>\n<td data-mtr-content=\"152 cm(14)\" class=\"mtr-td-tag\"><div class=\"mtr-cell-content\">65<\/div><\/td>\n<\/tr>\n<\/tbody>\n<\/table>\n<\/figure>\n<p><!-- \/wp:table --><\/p>\n<p><!-- wp:spacer {\"height\":\"55px\"} --><\/p>\n<div style=\"height: 55px;\" aria-hidden=\"true\">\u00a0<\/div>\n<p><!-- \/wp:spacer --><\/p>\n<p><!-- wp:image {\"id\":8107,\"width\":620,\"height\":281,\"sizeSlug\":\"full\",\"linkDestination\":\"none\"} --><\/p>\n<figure><img fetchpriority=\"high\" decoding=\"async\" src=\"https:\/\/hilpdesign.com\/wp-content\/uploads\/2023\/04\/kids_sweatshirt_guide2-300x136.jpg\" alt=\"\" width=\"442\" height=\"201\" \/><\/figure>\n<p><!-- \/wp:image --><\/p>\n<p><!-- wp:spacer --><\/p>\n<div style=\"height: 100px;\" aria-hidden=\"true\">\u00a0<\/div>\n<p><!-- \/wp:spacer --><\/p>\n<p><!-- wp:spacer {\"height\":\"0px\"} --><\/p>\n<div style=\"height: 0px;\" aria-hidden=\"true\">\u00a0<\/div>\n<p><!-- \/wp:table --><\/p>\n<p><!-- wp:spacer {\"height\":\"55px\"} --><\/p>\n<div style=\"height: 55px;\" aria-hidden=\"true\">\u00a0<span style=\"font-weight: 600; color: var( --e-global-color-text ); font-family: var( --e-global-typography-text-font-family ), Sans-serif;\">Laste T-s\u00e4rgid<\/span><\/div>\n<figure style=\"background-color: #ffffff;\">\n<table style=\"width: 1130.67px;\" class=\"mtr-table mtr-tr-td\">\n<tbody>\n<tr>\n<td data-mtr-content=\"Size\" class=\"mtr-td-tag\"><div class=\"mtr-cell-content\">Suurus<\/div><\/td>\n<td data-mtr-content=\"98\/104 cm(4T)\" class=\"mtr-td-tag\"><div class=\"mtr-cell-content\">98\/104 cm<br>(4T)<\/div><\/td>\n<td data-mtr-content=\"110\/116 cm(6)\" class=\"mtr-td-tag\"><div class=\"mtr-cell-content\">110\/116 cm<br>(6)<\/div><\/td>\n<td data-mtr-content=\"122\/128 cm\" class=\"mtr-td-tag\"><div class=\"mtr-cell-content\">\n<p>122\/128 cm<\/p>\n<\/div><\/td>\n<td data-mtr-content=\"134\/140 cm\" class=\"mtr-td-tag\"><div class=\"mtr-cell-content\">\n<p>134\/140 cm<\/p>\n<\/div><\/td>\n<td data-mtr-content=\"146\/152\" class=\"mtr-td-tag\"><div class=\"mtr-cell-content\">146\/152<\/div><\/td>\n<\/tr>\n<tr>\n<td data-mtr-content=\"Size\" class=\"mtr-td-tag\"><div class=\"mtr-cell-content\">Laius cm (tolli)<\/div><\/td>\n<td data-mtr-content=\"98\/104 cm(4T)\" class=\"mtr-td-tag\"><div class=\"mtr-cell-content\">32 cm<\/div><\/td>\n<td data-mtr-content=\"110\/116 cm(6)\" class=\"mtr-td-tag\"><div class=\"mtr-cell-content\">33 cm<\/div><\/td>\n<td data-mtr-content=\"122\/128 cm\" class=\"mtr-td-tag\"><div class=\"mtr-cell-content\">36 cm<\/div><\/td>\n<td data-mtr-content=\"134\/140 cm\" class=\"mtr-td-tag\"><div class=\"mtr-cell-content\">\u00a036,5 cm<\/div><\/td>\n<td data-mtr-content=\"146\/152\" class=\"mtr-td-tag\"><div class=\"mtr-cell-content\">39 cm<\/div><\/td>\n<\/tr>\n<tr>\n<td data-mtr-content=\"Size\" class=\"mtr-td-tag\"><div class=\"mtr-cell-content\">Pikkus cm (tolli)<\/div><\/td>\n<td data-mtr-content=\"98\/104 cm(4T)\" class=\"mtr-td-tag\"><div class=\"mtr-cell-content\">43 cm<\/div><\/td>\n<td data-mtr-content=\"110\/116 cm(6)\" class=\"mtr-td-tag\"><div class=\"mtr-cell-content\">45,5 cm<\/div><\/td>\n<td data-mtr-content=\"122\/128 cm\" class=\"mtr-td-tag\"><div class=\"mtr-cell-content\">50 cm<\/div><\/td>\n<td data-mtr-content=\"134\/140 cm\" class=\"mtr-td-tag\"><div class=\"mtr-cell-content\">\u00a052,5 cm<\/div><\/td>\n<td data-mtr-content=\"146\/152\" class=\"mtr-td-tag\"><div class=\"mtr-cell-content\">52,5 cm<\/div><\/td>\n<\/tr>\n<tr>\n<td data-mtr-content=\"Size\" class=\"mtr-td-tag\"><div class=\"mtr-cell-content\">\u00a0<\/div><\/td>\n<td data-mtr-content=\"98\/104 cm(4T)\" class=\"mtr-td-tag\"><div class=\"mtr-cell-content\">\u00a0<\/div><\/td>\n<td data-mtr-content=\"110\/116 cm(6)\" class=\"mtr-td-tag\"><div class=\"mtr-cell-content\">\u00a0<\/div><\/td>\n<td data-mtr-content=\"122\/128 cm\" class=\"mtr-td-tag\"><div class=\"mtr-cell-content\">\u00a0<\/div><\/td>\n<td data-mtr-content=\"134\/140 cm\" class=\"mtr-td-tag\"><div class=\"mtr-cell-content\">\u00a0<\/div><\/td>\n<td data-mtr-content=\"146\/152\" class=\"mtr-td-tag\"><div class=\"mtr-cell-content\">\u00a0<\/div><\/td>\n<\/tr>\n<\/tbody>\n<\/table>\n<\/figure>\n<p><!-- \/wp:spacer --><\/p>\n<p><!-- wp:image {\"id\":8105,\"width\":394,\"height\":357,\"sizeSlug\":\"full\",\"linkDestination\":\"none\"} --><\/p>\n<figure><\/figure>\n<p><!-- \/wp:image --><\/p>\t\t\t\t\t\t\t\t<\/div>\n\t\t\t\t<\/div>\n\t\t\t\t\t<\/div>\n\t\t<\/div>\n\t\t\t\t\t<\/div>\n\t\t<\/section>\n\t\t\t\t<\/div>","protected":false},"excerpt":{"rendered":"<p>Kids Sweatshirt Measurements may vary by up to \u00b12 cm from the size chart. Size 74-92 Size \u00a0 74 cm 80 cm(12-18m) 86 cm(18-24 m) 92 cm(23\/24 m) Width cm (inch) \u00a0 31 (12.2) 32 (12.6) 32.5 (12.8) 33 (13) Length cm (inch) \u00a0 33 (13) 35 (13.8) 37 (14.6) 39 (15.3) Sleeve cm (inch) [&hellip;]<\/p>\n","protected":false},"author":1,"featured_media":0,"parent":0,"menu_order":0,"comment_status":"closed","ping_status":"closed","template":"","meta":{"footnotes":""},"class_list":["post-16475","page","type-page","status-publish","hentry"],"yoast_head":"<!-- This site is optimized with the Yoast SEO plugin v27.3 - https:\/\/yoast.com\/product\/yoast-seo-wordpress\/ -->\n<title>Kids Guide - Hilp<\/title>\n<meta name=\"robots\" content=\"index, follow, max-snippet:-1, max-image-preview:large, max-video-preview:-1\" \/>\n<link rel=\"canonical\" href=\"https:\/\/hilpdesign.com\/et\/kids-guide\/\" \/>\n<meta property=\"og:locale\" content=\"et_EE\" \/>\n<meta property=\"og:type\" content=\"article\" \/>\n<meta property=\"og:title\" content=\"Kids Guide - Hilp\" \/>\n<meta property=\"og:description\" content=\"Kids Sweatshirt Measurements may vary by up to \u00b12 cm from the size chart. Size 74-92 Size \u00a0 74 cm 80 cm(12-18m) 86 cm(18-24 m) 92 cm(23\/24 m) Width cm (inch) \u00a0 31 (12.2) 32 (12.6) 32.5 (12.8) 33 (13) Length cm (inch) \u00a0 33 (13) 35 (13.8) 37 (14.6) 39 (15.3) Sleeve cm (inch) [&hellip;]\" \/>\n<meta property=\"og:url\" content=\"https:\/\/hilpdesign.com\/et\/kids-guide\/\" \/>\n<meta property=\"og:site_name\" content=\"Hilp\" \/>\n<meta property=\"article:publisher\" content=\"https:\/\/www.facebook.com\/HilpDesign\" \/>\n<meta property=\"article:modified_time\" content=\"2025-12-08T09:11:45+00:00\" \/>\n<meta property=\"og:image\" content=\"https:\/\/hilpdesign.com\/wp-content\/uploads\/2023\/04\/kids_sweatshirt_guide2-300x136.jpg\" \/>\n<meta name=\"twitter:card\" content=\"summary_large_image\" \/>\n<meta name=\"twitter:label1\" content=\"Est. reading time\" \/>\n\t<meta name=\"twitter:data1\" content=\"2 minutit\" \/>\n<script type=\"application\/ld+json\" class=\"yoast-schema-graph\">{\"@context\":\"https:\\\/\\\/schema.org\",\"@graph\":[{\"@type\":\"WebPage\",\"@id\":\"https:\\\/\\\/hilpdesign.com\\\/kids-guide\\\/\",\"url\":\"https:\\\/\\\/hilpdesign.com\\\/kids-guide\\\/\",\"name\":\"Kids Guide - Hilp\",\"isPartOf\":{\"@id\":\"https:\\\/\\\/hilpdesign.com\\\/#website\"},\"primaryImageOfPage\":{\"@id\":\"https:\\\/\\\/hilpdesign.com\\\/kids-guide\\\/#primaryimage\"},\"image\":{\"@id\":\"https:\\\/\\\/hilpdesign.com\\\/kids-guide\\\/#primaryimage\"},\"thumbnailUrl\":\"https:\\\/\\\/hilpdesign.com\\\/wp-content\\\/uploads\\\/2023\\\/04\\\/kids_sweatshirt_guide2-300x136.jpg\",\"datePublished\":\"2023-03-29T07:43:06+00:00\",\"dateModified\":\"2025-12-08T09:11:45+00:00\",\"breadcrumb\":{\"@id\":\"https:\\\/\\\/hilpdesign.com\\\/kids-guide\\\/#breadcrumb\"},\"inLanguage\":\"et\",\"potentialAction\":[{\"@type\":\"ReadAction\",\"target\":[\"https:\\\/\\\/hilpdesign.com\\\/kids-guide\\\/\"]}]},{\"@type\":\"ImageObject\",\"inLanguage\":\"et\",\"@id\":\"https:\\\/\\\/hilpdesign.com\\\/kids-guide\\\/#primaryimage\",\"url\":\"https:\\\/\\\/hilpdesign.com\\\/wp-content\\\/uploads\\\/2023\\\/04\\\/kids_sweatshirt_guide2-300x136.jpg\",\"contentUrl\":\"https:\\\/\\\/hilpdesign.com\\\/wp-content\\\/uploads\\\/2023\\\/04\\\/kids_sweatshirt_guide2-300x136.jpg\"},{\"@type\":\"BreadcrumbList\",\"@id\":\"https:\\\/\\\/hilpdesign.com\\\/kids-guide\\\/#breadcrumb\",\"itemListElement\":[{\"@type\":\"ListItem\",\"position\":1,\"name\":\"Home\",\"item\":\"https:\\\/\\\/hilpdesign.com\\\/\"},{\"@type\":\"ListItem\",\"position\":2,\"name\":\"Kids Guide\"}]},{\"@type\":\"WebSite\",\"@id\":\"https:\\\/\\\/hilpdesign.com\\\/#website\",\"url\":\"https:\\\/\\\/hilpdesign.com\\\/\",\"name\":\"Hilp\",\"description\":\"Sustainable wear for kids &amp; adults\",\"publisher\":{\"@id\":\"https:\\\/\\\/hilpdesign.com\\\/#organization\"},\"alternateName\":\"Hilpdesign\",\"potentialAction\":[{\"@type\":\"SearchAction\",\"target\":{\"@type\":\"EntryPoint\",\"urlTemplate\":\"https:\\\/\\\/hilpdesign.com\\\/?s={search_term_string}\"},\"query-input\":{\"@type\":\"PropertyValueSpecification\",\"valueRequired\":true,\"valueName\":\"search_term_string\"}}],\"inLanguage\":\"et\"},{\"@type\":\"Organization\",\"@id\":\"https:\\\/\\\/hilpdesign.com\\\/#organization\",\"name\":\"Hilpdesign O\u00dc\",\"url\":\"https:\\\/\\\/hilpdesign.com\\\/\",\"logo\":{\"@type\":\"ImageObject\",\"inLanguage\":\"et\",\"@id\":\"https:\\\/\\\/hilpdesign.com\\\/#\\\/schema\\\/logo\\\/image\\\/\",\"url\":\"https:\\\/\\\/hilpdesign.com\\\/wp-content\\\/uploads\\\/2023\\\/03\\\/logo_viimane.png\",\"contentUrl\":\"https:\\\/\\\/hilpdesign.com\\\/wp-content\\\/uploads\\\/2023\\\/03\\\/logo_viimane.png\",\"width\":205,\"height\":112,\"caption\":\"Hilpdesign O\u00dc\"},\"image\":{\"@id\":\"https:\\\/\\\/hilpdesign.com\\\/#\\\/schema\\\/logo\\\/image\\\/\"},\"sameAs\":[\"https:\\\/\\\/www.facebook.com\\\/HilpDesign\",\"https:\\\/\\\/www.instagram.com\\\/hilpfashion\\\/\"]}]}<\/script>\n<!-- \/ Yoast SEO plugin. -->","yoast_head_json":{"title":"Kids Guide - Hilp","robots":{"index":"index","follow":"follow","max-snippet":"max-snippet:-1","max-image-preview":"max-image-preview:large","max-video-preview":"max-video-preview:-1"},"canonical":"https:\/\/hilpdesign.com\/et\/kids-guide\/","og_locale":"et_EE","og_type":"article","og_title":"Kids Guide - Hilp","og_description":"Kids Sweatshirt Measurements may vary by up to \u00b12 cm from the size chart. Size 74-92 Size \u00a0 74 cm 80 cm(12-18m) 86 cm(18-24 m) 92 cm(23\/24 m) Width cm (inch) \u00a0 31 (12.2) 32 (12.6) 32.5 (12.8) 33 (13) Length cm (inch) \u00a0 33 (13) 35 (13.8) 37 (14.6) 39 (15.3) Sleeve cm (inch) [&hellip;]","og_url":"https:\/\/hilpdesign.com\/et\/kids-guide\/","og_site_name":"Hilp","article_publisher":"https:\/\/www.facebook.com\/HilpDesign","article_modified_time":"2025-12-08T09:11:45+00:00","og_image":[{"url":"https:\/\/hilpdesign.com\/wp-content\/uploads\/2023\/04\/kids_sweatshirt_guide2-300x136.jpg","type":"","width":"","height":""}],"twitter_card":"summary_large_image","twitter_misc":{"Est. reading time":"2 minutit"},"schema":{"@context":"https:\/\/schema.org","@graph":[{"@type":"WebPage","@id":"https:\/\/hilpdesign.com\/kids-guide\/","url":"https:\/\/hilpdesign.com\/kids-guide\/","name":"Kids Guide - Hilp","isPartOf":{"@id":"https:\/\/hilpdesign.com\/#website"},"primaryImageOfPage":{"@id":"https:\/\/hilpdesign.com\/kids-guide\/#primaryimage"},"image":{"@id":"https:\/\/hilpdesign.com\/kids-guide\/#primaryimage"},"thumbnailUrl":"https:\/\/hilpdesign.com\/wp-content\/uploads\/2023\/04\/kids_sweatshirt_guide2-300x136.jpg","datePublished":"2023-03-29T07:43:06+00:00","dateModified":"2025-12-08T09:11:45+00:00","breadcrumb":{"@id":"https:\/\/hilpdesign.com\/kids-guide\/#breadcrumb"},"inLanguage":"et","potentialAction":[{"@type":"ReadAction","target":["https:\/\/hilpdesign.com\/kids-guide\/"]}]},{"@type":"ImageObject","inLanguage":"et","@id":"https:\/\/hilpdesign.com\/kids-guide\/#primaryimage","url":"https:\/\/hilpdesign.com\/wp-content\/uploads\/2023\/04\/kids_sweatshirt_guide2-300x136.jpg","contentUrl":"https:\/\/hilpdesign.com\/wp-content\/uploads\/2023\/04\/kids_sweatshirt_guide2-300x136.jpg"},{"@type":"BreadcrumbList","@id":"https:\/\/hilpdesign.com\/kids-guide\/#breadcrumb","itemListElement":[{"@type":"ListItem","position":1,"name":"Home","item":"https:\/\/hilpdesign.com\/"},{"@type":"ListItem","position":2,"name":"Kids Guide"}]},{"@type":"WebSite","@id":"https:\/\/hilpdesign.com\/#website","url":"https:\/\/hilpdesign.com\/","name":"Hilp","description":"Sustainable wear for kids &amp; adults","publisher":{"@id":"https:\/\/hilpdesign.com\/#organization"},"alternateName":"Hilpdesign","potentialAction":[{"@type":"SearchAction","target":{"@type":"EntryPoint","urlTemplate":"https:\/\/hilpdesign.com\/?s={search_term_string}"},"query-input":{"@type":"PropertyValueSpecification","valueRequired":true,"valueName":"search_term_string"}}],"inLanguage":"et"},{"@type":"Organization","@id":"https:\/\/hilpdesign.com\/#organization","name":"Hilpdesign O\u00dc","url":"https:\/\/hilpdesign.com\/","logo":{"@type":"ImageObject","inLanguage":"et","@id":"https:\/\/hilpdesign.com\/#\/schema\/logo\/image\/","url":"https:\/\/hilpdesign.com\/wp-content\/uploads\/2023\/03\/logo_viimane.png","contentUrl":"https:\/\/hilpdesign.com\/wp-content\/uploads\/2023\/03\/logo_viimane.png","width":205,"height":112,"caption":"Hilpdesign O\u00dc"},"image":{"@id":"https:\/\/hilpdesign.com\/#\/schema\/logo\/image\/"},"sameAs":["https:\/\/www.facebook.com\/HilpDesign","https:\/\/www.instagram.com\/hilpfashion\/"]}]}},"_links":{"self":[{"href":"https:\/\/hilpdesign.com\/et\/wp-json\/wp\/v2\/pages\/16475","targetHints":{"allow":["GET"]}}],"collection":[{"href":"https:\/\/hilpdesign.com\/et\/wp-json\/wp\/v2\/pages"}],"about":[{"href":"https:\/\/hilpdesign.com\/et\/wp-json\/wp\/v2\/types\/page"}],"author":[{"embeddable":true,"href":"https:\/\/hilpdesign.com\/et\/wp-json\/wp\/v2\/users\/1"}],"replies":[{"embeddable":true,"href":"https:\/\/hilpdesign.com\/et\/wp-json\/wp\/v2\/comments?post=16475"}],"version-history":[{"count":5,"href":"https:\/\/hilpdesign.com\/et\/wp-json\/wp\/v2\/pages\/16475\/revisions"}],"predecessor-version":[{"id":25739,"href":"https:\/\/hilpdesign.com\/et\/wp-json\/wp\/v2\/pages\/16475\/revisions\/25739"}],"wp:attachment":[{"href":"https:\/\/hilpdesign.com\/et\/wp-json\/wp\/v2\/media?parent=16475"}],"curies":[{"name":"wp","href":"https:\/\/api.w.org\/{rel}","templated":true}]}}