{"id":16478,"date":"2023-03-29T10:43:06","date_gmt":"2023-03-29T07:43:06","guid":{"rendered":"https:\/\/hilpdesign.com\/terms-and-conditions-2\/"},"modified":"2023-03-30T17:23:58","modified_gmt":"2023-03-30T14:23:58","slug":"terms-and-conditions","status":"publish","type":"page","link":"https:\/\/hilpdesign.com\/et\/terms-and-conditions\/","title":{"rendered":"Tingimused"},"content":{"rendered":"<div data-elementor-type=\"wp-page\" data-elementor-id=\"16478\" class=\"elementor elementor-16478\" data-elementor-post-type=\"page\">\n\t\t\t\t\t\t<section class=\"elementor-section elementor-top-section elementor-element elementor-element-68a2b90e elementor-section-boxed elementor-section-height-default elementor-section-height-default\" data-id=\"68a2b90e\" data-element_type=\"section\" data-e-type=\"section\">\n\t\t\t\t\t\t<div class=\"elementor-container elementor-column-gap-default\">\n\t\t\t\t\t<div class=\"elementor-column elementor-col-100 elementor-top-column elementor-element elementor-element-20a27c88\" data-id=\"20a27c88\" data-element_type=\"column\" data-e-type=\"column\">\n\t\t\t<div class=\"elementor-widget-wrap elementor-element-populated\">\n\t\t\t\t\t\t<div class=\"elementor-element elementor-element-654f8be4 elementor-widget elementor-widget-text-editor\" data-id=\"654f8be4\" data-element_type=\"widget\" data-e-type=\"widget\" data-widget_type=\"text-editor.default\">\n\t\t\t\t<div class=\"elementor-widget-container\">\n\t\t\t\t\t\t\t\t\t<p style=\"font-size: 25px;\"><span style=\"font-weight: 600;\">\u00a71 \u00dclds\u00e4tted<\/span><\/p>\n<p><\/p>\n<p>1. J\u00e4rgmistel m\u00f5istetel nendes kasutustingimustes on j\u00e4rgmine t\u00e4hendus:<br><span style=\"color: var( --e-global-color-text );\">-T\u00f6\u00f6p\u00e4evad \u2013 k\u00f5ik n\u00e4dalap\u00e4evad esmasp\u00e4evast reedeni.<br><\/span><span style=\"color: var( --e-global-color-text );\">-Klient \u2013 \u200b\u200bkauplust kasutav isik, t\u00e4ieliku teov\u00f5imega (seega v\u00e4hemalt 18-aastane) f\u00fc\u00fcsiline isik, juriidiline isik v\u00f5i organisatsioon.&nbsp;<br><\/span><span style=\"color: var( --e-global-color-text );\">-Tarbija \u2013 f\u00fc\u00fcsiline isik, kes sooritab \u00f5igustoimingu, mis ei ole otseselt seotud tema kutsetegevusega (tsiviilseadustiku artikkel 22).<br><\/span><span style=\"color: var( --e-global-color-text );\">-Kliendikonto \u2013 kliendi andmete kogumine, samuti kliendi poolt poes tehtavad toimingud (sh esitatud tellimuste t\u00e4itmiseks vajalikud kliendiandmed, tellimuste kirje, t\u00f6\u00f6deldavate tellimuste t\u00e4itmise staatus).<br><\/span><span style=\"color: var( --e-global-color-text );\">-Kaup v\u00f5i internetipood \u2013 m\u00fc\u00fcja hallatav aadressil www.hilpdesign.com tegutsev internetipood, mille kaudu m\u00fc\u00fcja klientidele kaupa pakub.<br><\/span><span style=\"color: var( --e-global-color-text );\">-M\u00fc\u00fcja \u2013 HILP, kes tegeleb \u00e4ritegevusega firmanime \u201cHilpdesign O\u00dc\u201d all.<br><\/span><span style=\"color: var( --e-global-color-text );\">- Kaubad \u2013 poes saadav kaup.<\/span><\/p>\n<p><\/p>\n<p>3. Hinnakujundus poes ei kujuta endast pakkumist tsiviilseadustiku s\u00e4tete t\u00e4henduses, vaid \u00fcksnes kutset s\u00f5lmida leping. &nbsp;<\/p>\n<p><\/p>\n<p>4. Poe hinnad on esitatud eurodes (bruto, peale tollimaksude, k\u00e4ibemaksu ja muude maksude lisamist). Hinnakujundus ei sisalda saatmis- ja maksekulusid \u2013 need kulud m\u00e4\u00e4rab iga kord Klient tellimuse vormistamisel. Kauba m\u00fc\u00fcgilepinguga seotud l\u00f5plik hind t\u00e4psustatakse pakkumise (tellimuse) esitamise k\u00e4igus vastavalt \u00a73 punktidele 1 ja 2.&nbsp;<\/p>\n<p><span style=\"color: var( --e-global-color-text ); font-size: 25px; font-weight: 600;\">&nbsp;<\/span><\/p>\n<p><span style=\"color: var( --e-global-color-text ); font-size: 25px; font-weight: 600;\">\u00a72 Konto registreerimine<\/span><\/p>\n<p><\/p>\n<p>1<span style=\"font-weight: 600;\">.<\/span>&nbsp;Klientidele pakutakse internetipoes registreerumise v\u00f5imalust, mille tulemusena luuakse kasutajakonto.<\/p>\n<p><\/p>\n<p>2<span style=\"font-weight: 600;\">.<\/span>&nbsp;Registreerimisprotsess t\u00e4hendab:<br><span style=\"color: var( --e-global-color-text );\">Klient t\u00e4idab poe veebisaidil oleva registreerimisvormi (vorm kuvatakse sobiva poe alamveebi valimisel v\u00f5i tellimuse esitamisel). T\u00e4idetud on v\u00e4hemalt kohustuslikuks m\u00e4rgitud v\u00e4ljad. Need on: ees- ja perekonnanimi v\u00f5i ettev\u00f5tte nimi, aadress, tarneaadress (kui erineb kasutaja aadressist), meiliaadress.<\/span><\/p>\n<p><\/p>\n<p>3<span style=\"font-weight: 600;\">.&nbsp;<\/span>Kliendil on \u00f5igus poe konto igal ajal eemaldada, saates vastava taotluse aadressil admin@hilpdesign.com.<\/p>\n<p><span style=\"color: var( --e-global-color-text ); font-size: 25px; font-weight: 600;\">&nbsp;<\/span><\/p>\n<p><span style=\"color: var( --e-global-color-text ); font-size: 25px; font-weight: 600;\">\u00a73 Tellimuse esitamine<\/span><\/p>\n<p><\/p>\n<p>1. Klient v\u00f5ib osta kaupu poe kaudu. Selleks lisab klient \u00fcksikud kaubad \u201ekorvi\u201c ning kinnitab seej\u00e4rel valiku, kl\u00f5psates poe kodulehel sobival valikul.<\/p>\n<p><\/p>\n<p>2. P\u00e4rast valitud kaupade nimekirja kinnitamist peab klient:<\/p>\n<p><\/p>\n<p>- t\u00e4psustage makseviis<\/p>\n<p><\/p>\n<p>-kinnitama konto registreerimisel antud andmete kehtivust ning kinnitama Kauba t\u00e4ieliku hinna (sisaldab ka k\u00e4ibemaksu, v\u00f5imalikke tollimakse, tarne- ja maksekulusid \u2013 kui see on olemas).<\/p>\n<p><\/p>\n<p>3. Punktis 1 ja 2 nimetatud toimingute teostamine v\u00f5rdub kliendi poolt ostukorvi pandud kauba m\u00fc\u00fcgipakkumise tegemisega m\u00fc\u00fcjale koos hinna kuvamise ja kohaletoimetamise kuluga.<\/p>\n<p><\/p>\n<p>4. Kliendi poolt pakkumise tegemisel vastavalt punktile 3 saadetakse kliendile e-posti teel s\u00f5num kliendi poolt konto registreerimisel antud aadressile koos kirjaliku kinnitusega tehtud pakkumise (tellimuse) tingimuste kohta.<\/p>\n<p><\/p>\n<p>5. M\u00fc\u00fcgilepingu s\u00f5lmimine kliendi ja m\u00fc\u00fcja vahel toimub p\u00e4rast pakkumise (tellimuse) m\u00fc\u00fcja poolt vastuv\u00f5tmist - e-posti teel internetipoe kasutaja konto registreerimisel antud aadressile saadetud teate vormis. Punktis 4 nimetatud pakkumise (tellimuse) esitamise kinnitamine ei v\u00f5rdu pakkumise (tellimuse) vastuv\u00f5tmisega.<\/p>\n<p><\/p>\n<p>6. M\u00fc\u00fcja j\u00e4tab endale \u00f5iguse muuta poe veebilehe sisu, eriti tootekataloogi ja kauba m\u00fc\u00fcgi tingimusi, samuti sooduskampaaniate l\u00e4biviimiseks ja t\u00fchistamiseks kaupluse saitidel. Sellised muudatused ei m\u00f5juta aktsepteeritud korralduste t\u00e4itmise tingimusi.<\/p>\n<p><span style=\"color: var( --e-global-color-text ); font-size: 25px; font-weight: 600;\">&nbsp;<\/span><\/p>\n<p><span style=\"color: var( --e-global-color-text ); font-size: 25px; font-weight: 600;\">\u00a74 Makse<\/span><\/p>\n<p><\/p>\n<p>1. M\u00fc\u00fcja pakub j\u00e4rgmisi makseviise:<\/p>\n<p><\/p>\n<p>-Rahvusvahelised tellimused \u2013 PayPal, deebet- ja krediitkaardid<\/p>\n<p><\/p>\n<p>-Baltikumid ja Soome \u2013 Swedbank, SEB, LHV, Luminor, Coop Pank, Citadele, Revolut, N26, ESTO Makske 3 osas<\/p>\n<p><\/p>\n<p>2. Maksekulu m\u00e4\u00e4ratakse vastavalt valitud makseviisile. Konkreetse kauba tasumise maksumusest teavitatakse klienti enne tellimuse esitamist vastavalt \u00a73-le. Lisaks on poe veebisaidil kogu aeg juurdep\u00e4\u00e4s kehtivate hindade kohta.<\/p>\n<p><\/p>\n<p>3. Kui kliendi makseviivitus \u00fcletab 7 t\u00f6\u00f6p\u00e4eva alates tellimuse vastuv\u00f5tmisest m\u00fc\u00fcja poolt, on m\u00fc\u00fcjal \u00f5igus taganeda eelpool \u00a73 punktis 5 nimetatud m\u00fc\u00fcgilepingust.<\/p>\n<p><span style=\"color: var( --e-global-color-text ); font-size: 25px; font-weight: 600;\">&nbsp;<\/span><\/p>\n<p><span style=\"color: var( --e-global-color-text ); font-size: 25px; font-weight: 600;\">\u00a75 Tellimuste t\u00f6\u00f6tlemine ja kauba kohaletoimetamine<\/span><\/p>\n<p><\/p>\n<p>1. M\u00fc\u00fcja kohustub tellimust t\u00f6\u00f6tlema kohe p\u00e4rast tellimuses sisalduva kauba m\u00fc\u00fcgilepingu s\u00f5lmimist (makse korral sularahas) v\u00f5i kohe p\u00e4rast kauba eest tasumise kinnitamist oma pangakontol (muude viiside korral maksmisest).<\/p>\n<p><\/p>\n<p>2. Tarneviisi ja tarneaadressi m\u00e4\u00e4rab Klient tellimuse vormis.<\/p>\n<p><\/p>\n<p>3. V\u00f5imalikud tarneviisid on:<\/p>\n<p><\/p>\n<p>-Tavapost \u2013 postkontorist postkontorisse. Paki tarnitakse Euroopas 6 t\u00f6\u00f6p\u00e4eva jooksul, v\u00e4ljastpool Euroopat 10 t\u00f6\u00f6p\u00e4eva jooksul.<\/p>\n<p><\/p>\n<p>-Smartpost \u2013 Saate valida l\u00e4hima pakiautomaadi. Paki k\u00e4ttesaamiseks pole vaja teha muud, kui sisestada pakiautomaadi ekraanile SMS-iga saadetud kood \u2013 peale seda avaneb kapi uks ja pakk on Sinu! Saate Smartpostist v\u00e4lja v\u00f5etud paki tagastada 14 p\u00e4eva jooksul p\u00e4rast k\u00e4ttetoimetamist.<\/p>\n<p><\/p>\n<p>-Omniva pakiautomaat \u2013 saate valida l\u00e4hima pakiautomaadi. Paki k\u00e4ttesaamiseks pole vaja teha muud, kui sisestada pakiautomaadi ekraanile SMS-iga saadetud kood \u2013 peale seda avaneb kapi uks ja pakk on Sinu! Pakiautomaati v\u00f5etud paki saate tagastada 14 p\u00e4eva jooksul p\u00e4rast k\u00e4ttetoimetamist.<\/p>\n<p><\/p>\n<p>4. Saatmiskulu s\u00f5ltub valitud tarneviisist ja valitud makseviisist. Klienti teavitatakse antud Kauba kohaletoimetamise maksumusest enne tellimuse vormistamist vastavalt \u00a73-le. Lisaks on poe veebisaidil kogu aeg juurdep\u00e4\u00e4s kehtivate hindade kohta.<\/p>\n<p><\/p>\n<p>5. Tellimuse teostusaeg on paki k\u00e4ttetoimetajale \u00fcleandmise ja paki k\u00e4ttetoimetamise aja summa. m\u00fc\u00fcja annab kauba kohaletoimetajale \u00fcle 14 t\u00f6\u00f6p\u00e4eva jooksul alates tellimuse vastuv\u00f5tmisest.<\/p>\n<p><span style=\"color: var( --e-global-color-text ); font-size: 25px; font-weight: 600;\">&nbsp;<\/span><\/p>\n<p><span style=\"color: var( --e-global-color-text ); font-size: 25px; font-weight: 600;\">\u00a76 L\u00f5pps\u00e4tted<\/span><\/p>\n<p style=\"font-size: medium;\">1. K\u00e4esolevatele kasutustingimustele, aga ka k\u00f5ikidele k\u00e4esoleva seaduse alusel s\u00f5lmitud lepingutele (eelk\u00f5ige kauba m\u00fc\u00fcgilepingutele) kohaldatakse Eesti \u00f5igust.<\/p>\t\t\t\t\t\t\t\t<\/div>\n\t\t\t\t<\/div>\n\t\t\t\t\t<\/div>\n\t\t<\/div>\n\t\t\t\t\t<\/div>\n\t\t<\/section>\n\t\t\t\t<\/div>","protected":false},"excerpt":{"rendered":"<p>\u00a71&nbsp;General provisions 1. The following notions in these terms of use have the following meaning:-Working days \u2013 all days of the week from Monday to Friday.-Customer \u2013 a person using Store, a natural person, with full legal capacity (therefore, in principle, at least of 18 years of age), a legal person or an organizational unit, [&hellip;]<\/p>\n","protected":false},"author":1,"featured_media":0,"parent":0,"menu_order":0,"comment_status":"closed","ping_status":"closed","template":"","meta":{"footnotes":""},"class_list":["post-16478","page","type-page","status-publish","hentry"],"yoast_head":"<!-- This site is optimized with the Yoast SEO plugin v27.2 - https:\/\/yoast.com\/product\/yoast-seo-wordpress\/ -->\n<title>Terms and Conditions - Hilp<\/title>\n<meta name=\"robots\" content=\"index, follow, max-snippet:-1, max-image-preview:large, max-video-preview:-1\" \/>\n<link rel=\"canonical\" href=\"https:\/\/hilpdesign.com\/et\/terms-and-conditions\/\" \/>\n<meta property=\"og:locale\" content=\"et_EE\" \/>\n<meta property=\"og:type\" content=\"article\" \/>\n<meta property=\"og:title\" content=\"Terms and Conditions - Hilp\" \/>\n<meta property=\"og:description\" content=\"\u00a71&nbsp;General provisions 1. The following notions in these terms of use have the following meaning:-Working days \u2013 all days of the week from Monday to Friday.-Customer \u2013 a person using Store, a natural person, with full legal capacity (therefore, in principle, at least of 18 years of age), a legal person or an organizational unit, [&hellip;]\" \/>\n<meta property=\"og:url\" content=\"https:\/\/hilpdesign.com\/et\/terms-and-conditions\/\" \/>\n<meta property=\"og:site_name\" content=\"Hilp\" \/>\n<meta property=\"article:publisher\" content=\"https:\/\/www.facebook.com\/HilpDesign\" \/>\n<meta property=\"article:modified_time\" content=\"2023-03-30T14:23:58+00:00\" \/>\n<meta property=\"og:image\" content=\"https:\/\/hilpdesign.com\/wp-content\/uploads\/2023\/03\/hilp_logo_mustal.jpg\" \/>\n\t<meta property=\"og:image:width\" content=\"1477\" \/>\n\t<meta property=\"og:image:height\" content=\"1477\" \/>\n\t<meta property=\"og:image:type\" content=\"image\/jpeg\" \/>\n<meta name=\"twitter:card\" content=\"summary_large_image\" \/>\n<meta name=\"twitter:label1\" content=\"Est. reading time\" \/>\n\t<meta name=\"twitter:data1\" content=\"5 minutit\" \/>\n<script type=\"application\/ld+json\" class=\"yoast-schema-graph\">{\"@context\":\"https:\/\/schema.org\",\"@graph\":[{\"@type\":\"WebPage\",\"@id\":\"https:\/\/hilpdesign.com\/terms-and-conditions\/\",\"url\":\"https:\/\/hilpdesign.com\/terms-and-conditions\/\",\"name\":\"Terms and Conditions - Hilp\",\"isPartOf\":{\"@id\":\"https:\/\/hilpdesign.com\/#website\"},\"datePublished\":\"2023-03-29T07:43:06+00:00\",\"dateModified\":\"2023-03-30T14:23:58+00:00\",\"breadcrumb\":{\"@id\":\"https:\/\/hilpdesign.com\/terms-and-conditions\/#breadcrumb\"},\"inLanguage\":\"et\",\"potentialAction\":[{\"@type\":\"ReadAction\",\"target\":[\"https:\/\/hilpdesign.com\/terms-and-conditions\/\"]}]},{\"@type\":\"BreadcrumbList\",\"@id\":\"https:\/\/hilpdesign.com\/terms-and-conditions\/#breadcrumb\",\"itemListElement\":[{\"@type\":\"ListItem\",\"position\":1,\"name\":\"Home\",\"item\":\"https:\/\/hilpdesign.com\/\"},{\"@type\":\"ListItem\",\"position\":2,\"name\":\"Terms and Conditions\"}]},{\"@type\":\"WebSite\",\"@id\":\"https:\/\/hilpdesign.com\/#website\",\"url\":\"https:\/\/hilpdesign.com\/\",\"name\":\"Hilp\",\"description\":\"Sustainable wear for kids &amp; adults\",\"publisher\":{\"@id\":\"https:\/\/hilpdesign.com\/#organization\"},\"alternateName\":\"Hilpdesign\",\"potentialAction\":[{\"@type\":\"SearchAction\",\"target\":{\"@type\":\"EntryPoint\",\"urlTemplate\":\"https:\/\/hilpdesign.com\/?s={search_term_string}\"},\"query-input\":{\"@type\":\"PropertyValueSpecification\",\"valueRequired\":true,\"valueName\":\"search_term_string\"}}],\"inLanguage\":\"et\"},{\"@type\":\"Organization\",\"@id\":\"https:\/\/hilpdesign.com\/#organization\",\"name\":\"Hilpdesign O\u00dc\",\"url\":\"https:\/\/hilpdesign.com\/\",\"logo\":{\"@type\":\"ImageObject\",\"inLanguage\":\"et\",\"@id\":\"https:\/\/hilpdesign.com\/#\/schema\/logo\/image\/\",\"url\":\"https:\/\/hilpdesign.com\/wp-content\/uploads\/2023\/03\/logo_viimane.png\",\"contentUrl\":\"https:\/\/hilpdesign.com\/wp-content\/uploads\/2023\/03\/logo_viimane.png\",\"width\":205,\"height\":112,\"caption\":\"Hilpdesign O\u00dc\"},\"image\":{\"@id\":\"https:\/\/hilpdesign.com\/#\/schema\/logo\/image\/\"},\"sameAs\":[\"https:\/\/www.facebook.com\/HilpDesign\",\"https:\/\/www.instagram.com\/hilpfashion\/\"]}]}<\/script>\n<!-- \/ Yoast SEO plugin. -->","yoast_head_json":{"title":"Terms and Conditions - Hilp","robots":{"index":"index","follow":"follow","max-snippet":"max-snippet:-1","max-image-preview":"max-image-preview:large","max-video-preview":"max-video-preview:-1"},"canonical":"https:\/\/hilpdesign.com\/et\/terms-and-conditions\/","og_locale":"et_EE","og_type":"article","og_title":"Terms and Conditions - Hilp","og_description":"\u00a71&nbsp;General provisions 1. The following notions in these terms of use have the following meaning:-Working days \u2013 all days of the week from Monday to Friday.-Customer \u2013 a person using Store, a natural person, with full legal capacity (therefore, in principle, at least of 18 years of age), a legal person or an organizational unit, [&hellip;]","og_url":"https:\/\/hilpdesign.com\/et\/terms-and-conditions\/","og_site_name":"Hilp","article_publisher":"https:\/\/www.facebook.com\/HilpDesign","article_modified_time":"2023-03-30T14:23:58+00:00","og_image":[{"width":1477,"height":1477,"url":"https:\/\/hilpdesign.com\/wp-content\/uploads\/2023\/03\/hilp_logo_mustal.jpg","type":"image\/jpeg"}],"twitter_card":"summary_large_image","twitter_misc":{"Est. reading time":"5 minutit"},"schema":{"@context":"https:\/\/schema.org","@graph":[{"@type":"WebPage","@id":"https:\/\/hilpdesign.com\/terms-and-conditions\/","url":"https:\/\/hilpdesign.com\/terms-and-conditions\/","name":"Terms and Conditions - Hilp","isPartOf":{"@id":"https:\/\/hilpdesign.com\/#website"},"datePublished":"2023-03-29T07:43:06+00:00","dateModified":"2023-03-30T14:23:58+00:00","breadcrumb":{"@id":"https:\/\/hilpdesign.com\/terms-and-conditions\/#breadcrumb"},"inLanguage":"et","potentialAction":[{"@type":"ReadAction","target":["https:\/\/hilpdesign.com\/terms-and-conditions\/"]}]},{"@type":"BreadcrumbList","@id":"https:\/\/hilpdesign.com\/terms-and-conditions\/#breadcrumb","itemListElement":[{"@type":"ListItem","position":1,"name":"Home","item":"https:\/\/hilpdesign.com\/"},{"@type":"ListItem","position":2,"name":"Terms and Conditions"}]},{"@type":"WebSite","@id":"https:\/\/hilpdesign.com\/#website","url":"https:\/\/hilpdesign.com\/","name":"Hilp","description":"Sustainable wear for kids &amp; adults","publisher":{"@id":"https:\/\/hilpdesign.com\/#organization"},"alternateName":"Hilpdesign","potentialAction":[{"@type":"SearchAction","target":{"@type":"EntryPoint","urlTemplate":"https:\/\/hilpdesign.com\/?s={search_term_string}"},"query-input":{"@type":"PropertyValueSpecification","valueRequired":true,"valueName":"search_term_string"}}],"inLanguage":"et"},{"@type":"Organization","@id":"https:\/\/hilpdesign.com\/#organization","name":"Hilpdesign O\u00dc","url":"https:\/\/hilpdesign.com\/","logo":{"@type":"ImageObject","inLanguage":"et","@id":"https:\/\/hilpdesign.com\/#\/schema\/logo\/image\/","url":"https:\/\/hilpdesign.com\/wp-content\/uploads\/2023\/03\/logo_viimane.png","contentUrl":"https:\/\/hilpdesign.com\/wp-content\/uploads\/2023\/03\/logo_viimane.png","width":205,"height":112,"caption":"Hilpdesign O\u00dc"},"image":{"@id":"https:\/\/hilpdesign.com\/#\/schema\/logo\/image\/"},"sameAs":["https:\/\/www.facebook.com\/HilpDesign","https:\/\/www.instagram.com\/hilpfashion\/"]}]}},"_links":{"self":[{"href":"https:\/\/hilpdesign.com\/et\/wp-json\/wp\/v2\/pages\/16478","targetHints":{"allow":["GET"]}}],"collection":[{"href":"https:\/\/hilpdesign.com\/et\/wp-json\/wp\/v2\/pages"}],"about":[{"href":"https:\/\/hilpdesign.com\/et\/wp-json\/wp\/v2\/types\/page"}],"author":[{"embeddable":true,"href":"https:\/\/hilpdesign.com\/et\/wp-json\/wp\/v2\/users\/1"}],"replies":[{"embeddable":true,"href":"https:\/\/hilpdesign.com\/et\/wp-json\/wp\/v2\/comments?post=16478"}],"version-history":[{"count":0,"href":"https:\/\/hilpdesign.com\/et\/wp-json\/wp\/v2\/pages\/16478\/revisions"}],"wp:attachment":[{"href":"https:\/\/hilpdesign.com\/et\/wp-json\/wp\/v2\/media?parent=16478"}],"curies":[{"name":"wp","href":"https:\/\/api.w.org\/{rel}","templated":true}]}}