{"id":16487,"date":"2023-03-29T10:43:07","date_gmt":"2023-03-29T07:43:07","guid":{"rendered":"https:\/\/hilpdesign.com\/refund-and-returns-policy\/"},"modified":"2023-03-30T17:24:38","modified_gmt":"2023-03-30T14:24:38","slug":"refunds-returns","status":"publish","type":"page","link":"https:\/\/hilpdesign.com\/et\/refunds-returns\/","title":{"rendered":"Tagastamine"},"content":{"rendered":"<div data-elementor-type=\"wp-page\" data-elementor-id=\"16487\" class=\"elementor elementor-16487\" data-elementor-post-type=\"page\">\n\t\t\t\t\t\t<section class=\"elementor-section elementor-top-section elementor-element elementor-element-7b161616 elementor-section-boxed elementor-section-height-default elementor-section-height-default\" data-id=\"7b161616\" data-element_type=\"section\" data-e-type=\"section\">\n\t\t\t\t\t\t<div class=\"elementor-container elementor-column-gap-default\">\n\t\t\t\t\t<div class=\"elementor-column elementor-col-100 elementor-top-column elementor-element elementor-element-3ba7d59e\" data-id=\"3ba7d59e\" data-element_type=\"column\" data-e-type=\"column\">\n\t\t\t<div class=\"elementor-widget-wrap elementor-element-populated\">\n\t\t\t\t\t\t\t<\/div>\n\t\t<\/div>\n\t\t\t\t\t<\/div>\n\t\t<\/section>\n\t\t\t\t<section class=\"elementor-section elementor-top-section elementor-element elementor-element-296d9fc7 elementor-section-boxed elementor-section-height-default elementor-section-height-default\" data-id=\"296d9fc7\" data-element_type=\"section\" data-e-type=\"section\">\n\t\t\t\t\t\t<div class=\"elementor-container elementor-column-gap-default\">\n\t\t\t\t\t<div class=\"elementor-column elementor-col-100 elementor-top-column elementor-element elementor-element-654a08a0\" data-id=\"654a08a0\" data-element_type=\"column\" data-e-type=\"column\">\n\t\t\t<div class=\"elementor-widget-wrap elementor-element-populated\">\n\t\t\t\t\t\t<div class=\"elementor-element elementor-element-2f52ca03 elementor-widget elementor-widget-text-editor\" data-id=\"2f52ca03\" data-element_type=\"widget\" data-e-type=\"widget\" data-widget_type=\"text-editor.default\">\n\t\t\t\t<div class=\"elementor-widget-container\">\n\t\t\t\t\t\t\t\t\t<p><span style=\"color: var( --e-global-color-text );\"><b>Kuidas ma saan kauba tagastada?<br \/><\/b><\/span><span style=\"color: var( --e-global-color-text );\">1. Saada meile e-kiri toodete kohta, mida soovid tagastada v\u00f5i \u00fcmbervahetada. Palun lisa kirjale tellimuse kinnitus.<br \/><\/span><span style=\"color: var( --e-global-color-text );\">2. Saadame sulle vastu kirja, kus on tagastuse juhis.\u00a0<\/span><\/p>\n<p><span style=\"color: var( --e-global-color-text );\"><b>Kas tagastaminine on tasu eest?<\/b><br \/>Tagastamine on tasuta!<\/span><\/p>\n<p><span style=\"color: var( --e-global-color-text );\"><b>Mida ma saan tagastada?<br \/><\/b><\/span><span style=\"color: var( --e-global-color-text );\">P\u00e4rast tellimuse k\u00e4ttesaamist on sul v\u00f5imalus toode tagastada<\/span><span style=\"color: var( --e-global-color-text ); font-weight: 600;\">\u00a014 p\u00e4eva jooksul<\/span><span style=\"color: var( --e-global-color-text );\">. (alates paki k\u00e4ttesaamisest)<\/span><\/p>\n<p><span style=\"color: var( --e-global-color-text );\">1. Tagastatav kaup ei tohi olla kasutatud ning peab olema originaalpakendis. Tagastatud kaup ei tohi olla pestud ning tooted peavad olema puhtad ja terved.<br \/><\/span><span style=\"color: var( --e-global-color-text );\">2. Ostetud kaupa ei saa tagastada, kui tellitud toode on valmistatud arvestades tellija isiklikke vajadusi v\u00f5i tellija poolt esitatud tingimuste kohaselt.<br \/><\/span><span style=\"color: var( --e-global-color-text );\">3. Kinkekaarte ei saa tagastada.<\/span><\/p>\n<p><span style=\"color: var( --e-global-color-text );\"><b>Kas ma saan toote \u00fcmber vahetada?<br \/><\/b><\/span><span style=\"color: var( --e-global-color-text );\">1. Me saame toote \u00fcmbervahetada sama v\u00e4\u00e4rtusega toote vastu. Kui soovid saada teise v\u00e4\u00e4rtusega toodet, siis tuleb esimene toode tagastada ja teha uus tellimus.<br \/><\/span><span style=\"color: var( --e-global-color-text );\">2. Uus toode saadetakse v\u00e4lja, kui oleme k\u00e4tte saanud ja kontrollinud \u00fcle tagastuse.<\/span><\/p>\n<p><span style=\"color: var( --e-global-color-text );\"><b>Kui kaua l\u00e4heb aega tagasikandega?<br \/><\/b><\/span><span style=\"color: var( --e-global-color-text );\">1. Kui oleme tagastuse k\u00e4tte saanud, siis vaatame selle \u00fcle 7 p\u00e4eva jooksul.<br \/><\/span><span style=\"color: var( --e-global-color-text );\">2. Raha kanname tagasi Tellija arveldusarvele 1-10 p\u00e4eva jooksul peale tagastuse kontrolli.<\/span><\/p>\n<p><span style=\"color: var( --e-global-color-text );\"><b>Vajad abi?<br \/><\/b><\/span><span style=\"color: var( --e-global-color-text );\">Kirjuta admin@hilpdesign.com k\u00fcsimuste korral.<\/span><\/p>\t\t\t\t\t\t\t\t<\/div>\n\t\t\t\t<\/div>\n\t\t\t\t\t<\/div>\n\t\t<\/div>\n\t\t\t\t\t<\/div>\n\t\t<\/section>\n\t\t\t\t<\/div>","protected":false},"excerpt":{"rendered":"<p>How do I return?1. Send us an email about items you wish to return or exchange. Please attach\u00a0a\u00a0receipt to your email\u00a0message. (Send an e-mail to admin@hilpdesign.com)2. You will receive a confirmation email with shipping instructions once the return request has been approved.\u00a0 Are there any return shipping costs?Returns are free of charge! What items can [&hellip;]<\/p>\n","protected":false},"author":1,"featured_media":0,"parent":0,"menu_order":0,"comment_status":"closed","ping_status":"closed","template":"","meta":{"footnotes":""},"class_list":["post-16487","page","type-page","status-publish","hentry"],"yoast_head":"<!-- This site is optimized with the Yoast SEO plugin v27.2 - https:\/\/yoast.com\/product\/yoast-seo-wordpress\/ -->\n<title>Refund and Returns Policy - Hilp<\/title>\n<meta name=\"robots\" content=\"index, follow, max-snippet:-1, max-image-preview:large, max-video-preview:-1\" \/>\n<link rel=\"canonical\" href=\"https:\/\/hilpdesign.com\/et\/refunds-returns\/\" \/>\n<meta property=\"og:locale\" content=\"et_EE\" \/>\n<meta property=\"og:type\" content=\"article\" \/>\n<meta property=\"og:title\" content=\"Refund and Returns Policy - Hilp\" \/>\n<meta property=\"og:description\" content=\"How do I return?1. Send us an email about items you wish to return or exchange. Please attach\u00a0a\u00a0receipt to your email\u00a0message. (Send an e-mail to admin@hilpdesign.com)2. You will receive a confirmation email with shipping instructions once the return request has been approved.\u00a0 Are there any return shipping costs?Returns are free of charge! What items can [&hellip;]\" \/>\n<meta property=\"og:url\" content=\"https:\/\/hilpdesign.com\/et\/refunds-returns\/\" \/>\n<meta property=\"og:site_name\" content=\"Hilp\" \/>\n<meta property=\"article:publisher\" content=\"https:\/\/www.facebook.com\/HilpDesign\" \/>\n<meta property=\"article:modified_time\" content=\"2023-03-30T14:24:38+00:00\" \/>\n<meta property=\"og:image\" content=\"https:\/\/hilpdesign.com\/wp-content\/uploads\/2023\/03\/hilp_logo_mustal.jpg\" \/>\n\t<meta property=\"og:image:width\" content=\"1477\" \/>\n\t<meta property=\"og:image:height\" content=\"1477\" \/>\n\t<meta property=\"og:image:type\" content=\"image\/jpeg\" \/>\n<meta name=\"twitter:card\" content=\"summary_large_image\" \/>\n<meta name=\"twitter:label1\" content=\"Est. reading time\" \/>\n\t<meta name=\"twitter:data1\" content=\"2 minutit\" \/>\n<script type=\"application\/ld+json\" class=\"yoast-schema-graph\">{\"@context\":\"https:\/\/schema.org\",\"@graph\":[{\"@type\":\"WebPage\",\"@id\":\"https:\/\/hilpdesign.com\/refunds-returns\/\",\"url\":\"https:\/\/hilpdesign.com\/refunds-returns\/\",\"name\":\"Refund and Returns Policy - Hilp\",\"isPartOf\":{\"@id\":\"https:\/\/hilpdesign.com\/#website\"},\"datePublished\":\"2023-03-29T07:43:07+00:00\",\"dateModified\":\"2023-03-30T14:24:38+00:00\",\"breadcrumb\":{\"@id\":\"https:\/\/hilpdesign.com\/refunds-returns\/#breadcrumb\"},\"inLanguage\":\"et\",\"potentialAction\":[{\"@type\":\"ReadAction\",\"target\":[\"https:\/\/hilpdesign.com\/refunds-returns\/\"]}]},{\"@type\":\"BreadcrumbList\",\"@id\":\"https:\/\/hilpdesign.com\/refunds-returns\/#breadcrumb\",\"itemListElement\":[{\"@type\":\"ListItem\",\"position\":1,\"name\":\"Home\",\"item\":\"https:\/\/hilpdesign.com\/\"},{\"@type\":\"ListItem\",\"position\":2,\"name\":\"Refund and Returns Policy\"}]},{\"@type\":\"WebSite\",\"@id\":\"https:\/\/hilpdesign.com\/#website\",\"url\":\"https:\/\/hilpdesign.com\/\",\"name\":\"Hilp\",\"description\":\"Sustainable wear for kids &amp; adults\",\"publisher\":{\"@id\":\"https:\/\/hilpdesign.com\/#organization\"},\"alternateName\":\"Hilpdesign\",\"potentialAction\":[{\"@type\":\"SearchAction\",\"target\":{\"@type\":\"EntryPoint\",\"urlTemplate\":\"https:\/\/hilpdesign.com\/?s={search_term_string}\"},\"query-input\":{\"@type\":\"PropertyValueSpecification\",\"valueRequired\":true,\"valueName\":\"search_term_string\"}}],\"inLanguage\":\"et\"},{\"@type\":\"Organization\",\"@id\":\"https:\/\/hilpdesign.com\/#organization\",\"name\":\"Hilpdesign O\u00dc\",\"url\":\"https:\/\/hilpdesign.com\/\",\"logo\":{\"@type\":\"ImageObject\",\"inLanguage\":\"et\",\"@id\":\"https:\/\/hilpdesign.com\/#\/schema\/logo\/image\/\",\"url\":\"https:\/\/hilpdesign.com\/wp-content\/uploads\/2023\/03\/logo_viimane.png\",\"contentUrl\":\"https:\/\/hilpdesign.com\/wp-content\/uploads\/2023\/03\/logo_viimane.png\",\"width\":205,\"height\":112,\"caption\":\"Hilpdesign O\u00dc\"},\"image\":{\"@id\":\"https:\/\/hilpdesign.com\/#\/schema\/logo\/image\/\"},\"sameAs\":[\"https:\/\/www.facebook.com\/HilpDesign\",\"https:\/\/www.instagram.com\/hilpfashion\/\"]}]}<\/script>\n<!-- \/ Yoast SEO plugin. -->","yoast_head_json":{"title":"Refund and Returns Policy - Hilp","robots":{"index":"index","follow":"follow","max-snippet":"max-snippet:-1","max-image-preview":"max-image-preview:large","max-video-preview":"max-video-preview:-1"},"canonical":"https:\/\/hilpdesign.com\/et\/refunds-returns\/","og_locale":"et_EE","og_type":"article","og_title":"Refund and Returns Policy - Hilp","og_description":"How do I return?1. Send us an email about items you wish to return or exchange. Please attach\u00a0a\u00a0receipt to your email\u00a0message. (Send an e-mail to admin@hilpdesign.com)2. You will receive a confirmation email with shipping instructions once the return request has been approved.\u00a0 Are there any return shipping costs?Returns are free of charge! What items can [&hellip;]","og_url":"https:\/\/hilpdesign.com\/et\/refunds-returns\/","og_site_name":"Hilp","article_publisher":"https:\/\/www.facebook.com\/HilpDesign","article_modified_time":"2023-03-30T14:24:38+00:00","og_image":[{"width":1477,"height":1477,"url":"https:\/\/hilpdesign.com\/wp-content\/uploads\/2023\/03\/hilp_logo_mustal.jpg","type":"image\/jpeg"}],"twitter_card":"summary_large_image","twitter_misc":{"Est. reading time":"2 minutit"},"schema":{"@context":"https:\/\/schema.org","@graph":[{"@type":"WebPage","@id":"https:\/\/hilpdesign.com\/refunds-returns\/","url":"https:\/\/hilpdesign.com\/refunds-returns\/","name":"Refund and Returns Policy - Hilp","isPartOf":{"@id":"https:\/\/hilpdesign.com\/#website"},"datePublished":"2023-03-29T07:43:07+00:00","dateModified":"2023-03-30T14:24:38+00:00","breadcrumb":{"@id":"https:\/\/hilpdesign.com\/refunds-returns\/#breadcrumb"},"inLanguage":"et","potentialAction":[{"@type":"ReadAction","target":["https:\/\/hilpdesign.com\/refunds-returns\/"]}]},{"@type":"BreadcrumbList","@id":"https:\/\/hilpdesign.com\/refunds-returns\/#breadcrumb","itemListElement":[{"@type":"ListItem","position":1,"name":"Home","item":"https:\/\/hilpdesign.com\/"},{"@type":"ListItem","position":2,"name":"Refund and Returns Policy"}]},{"@type":"WebSite","@id":"https:\/\/hilpdesign.com\/#website","url":"https:\/\/hilpdesign.com\/","name":"Hilp","description":"Sustainable wear for kids &amp; adults","publisher":{"@id":"https:\/\/hilpdesign.com\/#organization"},"alternateName":"Hilpdesign","potentialAction":[{"@type":"SearchAction","target":{"@type":"EntryPoint","urlTemplate":"https:\/\/hilpdesign.com\/?s={search_term_string}"},"query-input":{"@type":"PropertyValueSpecification","valueRequired":true,"valueName":"search_term_string"}}],"inLanguage":"et"},{"@type":"Organization","@id":"https:\/\/hilpdesign.com\/#organization","name":"Hilpdesign O\u00dc","url":"https:\/\/hilpdesign.com\/","logo":{"@type":"ImageObject","inLanguage":"et","@id":"https:\/\/hilpdesign.com\/#\/schema\/logo\/image\/","url":"https:\/\/hilpdesign.com\/wp-content\/uploads\/2023\/03\/logo_viimane.png","contentUrl":"https:\/\/hilpdesign.com\/wp-content\/uploads\/2023\/03\/logo_viimane.png","width":205,"height":112,"caption":"Hilpdesign O\u00dc"},"image":{"@id":"https:\/\/hilpdesign.com\/#\/schema\/logo\/image\/"},"sameAs":["https:\/\/www.facebook.com\/HilpDesign","https:\/\/www.instagram.com\/hilpfashion\/"]}]}},"_links":{"self":[{"href":"https:\/\/hilpdesign.com\/et\/wp-json\/wp\/v2\/pages\/16487","targetHints":{"allow":["GET"]}}],"collection":[{"href":"https:\/\/hilpdesign.com\/et\/wp-json\/wp\/v2\/pages"}],"about":[{"href":"https:\/\/hilpdesign.com\/et\/wp-json\/wp\/v2\/types\/page"}],"author":[{"embeddable":true,"href":"https:\/\/hilpdesign.com\/et\/wp-json\/wp\/v2\/users\/1"}],"replies":[{"embeddable":true,"href":"https:\/\/hilpdesign.com\/et\/wp-json\/wp\/v2\/comments?post=16487"}],"version-history":[{"count":0,"href":"https:\/\/hilpdesign.com\/et\/wp-json\/wp\/v2\/pages\/16487\/revisions"}],"wp:attachment":[{"href":"https:\/\/hilpdesign.com\/et\/wp-json\/wp\/v2\/media?parent=16487"}],"curies":[{"name":"wp","href":"https:\/\/api.w.org\/{rel}","templated":true}]}}