{"id":16506,"date":"2023-03-29T10:43:10","date_gmt":"2023-03-29T07:43:10","guid":{"rendered":"http:\/\/hilp"},"modified":"2026-01-14T19:27:03","modified_gmt":"2026-01-14T17:27:03","slug":"man-guide","status":"publish","type":"page","link":"https:\/\/hilpdesign.com\/et\/man-guide\/","title":{"rendered":"Man Guide"},"content":{"rendered":"<p>Printe Unisex T-shirt<\/p>\n\n\n\n<figure class=\"wp-block-image size-large\"><img fetchpriority=\"high\" decoding=\"async\" width=\"1024\" height=\"645\" src=\"https:\/\/hilpdesign.com\/wp-content\/uploads\/2026\/01\/image-2-1024x645.png\" alt=\"\" class=\"wp-image-25830\" srcset=\"https:\/\/hilpdesign.com\/wp-content\/uploads\/2026\/01\/image-2-1024x645.png 1024w, https:\/\/hilpdesign.com\/wp-content\/uploads\/2026\/01\/image-2-300x189.png 300w, https:\/\/hilpdesign.com\/wp-content\/uploads\/2026\/01\/image-2-768x484.png 768w, https:\/\/hilpdesign.com\/wp-content\/uploads\/2026\/01\/image-2-18x12.png 18w, https:\/\/hilpdesign.com\/wp-content\/uploads\/2026\/01\/image-2-800x504.png 800w, https:\/\/hilpdesign.com\/wp-content\/uploads\/2026\/01\/image-2.png 1080w\" sizes=\"(max-width: 1024px) 100vw, 1024px\" \/><\/figure>\n\n\n\n<p>M\u00f5\u00f5dud v\u00f5ivad suurustabelist erineda kuni \u00b12 cm.<\/p>\n\n\n\n<p><br><strong>Meeste dressipluusid<\/strong><\/p>\n\n\n\n<figure class=\"wp-block-table is-style-stripes\"><table class=\"has-fixed-layout mtr-table mtr-tr-td\"><tbody><tr><td data-mtr-content=\"Size\" class=\"mtr-td-tag\"><div class=\"mtr-cell-content\">Suurus<\/div><\/td><td data-mtr-content=\"S\" class=\"mtr-td-tag\"><div class=\"mtr-cell-content\">S<\/div><\/td><td data-mtr-content=\"M\" class=\"mtr-td-tag\"><div class=\"mtr-cell-content\">M<\/div><\/td><td data-mtr-content=\"L\" class=\"mtr-td-tag\"><div class=\"mtr-cell-content\">L<\/div><\/td><td data-mtr-content=\"XL\" class=\"mtr-td-tag\"><div class=\"mtr-cell-content\">XL<\/div><\/td><\/tr><tr><td data-mtr-content=\"Size\" class=\"mtr-td-tag\"><div class=\"mtr-cell-content\">Laius cm (tolli)\u00a0\u00a0<\/div><\/td><td data-mtr-content=\"S\" class=\"mtr-td-tag\"><div class=\"mtr-cell-content\">51 (20.1)<\/div><\/td><td data-mtr-content=\"M\" class=\"mtr-td-tag\"><div class=\"mtr-cell-content\">55 (21.7)<\/div><\/td><td data-mtr-content=\"L\" class=\"mtr-td-tag\"><div class=\"mtr-cell-content\">59.5 (23.4)<\/div><\/td><td data-mtr-content=\"XL\" class=\"mtr-td-tag\"><div class=\"mtr-cell-content\">\u00a064 (25.2)<\/div><\/td><\/tr><tr><td data-mtr-content=\"Size\" class=\"mtr-td-tag\"><div class=\"mtr-cell-content\">Pikkus cm (tolli)<\/div><\/td><td data-mtr-content=\"S\" class=\"mtr-td-tag\"><div class=\"mtr-cell-content\">68 (26.8)<\/div><\/td><td data-mtr-content=\"M\" class=\"mtr-td-tag\"><div class=\"mtr-cell-content\">72 (28.4)<\/div><\/td><td data-mtr-content=\"L\" class=\"mtr-td-tag\"><div class=\"mtr-cell-content\">72.5 (28.5)<\/div><\/td><td data-mtr-content=\"XL\" class=\"mtr-td-tag\"><div class=\"mtr-cell-content\">\u00a075 (29.5)<\/div><\/td><\/tr><tr><td data-mtr-content=\"Size\" class=\"mtr-td-tag\"><div class=\"mtr-cell-content\">Varrukas cm (tolli)<\/div><\/td><td data-mtr-content=\"S\" class=\"mtr-td-tag\"><div class=\"mtr-cell-content\">64 (25.2)<\/div><\/td><td data-mtr-content=\"M\" class=\"mtr-td-tag\"><div class=\"mtr-cell-content\">66 (26)<\/div><\/td><td data-mtr-content=\"L\" class=\"mtr-td-tag\"><div class=\"mtr-cell-content\">66 (26)<\/div><\/td><td data-mtr-content=\"XL\" class=\"mtr-td-tag\"><div class=\"mtr-cell-content\">\u00a068 (26.8)<\/div><\/td><\/tr><\/tbody><\/table><\/figure>\n\n\n\n<div style=\"height:55px\" aria-hidden=\"true\" class=\"wp-block-spacer\"><\/div>\n\n\n<div class=\"wp-block-image\">\n<figure class=\"aligncenter size-large is-resized\"><img decoding=\"async\" src=\"https:\/\/hilpdesign.com\/wp-content\/uploads\/2023\/03\/sweatshirt_guide-768x560-1.jpg\" alt=\"\" style=\"width:384px;height:280px\"\/><\/figure>\n<\/div>\n\n\n<div style=\"height:100px\" aria-hidden=\"true\" class=\"wp-block-spacer\"><\/div>\n\n\n\n<p><strong>Meeste T-s\u00e4rgid<\/strong> (Applique)<\/p>\n\n\n\n<figure class=\"wp-block-table is-style-stripes\"><table class=\"has-fixed-layout mtr-table mtr-tr-td\"><tbody><tr><td data-mtr-content=\"Size\" class=\"mtr-td-tag\"><div class=\"mtr-cell-content\">Suurus<\/div><\/td><td data-mtr-content=\"S\" class=\"mtr-td-tag\"><div class=\"mtr-cell-content\">S<\/div><\/td><td data-mtr-content=\"M\" class=\"mtr-td-tag\"><div class=\"mtr-cell-content\">M<\/div><\/td><td data-mtr-content=\"L\" class=\"mtr-td-tag\"><div class=\"mtr-cell-content\">L<\/div><\/td><td data-mtr-content=\"XL\" class=\"mtr-td-tag\"><div class=\"mtr-cell-content\">XL<\/div><\/td><\/tr><tr><td data-mtr-content=\"Size\" class=\"mtr-td-tag\"><div class=\"mtr-cell-content\">Laius cm (tolli)\u00a0\u00a0<\/div><\/td><td data-mtr-content=\"S\" class=\"mtr-td-tag\"><div class=\"mtr-cell-content\">47\u00a0(18.5)<\/div><\/td><td data-mtr-content=\"M\" class=\"mtr-td-tag\"><div class=\"mtr-cell-content\">51\u00a0(20)<\/div><\/td><td data-mtr-content=\"L\" class=\"mtr-td-tag\"><div class=\"mtr-cell-content\">54 (21.6)<\/div><\/td><td data-mtr-content=\"XL\" class=\"mtr-td-tag\"><div class=\"mtr-cell-content\">56 (22)<\/div><\/td><\/tr><tr><td data-mtr-content=\"Size\" class=\"mtr-td-tag\"><div class=\"mtr-cell-content\">Pikkus cm (tolli)<\/div><\/td><td data-mtr-content=\"S\" class=\"mtr-td-tag\"><div class=\"mtr-cell-content\">68 (26.8)<\/div><\/td><td data-mtr-content=\"M\" class=\"mtr-td-tag\"><div class=\"mtr-cell-content\">70 (27.6)<\/div><\/td><td data-mtr-content=\"L\" class=\"mtr-td-tag\"><div class=\"mtr-cell-content\">73\u00a0(28.7)<\/div><\/td><td data-mtr-content=\"XL\" class=\"mtr-td-tag\"><div class=\"mtr-cell-content\">77 (30.3)<\/div><\/td><\/tr><\/tbody><\/table><\/figure>\n\n\n\n<div style=\"height:55px\" aria-hidden=\"true\" class=\"wp-block-spacer\"><\/div>\n\n\n<div class=\"wp-block-image\">\n<figure class=\"aligncenter size-large is-resized\"><img decoding=\"async\" src=\"https:\/\/hilpdesign.com\/wp-content\/uploads\/2023\/03\/shirt_size_guide-416x377-1.jpg\" alt=\"\" style=\"width:312px;height:283px\"\/><\/figure>\n<\/div>\n\n\n<div style=\"height:100px\" aria-hidden=\"true\" class=\"wp-block-spacer\"><\/div>\n\n\n\n<p><\/p>","protected":false},"excerpt":{"rendered":"<p>Printe Unisex T-shirt Measurements may vary by up to \u00b12 cm from the size chart. Men&#8217;s Sweatshirts Size S M L XL Width cm (inch)\u00a0\u00a0 51 (20.1) 55 (21.7) 59.5 (23.4) \u00a064 (25.2) Length cm (inch) 68 (26.8) 72 (28.4) 72.5 (28.5) \u00a075 (29.5) Sleeve cm (inch) 64 (25.2) 66 (26) 66 (26) \u00a068 (26.8) [&hellip;]<\/p>\n","protected":false},"author":1,"featured_media":0,"parent":0,"menu_order":0,"comment_status":"closed","ping_status":"closed","template":"","meta":{"footnotes":""},"class_list":["post-16506","page","type-page","status-publish","hentry"],"yoast_head":"<!-- This site is optimized with the Yoast SEO plugin v27.3 - https:\/\/yoast.com\/product\/yoast-seo-wordpress\/ -->\n<title>Man Guide - Hilp e-store<\/title>\n<meta name=\"description\" content=\"Click here to find out what size fits you best from our men&#039;s size guide. You can find measurements for men&#039;s sweatshirts and t-shirts.\" \/>\n<meta name=\"robots\" content=\"index, follow, max-snippet:-1, max-image-preview:large, max-video-preview:-1\" \/>\n<link rel=\"canonical\" href=\"https:\/\/hilpdesign.com\/et\/man-guide\/\" \/>\n<meta property=\"og:locale\" content=\"et_EE\" \/>\n<meta property=\"og:type\" content=\"article\" \/>\n<meta property=\"og:title\" content=\"Man Guide - Hilp e-store\" \/>\n<meta property=\"og:description\" content=\"Click here to find out what size fits you best from our men&#039;s size guide. You can find measurements for men&#039;s sweatshirts and t-shirts.\" \/>\n<meta property=\"og:url\" content=\"https:\/\/hilpdesign.com\/et\/man-guide\/\" \/>\n<meta property=\"og:site_name\" content=\"Hilp\" \/>\n<meta property=\"article:publisher\" content=\"https:\/\/www.facebook.com\/HilpDesign\" \/>\n<meta property=\"article:modified_time\" content=\"2026-01-14T17:27:03+00:00\" \/>\n<meta property=\"og:image\" content=\"https:\/\/hilpdesign.com\/wp-content\/uploads\/2026\/01\/image-2-1024x645.png\" \/>\n<meta name=\"twitter:card\" content=\"summary_large_image\" \/>\n<meta name=\"twitter:label1\" content=\"Est. reading time\" \/>\n\t<meta name=\"twitter:data1\" content=\"1 minut\" \/>\n<script type=\"application\/ld+json\" class=\"yoast-schema-graph\">{\"@context\":\"https:\\\/\\\/schema.org\",\"@graph\":[{\"@type\":\"WebPage\",\"@id\":\"https:\\\/\\\/hilpdesign.com\\\/et\\\/man-guide\\\/\",\"url\":\"https:\\\/\\\/hilpdesign.com\\\/et\\\/man-guide\\\/\",\"name\":\"Man Guide - Hilp e-store\",\"isPartOf\":{\"@id\":\"https:\\\/\\\/hilpdesign.com\\\/#website\"},\"primaryImageOfPage\":{\"@id\":\"https:\\\/\\\/hilpdesign.com\\\/et\\\/man-guide\\\/#primaryimage\"},\"image\":{\"@id\":\"https:\\\/\\\/hilpdesign.com\\\/et\\\/man-guide\\\/#primaryimage\"},\"thumbnailUrl\":\"https:\\\/\\\/hilpdesign.com\\\/wp-content\\\/uploads\\\/2026\\\/01\\\/image-2-1024x645.png\",\"datePublished\":\"2023-03-29T07:43:10+00:00\",\"dateModified\":\"2026-01-14T17:27:03+00:00\",\"description\":\"Click here to find out what size fits you best from our men's size guide. You can find measurements for men's sweatshirts and t-shirts.\",\"breadcrumb\":{\"@id\":\"https:\\\/\\\/hilpdesign.com\\\/et\\\/man-guide\\\/#breadcrumb\"},\"inLanguage\":\"et\",\"potentialAction\":[{\"@type\":\"ReadAction\",\"target\":[\"https:\\\/\\\/hilpdesign.com\\\/et\\\/man-guide\\\/\"]}]},{\"@type\":\"ImageObject\",\"inLanguage\":\"et\",\"@id\":\"https:\\\/\\\/hilpdesign.com\\\/et\\\/man-guide\\\/#primaryimage\",\"url\":\"https:\\\/\\\/hilpdesign.com\\\/wp-content\\\/uploads\\\/2026\\\/01\\\/image-2-1024x645.png\",\"contentUrl\":\"https:\\\/\\\/hilpdesign.com\\\/wp-content\\\/uploads\\\/2026\\\/01\\\/image-2-1024x645.png\"},{\"@type\":\"BreadcrumbList\",\"@id\":\"https:\\\/\\\/hilpdesign.com\\\/et\\\/man-guide\\\/#breadcrumb\",\"itemListElement\":[{\"@type\":\"ListItem\",\"position\":1,\"name\":\"Home\",\"item\":\"https:\\\/\\\/hilpdesign.com\\\/\"},{\"@type\":\"ListItem\",\"position\":2,\"name\":\"Man Guide\"}]},{\"@type\":\"WebSite\",\"@id\":\"https:\\\/\\\/hilpdesign.com\\\/#website\",\"url\":\"https:\\\/\\\/hilpdesign.com\\\/\",\"name\":\"Hilp\",\"description\":\"Sustainable wear for kids &amp; adults\",\"publisher\":{\"@id\":\"https:\\\/\\\/hilpdesign.com\\\/#organization\"},\"alternateName\":\"Hilpdesign\",\"potentialAction\":[{\"@type\":\"SearchAction\",\"target\":{\"@type\":\"EntryPoint\",\"urlTemplate\":\"https:\\\/\\\/hilpdesign.com\\\/?s={search_term_string}\"},\"query-input\":{\"@type\":\"PropertyValueSpecification\",\"valueRequired\":true,\"valueName\":\"search_term_string\"}}],\"inLanguage\":\"et\"},{\"@type\":\"Organization\",\"@id\":\"https:\\\/\\\/hilpdesign.com\\\/#organization\",\"name\":\"Hilpdesign O\u00dc\",\"url\":\"https:\\\/\\\/hilpdesign.com\\\/\",\"logo\":{\"@type\":\"ImageObject\",\"inLanguage\":\"et\",\"@id\":\"https:\\\/\\\/hilpdesign.com\\\/#\\\/schema\\\/logo\\\/image\\\/\",\"url\":\"https:\\\/\\\/hilpdesign.com\\\/wp-content\\\/uploads\\\/2023\\\/03\\\/logo_viimane.png\",\"contentUrl\":\"https:\\\/\\\/hilpdesign.com\\\/wp-content\\\/uploads\\\/2023\\\/03\\\/logo_viimane.png\",\"width\":205,\"height\":112,\"caption\":\"Hilpdesign O\u00dc\"},\"image\":{\"@id\":\"https:\\\/\\\/hilpdesign.com\\\/#\\\/schema\\\/logo\\\/image\\\/\"},\"sameAs\":[\"https:\\\/\\\/www.facebook.com\\\/HilpDesign\",\"https:\\\/\\\/www.instagram.com\\\/hilpfashion\\\/\"]}]}<\/script>\n<!-- \/ Yoast SEO plugin. -->","yoast_head_json":{"title":"Man Guide - Hilp e-store","description":"Click here to find out what size fits you best from our men's size guide. You can find measurements for men's sweatshirts and t-shirts.","robots":{"index":"index","follow":"follow","max-snippet":"max-snippet:-1","max-image-preview":"max-image-preview:large","max-video-preview":"max-video-preview:-1"},"canonical":"https:\/\/hilpdesign.com\/et\/man-guide\/","og_locale":"et_EE","og_type":"article","og_title":"Man Guide - Hilp e-store","og_description":"Click here to find out what size fits you best from our men's size guide. You can find measurements for men's sweatshirts and t-shirts.","og_url":"https:\/\/hilpdesign.com\/et\/man-guide\/","og_site_name":"Hilp","article_publisher":"https:\/\/www.facebook.com\/HilpDesign","article_modified_time":"2026-01-14T17:27:03+00:00","og_image":[{"url":"https:\/\/hilpdesign.com\/wp-content\/uploads\/2026\/01\/image-2-1024x645.png","type":"","width":"","height":""}],"twitter_card":"summary_large_image","twitter_misc":{"Est. reading time":"1 minut"},"schema":{"@context":"https:\/\/schema.org","@graph":[{"@type":"WebPage","@id":"https:\/\/hilpdesign.com\/et\/man-guide\/","url":"https:\/\/hilpdesign.com\/et\/man-guide\/","name":"Man Guide - Hilp e-store","isPartOf":{"@id":"https:\/\/hilpdesign.com\/#website"},"primaryImageOfPage":{"@id":"https:\/\/hilpdesign.com\/et\/man-guide\/#primaryimage"},"image":{"@id":"https:\/\/hilpdesign.com\/et\/man-guide\/#primaryimage"},"thumbnailUrl":"https:\/\/hilpdesign.com\/wp-content\/uploads\/2026\/01\/image-2-1024x645.png","datePublished":"2023-03-29T07:43:10+00:00","dateModified":"2026-01-14T17:27:03+00:00","description":"Click here to find out what size fits you best from our men's size guide. You can find measurements for men's sweatshirts and t-shirts.","breadcrumb":{"@id":"https:\/\/hilpdesign.com\/et\/man-guide\/#breadcrumb"},"inLanguage":"et","potentialAction":[{"@type":"ReadAction","target":["https:\/\/hilpdesign.com\/et\/man-guide\/"]}]},{"@type":"ImageObject","inLanguage":"et","@id":"https:\/\/hilpdesign.com\/et\/man-guide\/#primaryimage","url":"https:\/\/hilpdesign.com\/wp-content\/uploads\/2026\/01\/image-2-1024x645.png","contentUrl":"https:\/\/hilpdesign.com\/wp-content\/uploads\/2026\/01\/image-2-1024x645.png"},{"@type":"BreadcrumbList","@id":"https:\/\/hilpdesign.com\/et\/man-guide\/#breadcrumb","itemListElement":[{"@type":"ListItem","position":1,"name":"Home","item":"https:\/\/hilpdesign.com\/"},{"@type":"ListItem","position":2,"name":"Man Guide"}]},{"@type":"WebSite","@id":"https:\/\/hilpdesign.com\/#website","url":"https:\/\/hilpdesign.com\/","name":"Hilp","description":"Sustainable wear for kids &amp; adults","publisher":{"@id":"https:\/\/hilpdesign.com\/#organization"},"alternateName":"Hilpdesign","potentialAction":[{"@type":"SearchAction","target":{"@type":"EntryPoint","urlTemplate":"https:\/\/hilpdesign.com\/?s={search_term_string}"},"query-input":{"@type":"PropertyValueSpecification","valueRequired":true,"valueName":"search_term_string"}}],"inLanguage":"et"},{"@type":"Organization","@id":"https:\/\/hilpdesign.com\/#organization","name":"Hilpdesign O\u00dc","url":"https:\/\/hilpdesign.com\/","logo":{"@type":"ImageObject","inLanguage":"et","@id":"https:\/\/hilpdesign.com\/#\/schema\/logo\/image\/","url":"https:\/\/hilpdesign.com\/wp-content\/uploads\/2023\/03\/logo_viimane.png","contentUrl":"https:\/\/hilpdesign.com\/wp-content\/uploads\/2023\/03\/logo_viimane.png","width":205,"height":112,"caption":"Hilpdesign O\u00dc"},"image":{"@id":"https:\/\/hilpdesign.com\/#\/schema\/logo\/image\/"},"sameAs":["https:\/\/www.facebook.com\/HilpDesign","https:\/\/www.instagram.com\/hilpfashion\/"]}]}},"_links":{"self":[{"href":"https:\/\/hilpdesign.com\/et\/wp-json\/wp\/v2\/pages\/16506","targetHints":{"allow":["GET"]}}],"collection":[{"href":"https:\/\/hilpdesign.com\/et\/wp-json\/wp\/v2\/pages"}],"about":[{"href":"https:\/\/hilpdesign.com\/et\/wp-json\/wp\/v2\/types\/page"}],"author":[{"embeddable":true,"href":"https:\/\/hilpdesign.com\/et\/wp-json\/wp\/v2\/users\/1"}],"replies":[{"embeddable":true,"href":"https:\/\/hilpdesign.com\/et\/wp-json\/wp\/v2\/comments?post=16506"}],"version-history":[{"count":2,"href":"https:\/\/hilpdesign.com\/et\/wp-json\/wp\/v2\/pages\/16506\/revisions"}],"predecessor-version":[{"id":25831,"href":"https:\/\/hilpdesign.com\/et\/wp-json\/wp\/v2\/pages\/16506\/revisions\/25831"}],"wp:attachment":[{"href":"https:\/\/hilpdesign.com\/et\/wp-json\/wp\/v2\/media?parent=16506"}],"curies":[{"name":"wp","href":"https:\/\/api.w.org\/{rel}","templated":true}]}}