{"id":23778,"date":"2024-11-08T12:27:55","date_gmt":"2024-11-08T10:27:55","guid":{"rendered":"https:\/\/hilpdesign.com\/?page_id=23778"},"modified":"2025-11-10T10:03:07","modified_gmt":"2025-11-10T08:03:07","slug":"elementor-23778","status":"publish","type":"page","link":"https:\/\/hilpdesign.com\/et\/elementor-23778\/","title":{"rendered":"Enda lemmikuga pusa"},"content":{"rendered":"<div data-elementor-type=\"wp-page\" data-elementor-id=\"23778\" class=\"elementor elementor-23778\" data-elementor-post-type=\"page\">\n\t\t\t\t<div class=\"elementor-element elementor-element-1715613 e-flex e-con-boxed e-con e-parent\" data-id=\"1715613\" data-element_type=\"container\" data-e-type=\"container\">\n\t\t\t\t\t<div class=\"e-con-inner\">\n\t\t\t\t<div class=\"elementor-element elementor-element-d475e1f elementor-widget elementor-widget-spacer\" data-id=\"d475e1f\" data-element_type=\"widget\" data-e-type=\"widget\" data-widget_type=\"spacer.default\">\n\t\t\t\t<div class=\"elementor-widget-container\">\n\t\t\t\t\t\t\t<div class=\"elementor-spacer\">\n\t\t\t<div class=\"elementor-spacer-inner\"><\/div>\n\t\t<\/div>\n\t\t\t\t\t\t<\/div>\n\t\t\t\t<\/div>\n\t\t\t\t\t<\/div>\n\t\t\t\t<\/div>\n\t\t<div class=\"elementor-element elementor-element-998aefd e-flex e-con-boxed e-con e-parent\" data-id=\"998aefd\" data-element_type=\"container\" data-e-type=\"container\">\n\t\t\t\t\t<div class=\"e-con-inner\">\n\t\t<div class=\"elementor-element elementor-element-903f015 e-con-full e-flex e-con e-child\" data-id=\"903f015\" data-element_type=\"container\" data-e-type=\"container\">\n\t\t\t\t<div class=\"elementor-element elementor-element-7e18525 elementor-widget elementor-widget-text-editor\" data-id=\"7e18525\" data-element_type=\"widget\" data-e-type=\"widget\" data-widget_type=\"text-editor.default\">\n\t\t\t\t<div class=\"elementor-widget-container\">\n\t\t\t\t\t\t\t\t\t<h3><strong>Miks meilt tellida?<\/strong><\/h3>\n<ul>\n<li><strong>Toodetud Eestis<\/strong> \u2013 K\u00f5ik tooted on valmistatud hoolega parimatest materjalidest.<\/li>\n<li><strong>Unikaalne k\u00e4sit\u00f6\u00f6 aplikatsioon<\/strong> \u2013 K\u00e4sit\u00f6\u00f6 aplikatsioon on eristuv tr\u00fckist.<\/li>\n<li><strong>Tasuta n\u00e4idispildi tegemine sinnu lemmikust<\/strong> \u2013 Ennem tootmist saadame kavandi<\/li>\n<li><strong>Muudatused on tasuta<\/strong> \u2013 Teeme tasuta muudatusi kuni oled rahul kujundsega.<\/li><li><strong>J\u00e4tkusuutlik ja nahas\u00f5bralik<\/strong> \u2013 Kasutame nahas\u00f5bralikke materjale 95% puuvill 4% elastaan, pusad on seest m\u00f5nusalt pehmed ja venivad. S\u00e4rgid on samuti v\u00e4ga pehmed ja venivad. Aplikatsiooni taga on \u00f5huke liimikangas, mis on naha vastas pehme ja kaitsev niidi h\u00f5\u00f5rumise eest.<\/li>\n<li><strong>Taaskasutame j\u00e4\u00e4ke<\/strong> \u2013 Taaskasutame piltide jaoks kanga j\u00e4\u00e4ke, mis j\u00e4\u00e4vad \u00fcle tootmisest.<\/li>\n\n<\/ul>\t\t\t\t\t\t\t\t<\/div>\n\t\t\t\t<\/div>\n\t\t\t\t<\/div>\n\t\t\t\t\t<\/div>\n\t\t\t\t<\/div>\n\t\t<div class=\"elementor-element elementor-element-19b3c35 e-flex e-con-boxed e-con e-parent\" data-id=\"19b3c35\" data-element_type=\"container\" data-e-type=\"container\">\n\t\t\t\t\t<div class=\"e-con-inner\">\n\t\t\t\t<div class=\"elementor-element elementor-element-1bf80a6 elementor-widget elementor-widget-image-gallery\" data-id=\"1bf80a6\" data-element_type=\"widget\" data-e-type=\"widget\" data-widget_type=\"image-gallery.default\">\n\t\t\t\t<div class=\"elementor-widget-container\">\n\t\t\t\t\t\t\t<div class=\"elementor-image-gallery\">\n\t\t\t<div id='gallery-1' class='gallery galleryid-23778 gallery-columns-5 gallery-size-medium_large'><figure class='gallery-item'>\n\t\t\t<div class='gallery-icon portrait'>\n\t\t\t\t<a  href='https:\/\/hilpdesign.com\/wp-content\/uploads\/2024\/11\/20240326_162405.jpg'><img fetchpriority=\"high\" decoding=\"async\" width=\"768\" height=\"1027\" src=\"https:\/\/hilpdesign.com\/wp-content\/uploads\/2024\/11\/20240326_162405-768x1027.jpg\" class=\"attachment-medium_large size-medium_large\" alt=\"\" srcset=\"https:\/\/hilpdesign.com\/wp-content\/uploads\/2024\/11\/20240326_162405-768x1027.jpg 768w, https:\/\/hilpdesign.com\/wp-content\/uploads\/2024\/11\/20240326_162405-224x300.jpg 224w, https:\/\/hilpdesign.com\/wp-content\/uploads\/2024\/11\/20240326_162405-766x1024.jpg 766w, https:\/\/hilpdesign.com\/wp-content\/uploads\/2024\/11\/20240326_162405-1149x1536.jpg 1149w, https:\/\/hilpdesign.com\/wp-content\/uploads\/2024\/11\/20240326_162405-9x12.jpg 9w, https:\/\/hilpdesign.com\/wp-content\/uploads\/2024\/11\/20240326_162405-800x1070.jpg 800w, https:\/\/hilpdesign.com\/wp-content\/uploads\/2024\/11\/20240326_162405.jpg 1436w\" sizes=\"(max-width: 768px) 100vw, 768px\" \/><\/a>\n\t\t\t<\/div><\/figure><figure class='gallery-item'>\n\t\t\t<div class='gallery-icon portrait'>\n\t\t\t\t<a  href='https:\/\/hilpdesign.com\/wp-content\/uploads\/2024\/11\/20240411_183146.jpg'><img decoding=\"async\" width=\"768\" height=\"1027\" src=\"https:\/\/hilpdesign.com\/wp-content\/uploads\/2024\/11\/20240411_183146-768x1027.jpg\" class=\"attachment-medium_large size-medium_large\" alt=\"\" srcset=\"https:\/\/hilpdesign.com\/wp-content\/uploads\/2024\/11\/20240411_183146-768x1027.jpg 768w, https:\/\/hilpdesign.com\/wp-content\/uploads\/2024\/11\/20240411_183146-224x300.jpg 224w, https:\/\/hilpdesign.com\/wp-content\/uploads\/2024\/11\/20240411_183146-766x1024.jpg 766w, https:\/\/hilpdesign.com\/wp-content\/uploads\/2024\/11\/20240411_183146-1149x1536.jpg 1149w, https:\/\/hilpdesign.com\/wp-content\/uploads\/2024\/11\/20240411_183146-9x12.jpg 9w, https:\/\/hilpdesign.com\/wp-content\/uploads\/2024\/11\/20240411_183146-800x1070.jpg 800w, https:\/\/hilpdesign.com\/wp-content\/uploads\/2024\/11\/20240411_183146.jpg 1436w\" sizes=\"(max-width: 768px) 100vw, 768px\" \/><\/a>\n\t\t\t<\/div><\/figure><figure class='gallery-item'>\n\t\t\t<div class='gallery-icon portrait'>\n\t\t\t\t<a  href='https:\/\/hilpdesign.com\/wp-content\/uploads\/2024\/11\/20240326_162123.jpg'><img decoding=\"async\" width=\"768\" height=\"1027\" src=\"https:\/\/hilpdesign.com\/wp-content\/uploads\/2024\/11\/20240326_162123-768x1027.jpg\" class=\"attachment-medium_large size-medium_large\" alt=\"\" srcset=\"https:\/\/hilpdesign.com\/wp-content\/uploads\/2024\/11\/20240326_162123-768x1027.jpg 768w, https:\/\/hilpdesign.com\/wp-content\/uploads\/2024\/11\/20240326_162123-224x300.jpg 224w, https:\/\/hilpdesign.com\/wp-content\/uploads\/2024\/11\/20240326_162123-766x1024.jpg 766w, https:\/\/hilpdesign.com\/wp-content\/uploads\/2024\/11\/20240326_162123-1149x1536.jpg 1149w, https:\/\/hilpdesign.com\/wp-content\/uploads\/2024\/11\/20240326_162123-9x12.jpg 9w, https:\/\/hilpdesign.com\/wp-content\/uploads\/2024\/11\/20240326_162123-800x1070.jpg 800w, https:\/\/hilpdesign.com\/wp-content\/uploads\/2024\/11\/20240326_162123.jpg 1436w\" sizes=\"(max-width: 768px) 100vw, 768px\" \/><\/a>\n\t\t\t<\/div><\/figure><figure class='gallery-item'>\n\t\t\t<div class='gallery-icon portrait'>\n\t\t\t\t<a  href='https:\/\/hilpdesign.com\/wp-content\/uploads\/2024\/11\/20240319_134651.jpg'><img loading=\"lazy\" decoding=\"async\" width=\"768\" height=\"1027\" src=\"https:\/\/hilpdesign.com\/wp-content\/uploads\/2024\/11\/20240319_134651-768x1027.jpg\" class=\"attachment-medium_large size-medium_large\" alt=\"\" srcset=\"https:\/\/hilpdesign.com\/wp-content\/uploads\/2024\/11\/20240319_134651-768x1027.jpg 768w, https:\/\/hilpdesign.com\/wp-content\/uploads\/2024\/11\/20240319_134651-224x300.jpg 224w, https:\/\/hilpdesign.com\/wp-content\/uploads\/2024\/11\/20240319_134651-766x1024.jpg 766w, https:\/\/hilpdesign.com\/wp-content\/uploads\/2024\/11\/20240319_134651-1149x1536.jpg 1149w, https:\/\/hilpdesign.com\/wp-content\/uploads\/2024\/11\/20240319_134651-9x12.jpg 9w, https:\/\/hilpdesign.com\/wp-content\/uploads\/2024\/11\/20240319_134651-800x1070.jpg 800w, https:\/\/hilpdesign.com\/wp-content\/uploads\/2024\/11\/20240319_134651.jpg 1436w\" sizes=\"(max-width: 768px) 100vw, 768px\" \/><\/a>\n\t\t\t<\/div><\/figure><figure class='gallery-item'>\n\t\t\t<div class='gallery-icon portrait'>\n\t\t\t\t<a  href='https:\/\/hilpdesign.com\/wp-content\/uploads\/2024\/11\/20240503_132301.jpg'><img loading=\"lazy\" decoding=\"async\" width=\"768\" height=\"1027\" src=\"https:\/\/hilpdesign.com\/wp-content\/uploads\/2024\/11\/20240503_132301-768x1027.jpg\" class=\"attachment-medium_large size-medium_large\" alt=\"\" srcset=\"https:\/\/hilpdesign.com\/wp-content\/uploads\/2024\/11\/20240503_132301-768x1027.jpg 768w, https:\/\/hilpdesign.com\/wp-content\/uploads\/2024\/11\/20240503_132301-224x300.jpg 224w, https:\/\/hilpdesign.com\/wp-content\/uploads\/2024\/11\/20240503_132301-766x1024.jpg 766w, https:\/\/hilpdesign.com\/wp-content\/uploads\/2024\/11\/20240503_132301-1149x1536.jpg 1149w, https:\/\/hilpdesign.com\/wp-content\/uploads\/2024\/11\/20240503_132301-9x12.jpg 9w, https:\/\/hilpdesign.com\/wp-content\/uploads\/2024\/11\/20240503_132301-800x1070.jpg 800w, https:\/\/hilpdesign.com\/wp-content\/uploads\/2024\/11\/20240503_132301.jpg 1436w\" sizes=\"(max-width: 768px) 100vw, 768px\" \/><\/a>\n\t\t\t<\/div><\/figure>\n\t\t<\/div>\n\t\t<\/div>\n\t\t\t\t\t\t<\/div>\n\t\t\t\t<\/div>\n\t\t\t\t\t<\/div>\n\t\t\t\t<\/div>\n\t\t<div class=\"elementor-element elementor-element-5de2289 e-flex e-con-boxed e-con e-parent\" data-id=\"5de2289\" data-element_type=\"container\" data-e-type=\"container\">\n\t\t\t\t\t<div class=\"e-con-inner\">\n\t\t\t\t<div class=\"elementor-element elementor-element-ab1726c elementor-widget elementor-widget-spacer\" data-id=\"ab1726c\" data-element_type=\"widget\" data-e-type=\"widget\" data-widget_type=\"spacer.default\">\n\t\t\t\t<div class=\"elementor-widget-container\">\n\t\t\t\t\t\t\t<div class=\"elementor-spacer\">\n\t\t\t<div class=\"elementor-spacer-inner\"><\/div>\n\t\t<\/div>\n\t\t\t\t\t\t<\/div>\n\t\t\t\t<\/div>\n\t\t\t\t\t<\/div>\n\t\t\t\t<\/div>\n\t\t<div class=\"elementor-element elementor-element-6a04edc e-flex e-con-boxed e-con e-parent\" data-id=\"6a04edc\" data-element_type=\"container\" data-e-type=\"container\">\n\t\t\t\t\t<div class=\"e-con-inner\">\n\t\t\t\t<div class=\"elementor-element elementor-element-a500d8e elementor-widget elementor-widget-heading\" data-id=\"a500d8e\" data-element_type=\"widget\" data-e-type=\"widget\" data-widget_type=\"heading.default\">\n\t\t\t\t<div class=\"elementor-widget-container\">\n\t\t\t\t\t<h2 class=\"elementor-heading-title elementor-size-default\">Kuidas tellida?<\/h2>\t\t\t\t<\/div>\n\t\t\t\t<\/div>\n\t\t\t\t\t<\/div>\n\t\t\t\t<\/div>\n\t\t<div class=\"elementor-element elementor-element-52441bb e-flex e-con-boxed e-con e-parent\" data-id=\"52441bb\" data-element_type=\"container\" data-e-type=\"container\">\n\t\t\t\t\t<div class=\"e-con-inner\">\n\t\t\t\t<div class=\"elementor-element elementor-element-f83b90b elementor-widget elementor-widget-text-editor\" data-id=\"f83b90b\" data-element_type=\"widget\" data-e-type=\"widget\" data-widget_type=\"text-editor.default\">\n\t\t\t\t<div class=\"elementor-widget-container\">\n\t\t\t\t\t\t\t\t\t<ul><li><strong>Vali toode<\/strong>\u00a0<\/li><li><strong>Saada pilt<\/strong> Laadi palun selge otse vaates pilt enda lemmikust<\/li><li><strong>Kinnita meie kavand<\/strong> Saadame kavandi kinnitamiseks<\/li><li><strong>Maksa arve<\/strong> Peale kinnitust saadame arve 25EUR tikkimisfaili tegemise eest + toote hind (pusa 64,9 ja s\u00e4rk 39,9)<\/li><li><strong>Oota enda pusa\/s\u00e4rki<\/strong> Tootmine on kuni 2 n\u00e4dalat<\/li><\/ul>\t\t\t\t\t\t\t\t<\/div>\n\t\t\t\t<\/div>\n\t\t\t\t\t<\/div>\n\t\t\t\t<\/div>\n\t\t<div class=\"elementor-element elementor-element-9250835 e-flex e-con-boxed e-con e-parent\" data-id=\"9250835\" data-element_type=\"container\" data-e-type=\"container\">\n\t\t\t\t\t<div class=\"e-con-inner\">\n\t\t<div class=\"elementor-element elementor-element-dfcd97f e-con-full e-flex e-con e-child\" data-id=\"dfcd97f\" data-element_type=\"container\" data-e-type=\"container\">\n\t\t<div class=\"elementor-element elementor-element-8346f2c e-con-full e-flex e-con e-child\" data-id=\"8346f2c\" data-element_type=\"container\" data-e-type=\"container\">\n\t\t\t\t<div class=\"elementor-element elementor-element-d3db93a elementor-widget elementor-widget-html\" data-id=\"d3db93a\" data-element_type=\"widget\" data-e-type=\"widget\" data-widget_type=\"html.default\">\n\t\t\t\t<div class=\"elementor-widget-container\">\n\t\t\t\t\t<script src=\"https:\/\/static.elfsight.com\/platform\/platform.js\" async><\/script>\r\n<div class=\"elfsight-app-887f18b5-87a5-4182-8c73-ed14f7fe550b\" data-elfsight-app-lazy><\/div>\t\t\t\t<\/div>\n\t\t\t\t<\/div>\n\t\t\t\t<\/div>\n\t\t\t\t<\/div>\n\t\t\t\t\t<\/div>\n\t\t\t\t<\/div>\n\t\t<div class=\"elementor-element elementor-element-a391617 e-flex e-con-boxed e-con e-parent\" data-id=\"a391617\" data-element_type=\"container\" data-e-type=\"container\">\n\t\t\t\t\t<div class=\"e-con-inner\">\n\t\t\t\t\t<\/div>\n\t\t\t\t<\/div>\n\t\t\t\t<\/div>","protected":false},"excerpt":{"rendered":"<p>Why Choose Us? Made in Estonia \u2013 All our products are crafted with care, from the sweatshirt to the handmade applique. Unique Handmade Applique \u2013 Our custom appliques give each sweatshirt a one-of-a-kind look. Free Proof \u2013 We send a free proof of your design for approval. No Fee for Changes \u2013 We offer free [&hellip;]<\/p>\n","protected":false},"author":48,"featured_media":0,"parent":0,"menu_order":0,"comment_status":"closed","ping_status":"closed","template":"elementor_header_footer","meta":{"footnotes":""},"class_list":["post-23778","page","type-page","status-publish","hentry"],"yoast_head":"<!-- This site is optimized with the Yoast SEO plugin v27.3 - https:\/\/yoast.com\/product\/yoast-seo-wordpress\/ -->\n<title>Custom Pet Sweatshirt - Hilp<\/title>\n<meta name=\"robots\" content=\"index, follow, max-snippet:-1, max-image-preview:large, max-video-preview:-1\" \/>\n<link rel=\"canonical\" href=\"https:\/\/hilpdesign.com\/et\/elementor-23778\/\" \/>\n<meta property=\"og:locale\" content=\"et_EE\" \/>\n<meta property=\"og:type\" content=\"article\" \/>\n<meta property=\"og:title\" content=\"Custom Pet Sweatshirt - Hilp\" \/>\n<meta property=\"og:description\" content=\"Why Choose Us? Made in Estonia \u2013 All our products are crafted with care, from the sweatshirt to the handmade applique. Unique Handmade Applique \u2013 Our custom appliques give each sweatshirt a one-of-a-kind look. Free Proof \u2013 We send a free proof of your design for approval. No Fee for Changes \u2013 We offer free [&hellip;]\" \/>\n<meta property=\"og:url\" content=\"https:\/\/hilpdesign.com\/et\/elementor-23778\/\" \/>\n<meta property=\"og:site_name\" content=\"Hilp\" \/>\n<meta property=\"article:publisher\" content=\"https:\/\/www.facebook.com\/HilpDesign\" \/>\n<meta property=\"article:modified_time\" content=\"2025-11-10T08:03:07+00:00\" \/>\n<meta property=\"og:image\" content=\"https:\/\/hilpdesign.com\/wp-content\/uploads\/2024\/11\/20240326_162405-768x1027.jpg\" \/>\n<meta name=\"twitter:card\" content=\"summary_large_image\" \/>\n<meta name=\"twitter:label1\" content=\"Est. reading time\" \/>\n\t<meta name=\"twitter:data1\" content=\"2 minutit\" \/>\n<script type=\"application\/ld+json\" class=\"yoast-schema-graph\">{\"@context\":\"https:\\\/\\\/schema.org\",\"@graph\":[{\"@type\":\"WebPage\",\"@id\":\"https:\\\/\\\/hilpdesign.com\\\/et\\\/elementor-23778\\\/\",\"url\":\"https:\\\/\\\/hilpdesign.com\\\/et\\\/elementor-23778\\\/\",\"name\":\"Custom Pet Sweatshirt - Hilp\",\"isPartOf\":{\"@id\":\"https:\\\/\\\/hilpdesign.com\\\/#website\"},\"primaryImageOfPage\":{\"@id\":\"https:\\\/\\\/hilpdesign.com\\\/et\\\/elementor-23778\\\/#primaryimage\"},\"image\":{\"@id\":\"https:\\\/\\\/hilpdesign.com\\\/et\\\/elementor-23778\\\/#primaryimage\"},\"thumbnailUrl\":\"https:\\\/\\\/hilpdesign.com\\\/wp-content\\\/uploads\\\/2024\\\/11\\\/20240326_162405-768x1027.jpg\",\"datePublished\":\"2024-11-08T10:27:55+00:00\",\"dateModified\":\"2025-11-10T08:03:07+00:00\",\"breadcrumb\":{\"@id\":\"https:\\\/\\\/hilpdesign.com\\\/et\\\/elementor-23778\\\/#breadcrumb\"},\"inLanguage\":\"et\",\"potentialAction\":[{\"@type\":\"ReadAction\",\"target\":[\"https:\\\/\\\/hilpdesign.com\\\/et\\\/elementor-23778\\\/\"]}]},{\"@type\":\"ImageObject\",\"inLanguage\":\"et\",\"@id\":\"https:\\\/\\\/hilpdesign.com\\\/et\\\/elementor-23778\\\/#primaryimage\",\"url\":\"https:\\\/\\\/hilpdesign.com\\\/wp-content\\\/uploads\\\/2024\\\/11\\\/20240326_162405-768x1027.jpg\",\"contentUrl\":\"https:\\\/\\\/hilpdesign.com\\\/wp-content\\\/uploads\\\/2024\\\/11\\\/20240326_162405-768x1027.jpg\"},{\"@type\":\"BreadcrumbList\",\"@id\":\"https:\\\/\\\/hilpdesign.com\\\/et\\\/elementor-23778\\\/#breadcrumb\",\"itemListElement\":[{\"@type\":\"ListItem\",\"position\":1,\"name\":\"Home\",\"item\":\"https:\\\/\\\/hilpdesign.com\\\/\"},{\"@type\":\"ListItem\",\"position\":2,\"name\":\"Custom Pet Sweatshirt\"}]},{\"@type\":\"WebSite\",\"@id\":\"https:\\\/\\\/hilpdesign.com\\\/#website\",\"url\":\"https:\\\/\\\/hilpdesign.com\\\/\",\"name\":\"Hilp\",\"description\":\"Sustainable wear for kids &amp; adults\",\"publisher\":{\"@id\":\"https:\\\/\\\/hilpdesign.com\\\/#organization\"},\"alternateName\":\"Hilpdesign\",\"potentialAction\":[{\"@type\":\"SearchAction\",\"target\":{\"@type\":\"EntryPoint\",\"urlTemplate\":\"https:\\\/\\\/hilpdesign.com\\\/?s={search_term_string}\"},\"query-input\":{\"@type\":\"PropertyValueSpecification\",\"valueRequired\":true,\"valueName\":\"search_term_string\"}}],\"inLanguage\":\"et\"},{\"@type\":\"Organization\",\"@id\":\"https:\\\/\\\/hilpdesign.com\\\/#organization\",\"name\":\"Hilpdesign O\u00dc\",\"url\":\"https:\\\/\\\/hilpdesign.com\\\/\",\"logo\":{\"@type\":\"ImageObject\",\"inLanguage\":\"et\",\"@id\":\"https:\\\/\\\/hilpdesign.com\\\/#\\\/schema\\\/logo\\\/image\\\/\",\"url\":\"https:\\\/\\\/hilpdesign.com\\\/wp-content\\\/uploads\\\/2023\\\/03\\\/logo_viimane.png\",\"contentUrl\":\"https:\\\/\\\/hilpdesign.com\\\/wp-content\\\/uploads\\\/2023\\\/03\\\/logo_viimane.png\",\"width\":205,\"height\":112,\"caption\":\"Hilpdesign O\u00dc\"},\"image\":{\"@id\":\"https:\\\/\\\/hilpdesign.com\\\/#\\\/schema\\\/logo\\\/image\\\/\"},\"sameAs\":[\"https:\\\/\\\/www.facebook.com\\\/HilpDesign\",\"https:\\\/\\\/www.instagram.com\\\/hilpfashion\\\/\"]}]}<\/script>\n<!-- \/ Yoast SEO plugin. -->","yoast_head_json":{"title":"Custom Pet Sweatshirt - Hilp","robots":{"index":"index","follow":"follow","max-snippet":"max-snippet:-1","max-image-preview":"max-image-preview:large","max-video-preview":"max-video-preview:-1"},"canonical":"https:\/\/hilpdesign.com\/et\/elementor-23778\/","og_locale":"et_EE","og_type":"article","og_title":"Custom Pet Sweatshirt - Hilp","og_description":"Why Choose Us? Made in Estonia \u2013 All our products are crafted with care, from the sweatshirt to the handmade applique. Unique Handmade Applique \u2013 Our custom appliques give each sweatshirt a one-of-a-kind look. Free Proof \u2013 We send a free proof of your design for approval. No Fee for Changes \u2013 We offer free [&hellip;]","og_url":"https:\/\/hilpdesign.com\/et\/elementor-23778\/","og_site_name":"Hilp","article_publisher":"https:\/\/www.facebook.com\/HilpDesign","article_modified_time":"2025-11-10T08:03:07+00:00","og_image":[{"url":"https:\/\/hilpdesign.com\/wp-content\/uploads\/2024\/11\/20240326_162405-768x1027.jpg","type":"","width":"","height":""}],"twitter_card":"summary_large_image","twitter_misc":{"Est. reading time":"2 minutit"},"schema":{"@context":"https:\/\/schema.org","@graph":[{"@type":"WebPage","@id":"https:\/\/hilpdesign.com\/et\/elementor-23778\/","url":"https:\/\/hilpdesign.com\/et\/elementor-23778\/","name":"Custom Pet Sweatshirt - Hilp","isPartOf":{"@id":"https:\/\/hilpdesign.com\/#website"},"primaryImageOfPage":{"@id":"https:\/\/hilpdesign.com\/et\/elementor-23778\/#primaryimage"},"image":{"@id":"https:\/\/hilpdesign.com\/et\/elementor-23778\/#primaryimage"},"thumbnailUrl":"https:\/\/hilpdesign.com\/wp-content\/uploads\/2024\/11\/20240326_162405-768x1027.jpg","datePublished":"2024-11-08T10:27:55+00:00","dateModified":"2025-11-10T08:03:07+00:00","breadcrumb":{"@id":"https:\/\/hilpdesign.com\/et\/elementor-23778\/#breadcrumb"},"inLanguage":"et","potentialAction":[{"@type":"ReadAction","target":["https:\/\/hilpdesign.com\/et\/elementor-23778\/"]}]},{"@type":"ImageObject","inLanguage":"et","@id":"https:\/\/hilpdesign.com\/et\/elementor-23778\/#primaryimage","url":"https:\/\/hilpdesign.com\/wp-content\/uploads\/2024\/11\/20240326_162405-768x1027.jpg","contentUrl":"https:\/\/hilpdesign.com\/wp-content\/uploads\/2024\/11\/20240326_162405-768x1027.jpg"},{"@type":"BreadcrumbList","@id":"https:\/\/hilpdesign.com\/et\/elementor-23778\/#breadcrumb","itemListElement":[{"@type":"ListItem","position":1,"name":"Home","item":"https:\/\/hilpdesign.com\/"},{"@type":"ListItem","position":2,"name":"Custom Pet Sweatshirt"}]},{"@type":"WebSite","@id":"https:\/\/hilpdesign.com\/#website","url":"https:\/\/hilpdesign.com\/","name":"Hilp","description":"Sustainable wear for kids &amp; adults","publisher":{"@id":"https:\/\/hilpdesign.com\/#organization"},"alternateName":"Hilpdesign","potentialAction":[{"@type":"SearchAction","target":{"@type":"EntryPoint","urlTemplate":"https:\/\/hilpdesign.com\/?s={search_term_string}"},"query-input":{"@type":"PropertyValueSpecification","valueRequired":true,"valueName":"search_term_string"}}],"inLanguage":"et"},{"@type":"Organization","@id":"https:\/\/hilpdesign.com\/#organization","name":"Hilpdesign O\u00dc","url":"https:\/\/hilpdesign.com\/","logo":{"@type":"ImageObject","inLanguage":"et","@id":"https:\/\/hilpdesign.com\/#\/schema\/logo\/image\/","url":"https:\/\/hilpdesign.com\/wp-content\/uploads\/2023\/03\/logo_viimane.png","contentUrl":"https:\/\/hilpdesign.com\/wp-content\/uploads\/2023\/03\/logo_viimane.png","width":205,"height":112,"caption":"Hilpdesign O\u00dc"},"image":{"@id":"https:\/\/hilpdesign.com\/#\/schema\/logo\/image\/"},"sameAs":["https:\/\/www.facebook.com\/HilpDesign","https:\/\/www.instagram.com\/hilpfashion\/"]}]}},"_links":{"self":[{"href":"https:\/\/hilpdesign.com\/et\/wp-json\/wp\/v2\/pages\/23778","targetHints":{"allow":["GET"]}}],"collection":[{"href":"https:\/\/hilpdesign.com\/et\/wp-json\/wp\/v2\/pages"}],"about":[{"href":"https:\/\/hilpdesign.com\/et\/wp-json\/wp\/v2\/types\/page"}],"author":[{"embeddable":true,"href":"https:\/\/hilpdesign.com\/et\/wp-json\/wp\/v2\/users\/48"}],"replies":[{"embeddable":true,"href":"https:\/\/hilpdesign.com\/et\/wp-json\/wp\/v2\/comments?post=23778"}],"version-history":[{"count":3,"href":"https:\/\/hilpdesign.com\/et\/wp-json\/wp\/v2\/pages\/23778\/revisions"}],"predecessor-version":[{"id":25612,"href":"https:\/\/hilpdesign.com\/et\/wp-json\/wp\/v2\/pages\/23778\/revisions\/25612"}],"wp:attachment":[{"href":"https:\/\/hilpdesign.com\/et\/wp-json\/wp\/v2\/media?parent=23778"}],"curies":[{"name":"wp","href":"https:\/\/api.w.org\/{rel}","templated":true}]}}