{"id":16064,"date":"2023-03-27T19:11:36","date_gmt":"2023-03-27T16:11:36","guid":{"rendered":"https:\/\/hilpdesign.com\/?post_type=product&#038;p=16064"},"modified":"2025-01-31T22:13:56","modified_gmt":"2025-01-31T20:13:56","slug":"grumpy-cat-mug","status":"publish","type":"product","link":"https:\/\/hilpdesign.com\/et\/toode\/grumpy-cat-mug\/","title":{"rendered":"Toriseva kassi kruus"},"content":{"rendered":"<ul>\n<li>Keraamiline<\/li>\n<li>K\u00f5rgus: 9.6<\/li>\n<li>Diameeter: 8.3 cm<\/li>\n<li>V\u00e4rviline sang ja sisu<\/li>\n<li>V\u00f5ib peste n\u00f5udepesumasinas<\/li>\n<li>Designed and printed in Estonia<\/li>\n<\/ul>","protected":false},"excerpt":{"rendered":"<p><strong>Olete hommikuse kohvita tusane? N\u00fc\u00fcd saate oma jooki nautida stiilselt toriseva kassi kruusiga!<\/strong><\/p>\n<p>Valmistatud vastupidavast kuumakindlast keraamilisest materjalist, see 11 oz kruus on ideaalne igasuguse joogi jaoks, mis aitab teil hommikust tuju t\u00f5sta. K\u00f5rguselt 3.79 \u2033 (9.6 cm) ja l\u00e4bim\u00f5\u00f5dult 3.27 \u2033 (8.3 cm) on see t\u00e4iuslik suurus teie lemmiku joogi hoidmiseks.<\/p>\n<p>&nbsp;<\/p>","protected":false},"featured_media":16072,"template":"","meta":[],"product_brand":[],"product_cat":[82],"product_tag":[26,397,394,383],"class_list":{"0":"post-16064","1":"product","2":"type-product","3":"status-publish","4":"has-post-thumbnail","6":"product_cat-mugs","7":"product_tag-cat","8":"product_tag-coffee","9":"product_tag-fathersday","10":"product_tag-mothers-day","11":"product_shipping_class-mugs","13":"first","14":"instock","15":"taxable","16":"shipping-taxable","17":"purchasable","18":"product-type-simple"},"yoast_head":"<!-- This site is optimized with the Yoast SEO plugin v27.2 - https:\/\/yoast.com\/product\/yoast-seo-wordpress\/ -->\n<title>Grumpy Cat Mug - Hilp | Funny mugs for Home &amp; Office!<\/title>\n<meta name=\"description\" content=\"Funny office mug for all you Grumpy Cats! Don&#039;t talk to people before they&#039;ve had their coffee \u2014 unless you want to get yelled at, that is.\" \/>\n<meta name=\"robots\" content=\"index, follow, max-snippet:-1, max-image-preview:large, max-video-preview:-1\" \/>\n<link rel=\"canonical\" href=\"https:\/\/hilpdesign.com\/et\/toode\/grumpy-cat-mug\/\" \/>\n<meta property=\"og:locale\" content=\"et_EE\" \/>\n<meta property=\"og:type\" content=\"article\" \/>\n<meta property=\"og:title\" content=\"Grumpy Cat Mug - Hilp | Funny mugs for Home &amp; Office!\" \/>\n<meta property=\"og:description\" content=\"Funny office mug for all you Grumpy Cats! Don&#039;t talk to people before they&#039;ve had their coffee \u2014 unless you want to get yelled at, that is.\" \/>\n<meta property=\"og:url\" content=\"https:\/\/hilpdesign.com\/et\/toode\/grumpy-cat-mug\/\" \/>\n<meta property=\"og:site_name\" content=\"Hilp\" \/>\n<meta property=\"article:publisher\" content=\"https:\/\/www.facebook.com\/HilpDesign\" \/>\n<meta property=\"article:modified_time\" content=\"2025-01-31T20:13:56+00:00\" \/>\n<meta property=\"og:image\" content=\"https:\/\/hilpdesign.com\/wp-content\/uploads\/2023\/03\/Grumpy_Cat_mug.png\" \/>\n\t<meta property=\"og:image:width\" content=\"800\" \/>\n\t<meta property=\"og:image:height\" content=\"800\" \/>\n\t<meta property=\"og:image:type\" content=\"image\/png\" \/>\n<meta name=\"twitter:card\" content=\"summary_large_image\" \/>\n<meta name=\"twitter:label1\" content=\"Est. reading time\" \/>\n\t<meta name=\"twitter:data1\" content=\"1 minut\" \/>\n<script type=\"application\/ld+json\" class=\"yoast-schema-graph\">{\"@context\":\"https:\/\/schema.org\",\"@graph\":[{\"@type\":\"WebPage\",\"@id\":\"https:\/\/hilpdesign.com\/et\/toode\/grumpy-cat-mug\/\",\"url\":\"https:\/\/hilpdesign.com\/et\/toode\/grumpy-cat-mug\/\",\"name\":\"Grumpy Cat Mug - Hilp | Funny mugs for Home & Office!\",\"isPartOf\":{\"@id\":\"https:\/\/hilpdesign.com\/#website\"},\"primaryImageOfPage\":{\"@id\":\"https:\/\/hilpdesign.com\/et\/toode\/grumpy-cat-mug\/#primaryimage\"},\"image\":{\"@id\":\"https:\/\/hilpdesign.com\/et\/toode\/grumpy-cat-mug\/#primaryimage\"},\"thumbnailUrl\":\"https:\/\/hilpdesign.com\/wp-content\/uploads\/2023\/03\/Grumpy_Cat_mug.png\",\"datePublished\":\"2023-03-27T16:11:36+00:00\",\"dateModified\":\"2025-01-31T20:13:56+00:00\",\"description\":\"Funny office mug for all you Grumpy Cats! Don't talk to people before they've had their coffee \u2014 unless you want to get yelled at, that is.\",\"breadcrumb\":{\"@id\":\"https:\/\/hilpdesign.com\/et\/toode\/grumpy-cat-mug\/#breadcrumb\"},\"inLanguage\":\"et\",\"potentialAction\":[{\"@type\":\"ReadAction\",\"target\":[\"https:\/\/hilpdesign.com\/et\/toode\/grumpy-cat-mug\/\"]}]},{\"@type\":\"ImageObject\",\"inLanguage\":\"et\",\"@id\":\"https:\/\/hilpdesign.com\/et\/toode\/grumpy-cat-mug\/#primaryimage\",\"url\":\"https:\/\/hilpdesign.com\/wp-content\/uploads\/2023\/03\/Grumpy_Cat_mug.png\",\"contentUrl\":\"https:\/\/hilpdesign.com\/wp-content\/uploads\/2023\/03\/Grumpy_Cat_mug.png\",\"width\":800,\"height\":800},{\"@type\":\"BreadcrumbList\",\"@id\":\"https:\/\/hilpdesign.com\/et\/toode\/grumpy-cat-mug\/#breadcrumb\",\"itemListElement\":[{\"@type\":\"ListItem\",\"position\":1,\"name\":\"Home\",\"item\":\"https:\/\/hilpdesign.com\/\"},{\"@type\":\"ListItem\",\"position\":2,\"name\":\"Shop\",\"item\":\"https:\/\/hilpdesign.com\/shop\/\"},{\"@type\":\"ListItem\",\"position\":3,\"name\":\"Grumpy Cat Mug\"}]},{\"@type\":\"WebSite\",\"@id\":\"https:\/\/hilpdesign.com\/#website\",\"url\":\"https:\/\/hilpdesign.com\/\",\"name\":\"Hilp\",\"description\":\"Sustainable wear for kids &amp; adults\",\"publisher\":{\"@id\":\"https:\/\/hilpdesign.com\/#organization\"},\"alternateName\":\"Hilpdesign\",\"potentialAction\":[{\"@type\":\"SearchAction\",\"target\":{\"@type\":\"EntryPoint\",\"urlTemplate\":\"https:\/\/hilpdesign.com\/?s={search_term_string}\"},\"query-input\":{\"@type\":\"PropertyValueSpecification\",\"valueRequired\":true,\"valueName\":\"search_term_string\"}}],\"inLanguage\":\"et\"},{\"@type\":\"Organization\",\"@id\":\"https:\/\/hilpdesign.com\/#organization\",\"name\":\"Hilpdesign O\u00dc\",\"url\":\"https:\/\/hilpdesign.com\/\",\"logo\":{\"@type\":\"ImageObject\",\"inLanguage\":\"et\",\"@id\":\"https:\/\/hilpdesign.com\/#\/schema\/logo\/image\/\",\"url\":\"https:\/\/hilpdesign.com\/wp-content\/uploads\/2023\/03\/logo_viimane.png\",\"contentUrl\":\"https:\/\/hilpdesign.com\/wp-content\/uploads\/2023\/03\/logo_viimane.png\",\"width\":205,\"height\":112,\"caption\":\"Hilpdesign O\u00dc\"},\"image\":{\"@id\":\"https:\/\/hilpdesign.com\/#\/schema\/logo\/image\/\"},\"sameAs\":[\"https:\/\/www.facebook.com\/HilpDesign\",\"https:\/\/www.instagram.com\/hilpfashion\/\"]}]}<\/script>\n<!-- \/ Yoast SEO plugin. -->","yoast_head_json":{"title":"Grumpy Cat Mug - Hilp | Funny mugs for Home & Office!","description":"Funny office mug for all you Grumpy Cats! Don't talk to people before they've had their coffee \u2014 unless you want to get yelled at, that is.","robots":{"index":"index","follow":"follow","max-snippet":"max-snippet:-1","max-image-preview":"max-image-preview:large","max-video-preview":"max-video-preview:-1"},"canonical":"https:\/\/hilpdesign.com\/et\/toode\/grumpy-cat-mug\/","og_locale":"et_EE","og_type":"article","og_title":"Grumpy Cat Mug - Hilp | Funny mugs for Home & Office!","og_description":"Funny office mug for all you Grumpy Cats! Don't talk to people before they've had their coffee \u2014 unless you want to get yelled at, that is.","og_url":"https:\/\/hilpdesign.com\/et\/toode\/grumpy-cat-mug\/","og_site_name":"Hilp","article_publisher":"https:\/\/www.facebook.com\/HilpDesign","article_modified_time":"2025-01-31T20:13:56+00:00","og_image":[{"width":800,"height":800,"url":"https:\/\/hilpdesign.com\/wp-content\/uploads\/2023\/03\/Grumpy_Cat_mug.png","type":"image\/png"}],"twitter_card":"summary_large_image","twitter_misc":{"Est. reading time":"1 minut"},"schema":{"@context":"https:\/\/schema.org","@graph":[{"@type":"WebPage","@id":"https:\/\/hilpdesign.com\/et\/toode\/grumpy-cat-mug\/","url":"https:\/\/hilpdesign.com\/et\/toode\/grumpy-cat-mug\/","name":"Grumpy Cat Mug - Hilp | Funny mugs for Home & Office!","isPartOf":{"@id":"https:\/\/hilpdesign.com\/#website"},"primaryImageOfPage":{"@id":"https:\/\/hilpdesign.com\/et\/toode\/grumpy-cat-mug\/#primaryimage"},"image":{"@id":"https:\/\/hilpdesign.com\/et\/toode\/grumpy-cat-mug\/#primaryimage"},"thumbnailUrl":"https:\/\/hilpdesign.com\/wp-content\/uploads\/2023\/03\/Grumpy_Cat_mug.png","datePublished":"2023-03-27T16:11:36+00:00","dateModified":"2025-01-31T20:13:56+00:00","description":"Funny office mug for all you Grumpy Cats! Don't talk to people before they've had their coffee \u2014 unless you want to get yelled at, that is.","breadcrumb":{"@id":"https:\/\/hilpdesign.com\/et\/toode\/grumpy-cat-mug\/#breadcrumb"},"inLanguage":"et","potentialAction":[{"@type":"ReadAction","target":["https:\/\/hilpdesign.com\/et\/toode\/grumpy-cat-mug\/"]}]},{"@type":"ImageObject","inLanguage":"et","@id":"https:\/\/hilpdesign.com\/et\/toode\/grumpy-cat-mug\/#primaryimage","url":"https:\/\/hilpdesign.com\/wp-content\/uploads\/2023\/03\/Grumpy_Cat_mug.png","contentUrl":"https:\/\/hilpdesign.com\/wp-content\/uploads\/2023\/03\/Grumpy_Cat_mug.png","width":800,"height":800},{"@type":"BreadcrumbList","@id":"https:\/\/hilpdesign.com\/et\/toode\/grumpy-cat-mug\/#breadcrumb","itemListElement":[{"@type":"ListItem","position":1,"name":"Home","item":"https:\/\/hilpdesign.com\/"},{"@type":"ListItem","position":2,"name":"Shop","item":"https:\/\/hilpdesign.com\/shop\/"},{"@type":"ListItem","position":3,"name":"Grumpy Cat Mug"}]},{"@type":"WebSite","@id":"https:\/\/hilpdesign.com\/#website","url":"https:\/\/hilpdesign.com\/","name":"Hilp","description":"Sustainable wear for kids &amp; adults","publisher":{"@id":"https:\/\/hilpdesign.com\/#organization"},"alternateName":"Hilpdesign","potentialAction":[{"@type":"SearchAction","target":{"@type":"EntryPoint","urlTemplate":"https:\/\/hilpdesign.com\/?s={search_term_string}"},"query-input":{"@type":"PropertyValueSpecification","valueRequired":true,"valueName":"search_term_string"}}],"inLanguage":"et"},{"@type":"Organization","@id":"https:\/\/hilpdesign.com\/#organization","name":"Hilpdesign O\u00dc","url":"https:\/\/hilpdesign.com\/","logo":{"@type":"ImageObject","inLanguage":"et","@id":"https:\/\/hilpdesign.com\/#\/schema\/logo\/image\/","url":"https:\/\/hilpdesign.com\/wp-content\/uploads\/2023\/03\/logo_viimane.png","contentUrl":"https:\/\/hilpdesign.com\/wp-content\/uploads\/2023\/03\/logo_viimane.png","width":205,"height":112,"caption":"Hilpdesign O\u00dc"},"image":{"@id":"https:\/\/hilpdesign.com\/#\/schema\/logo\/image\/"},"sameAs":["https:\/\/www.facebook.com\/HilpDesign","https:\/\/www.instagram.com\/hilpfashion\/"]}]}},"_links":{"self":[{"href":"https:\/\/hilpdesign.com\/et\/wp-json\/wp\/v2\/product\/16064","targetHints":{"allow":["GET"]}}],"collection":[{"href":"https:\/\/hilpdesign.com\/et\/wp-json\/wp\/v2\/product"}],"about":[{"href":"https:\/\/hilpdesign.com\/et\/wp-json\/wp\/v2\/types\/product"}],"wp:featuredmedia":[{"embeddable":true,"href":"https:\/\/hilpdesign.com\/et\/wp-json\/wp\/v2\/media\/16072"}],"wp:attachment":[{"href":"https:\/\/hilpdesign.com\/et\/wp-json\/wp\/v2\/media?parent=16064"}],"wp:term":[{"taxonomy":"product_brand","embeddable":true,"href":"https:\/\/hilpdesign.com\/et\/wp-json\/wp\/v2\/product_brand?post=16064"},{"taxonomy":"product_cat","embeddable":true,"href":"https:\/\/hilpdesign.com\/et\/wp-json\/wp\/v2\/product_cat?post=16064"},{"taxonomy":"product_tag","embeddable":true,"href":"https:\/\/hilpdesign.com\/et\/wp-json\/wp\/v2\/product_tag?post=16064"}],"curies":[{"name":"wp","href":"https:\/\/api.w.org\/{rel}","templated":true}]}}