{"id":16066,"date":"2023-03-27T19:11:36","date_gmt":"2023-03-27T16:11:36","guid":{"rendered":"https:\/\/hilpdesign.com\/?post_type=product&#038;p=16066"},"modified":"2024-03-12T13:24:31","modified_gmt":"2024-03-12T11:24:31","slug":"best-friends-mug","status":"publish","type":"product","link":"https:\/\/hilpdesign.com\/et\/toode\/best-friends-mug\/","title":{"rendered":"Parimate s\u00f5prade kruus"},"content":{"rendered":"<ul>\n<li>Keraamiline<\/li>\n<li>K\u00f5rgus: 9.6<\/li>\n<li>Diameeter: 8.3 cm<\/li>\n<li>V\u00e4rviline sang ja sisu<\/li>\n<li>V\u00f5ib peste n\u00f5udepesumasinas<\/li>\n<li>Designed and printed in Estonia<\/li>\n<\/ul>","protected":false},"excerpt":{"rendered":"<p>Parimate s\u00f5prade kruus on ideaalne viis p\u00e4eva naeratusega alustamiseks. Silmapaistva oran\u017ei \u00e4\u00e4rega, k\u00e4epideme ja sisemusega tagab see kruus kindlasti igale hommikule s\u00e4ra. Kuid see pole ainult v\u00e4rv, mis teeb selle kruusi eriliseks - see on kaunistatud v\u00f5luva pildiga rebasest ja kassist, kes hoiavad \u00fcksteist nagu parimad s\u00f5brad.<\/p>\n<p>Valmistatud kuumakindlast keraamikast, see vastupidav kruus mahutab 11 untsi (0,33 l) teie lemmikjoogist. Ideaalne teetassi nautimiseks, kui vahetate muljeid vanade s\u00f5pradega v\u00f5i naudite tassi kohvi laisal p\u00fchap\u00e4eva hommikul. Miks mitte hellitada ennast v\u00f5i s\u00f5pra parimate s\u00f5prade kruusiga, mis toob meelde s\u00f5pruse r\u00f5\u00f5mu?<\/p>","protected":false},"featured_media":16074,"template":"","meta":[],"product_brand":[],"product_cat":[82],"product_tag":[26],"class_list":{"0":"post-16066","1":"product","2":"type-product","3":"status-publish","4":"has-post-thumbnail","6":"product_cat-mugs","7":"product_tag-cat","8":"product_shipping_class-mugs","10":"first","11":"instock","12":"taxable","13":"shipping-taxable","14":"purchasable","15":"product-type-simple"},"yoast_head":"<!-- This site is optimized with the Yoast SEO plugin v27.2 - https:\/\/yoast.com\/product\/yoast-seo-wordpress\/ -->\n<title>Best Friends Mug - Hilp<\/title>\n<meta name=\"description\" content=\"Searching for the ideal mug for your bestie? Take a look at our Best Friends mug!\" \/>\n<meta name=\"robots\" content=\"index, follow, max-snippet:-1, max-image-preview:large, max-video-preview:-1\" \/>\n<link rel=\"canonical\" href=\"https:\/\/hilpdesign.com\/et\/toode\/best-friends-mug\/\" \/>\n<meta property=\"og:locale\" content=\"et_EE\" \/>\n<meta property=\"og:type\" content=\"article\" \/>\n<meta property=\"og:title\" content=\"Best Friends Mug - Hilp\" \/>\n<meta property=\"og:description\" content=\"Searching for the ideal mug for your bestie? Take a look at our Best Friends mug!\" \/>\n<meta property=\"og:url\" content=\"https:\/\/hilpdesign.com\/et\/toode\/best-friends-mug\/\" \/>\n<meta property=\"og:site_name\" content=\"Hilp\" \/>\n<meta property=\"article:publisher\" content=\"https:\/\/www.facebook.com\/HilpDesign\" \/>\n<meta property=\"article:modified_time\" content=\"2024-03-12T11:24:31+00:00\" \/>\n<meta property=\"og:image\" content=\"https:\/\/hilpdesign.com\/wp-content\/uploads\/2023\/03\/3d2494b1f16f640724a78c3e0a9f7ded_preview.png\" \/>\n\t<meta property=\"og:image:width\" content=\"800\" \/>\n\t<meta property=\"og:image:height\" content=\"800\" \/>\n\t<meta property=\"og:image:type\" content=\"image\/png\" \/>\n<meta name=\"twitter:card\" content=\"summary_large_image\" \/>\n<meta name=\"twitter:label1\" content=\"Est. reading time\" \/>\n\t<meta name=\"twitter:data1\" content=\"1 minut\" \/>\n<script type=\"application\/ld+json\" class=\"yoast-schema-graph\">{\"@context\":\"https:\/\/schema.org\",\"@graph\":[{\"@type\":\"WebPage\",\"@id\":\"https:\/\/hilpdesign.com\/product\/best-friends-mug\/\",\"url\":\"https:\/\/hilpdesign.com\/product\/best-friends-mug\/\",\"name\":\"Best Friends Mug - Hilp\",\"isPartOf\":{\"@id\":\"https:\/\/hilpdesign.com\/#website\"},\"primaryImageOfPage\":{\"@id\":\"https:\/\/hilpdesign.com\/product\/best-friends-mug\/#primaryimage\"},\"image\":{\"@id\":\"https:\/\/hilpdesign.com\/product\/best-friends-mug\/#primaryimage\"},\"thumbnailUrl\":\"https:\/\/hilpdesign.com\/wp-content\/uploads\/2023\/03\/3d2494b1f16f640724a78c3e0a9f7ded_preview.png\",\"datePublished\":\"2023-03-27T16:11:36+00:00\",\"dateModified\":\"2024-03-12T11:24:31+00:00\",\"description\":\"Searching for the ideal mug for your bestie? Take a look at our Best Friends mug!\",\"breadcrumb\":{\"@id\":\"https:\/\/hilpdesign.com\/product\/best-friends-mug\/#breadcrumb\"},\"inLanguage\":\"et\",\"potentialAction\":[{\"@type\":\"ReadAction\",\"target\":[\"https:\/\/hilpdesign.com\/product\/best-friends-mug\/\"]}]},{\"@type\":\"ImageObject\",\"inLanguage\":\"et\",\"@id\":\"https:\/\/hilpdesign.com\/product\/best-friends-mug\/#primaryimage\",\"url\":\"https:\/\/hilpdesign.com\/wp-content\/uploads\/2023\/03\/3d2494b1f16f640724a78c3e0a9f7ded_preview.png\",\"contentUrl\":\"https:\/\/hilpdesign.com\/wp-content\/uploads\/2023\/03\/3d2494b1f16f640724a78c3e0a9f7ded_preview.png\",\"width\":800,\"height\":800},{\"@type\":\"BreadcrumbList\",\"@id\":\"https:\/\/hilpdesign.com\/product\/best-friends-mug\/#breadcrumb\",\"itemListElement\":[{\"@type\":\"ListItem\",\"position\":1,\"name\":\"Home\",\"item\":\"https:\/\/hilpdesign.com\/\"},{\"@type\":\"ListItem\",\"position\":2,\"name\":\"Shop\",\"item\":\"https:\/\/hilpdesign.com\/shop\/\"},{\"@type\":\"ListItem\",\"position\":3,\"name\":\"Best Friends Mug\"}]},{\"@type\":\"WebSite\",\"@id\":\"https:\/\/hilpdesign.com\/#website\",\"url\":\"https:\/\/hilpdesign.com\/\",\"name\":\"Hilp\",\"description\":\"Sustainable wear for kids &amp; adults\",\"publisher\":{\"@id\":\"https:\/\/hilpdesign.com\/#organization\"},\"alternateName\":\"Hilpdesign\",\"potentialAction\":[{\"@type\":\"SearchAction\",\"target\":{\"@type\":\"EntryPoint\",\"urlTemplate\":\"https:\/\/hilpdesign.com\/?s={search_term_string}\"},\"query-input\":{\"@type\":\"PropertyValueSpecification\",\"valueRequired\":true,\"valueName\":\"search_term_string\"}}],\"inLanguage\":\"et\"},{\"@type\":\"Organization\",\"@id\":\"https:\/\/hilpdesign.com\/#organization\",\"name\":\"Hilpdesign O\u00dc\",\"url\":\"https:\/\/hilpdesign.com\/\",\"logo\":{\"@type\":\"ImageObject\",\"inLanguage\":\"et\",\"@id\":\"https:\/\/hilpdesign.com\/#\/schema\/logo\/image\/\",\"url\":\"https:\/\/hilpdesign.com\/wp-content\/uploads\/2023\/03\/logo_viimane.png\",\"contentUrl\":\"https:\/\/hilpdesign.com\/wp-content\/uploads\/2023\/03\/logo_viimane.png\",\"width\":205,\"height\":112,\"caption\":\"Hilpdesign O\u00dc\"},\"image\":{\"@id\":\"https:\/\/hilpdesign.com\/#\/schema\/logo\/image\/\"},\"sameAs\":[\"https:\/\/www.facebook.com\/HilpDesign\",\"https:\/\/www.instagram.com\/hilpfashion\/\"]}]}<\/script>\n<!-- \/ Yoast SEO plugin. -->","yoast_head_json":{"title":"Best Friends Mug - Hilp","description":"Searching for the ideal mug for your bestie? Take a look at our Best Friends mug!","robots":{"index":"index","follow":"follow","max-snippet":"max-snippet:-1","max-image-preview":"max-image-preview:large","max-video-preview":"max-video-preview:-1"},"canonical":"https:\/\/hilpdesign.com\/et\/toode\/best-friends-mug\/","og_locale":"et_EE","og_type":"article","og_title":"Best Friends Mug - Hilp","og_description":"Searching for the ideal mug for your bestie? Take a look at our Best Friends mug!","og_url":"https:\/\/hilpdesign.com\/et\/toode\/best-friends-mug\/","og_site_name":"Hilp","article_publisher":"https:\/\/www.facebook.com\/HilpDesign","article_modified_time":"2024-03-12T11:24:31+00:00","og_image":[{"width":800,"height":800,"url":"https:\/\/hilpdesign.com\/wp-content\/uploads\/2023\/03\/3d2494b1f16f640724a78c3e0a9f7ded_preview.png","type":"image\/png"}],"twitter_card":"summary_large_image","twitter_misc":{"Est. reading time":"1 minut"},"schema":{"@context":"https:\/\/schema.org","@graph":[{"@type":"WebPage","@id":"https:\/\/hilpdesign.com\/product\/best-friends-mug\/","url":"https:\/\/hilpdesign.com\/product\/best-friends-mug\/","name":"Best Friends Mug - Hilp","isPartOf":{"@id":"https:\/\/hilpdesign.com\/#website"},"primaryImageOfPage":{"@id":"https:\/\/hilpdesign.com\/product\/best-friends-mug\/#primaryimage"},"image":{"@id":"https:\/\/hilpdesign.com\/product\/best-friends-mug\/#primaryimage"},"thumbnailUrl":"https:\/\/hilpdesign.com\/wp-content\/uploads\/2023\/03\/3d2494b1f16f640724a78c3e0a9f7ded_preview.png","datePublished":"2023-03-27T16:11:36+00:00","dateModified":"2024-03-12T11:24:31+00:00","description":"Searching for the ideal mug for your bestie? Take a look at our Best Friends mug!","breadcrumb":{"@id":"https:\/\/hilpdesign.com\/product\/best-friends-mug\/#breadcrumb"},"inLanguage":"et","potentialAction":[{"@type":"ReadAction","target":["https:\/\/hilpdesign.com\/product\/best-friends-mug\/"]}]},{"@type":"ImageObject","inLanguage":"et","@id":"https:\/\/hilpdesign.com\/product\/best-friends-mug\/#primaryimage","url":"https:\/\/hilpdesign.com\/wp-content\/uploads\/2023\/03\/3d2494b1f16f640724a78c3e0a9f7ded_preview.png","contentUrl":"https:\/\/hilpdesign.com\/wp-content\/uploads\/2023\/03\/3d2494b1f16f640724a78c3e0a9f7ded_preview.png","width":800,"height":800},{"@type":"BreadcrumbList","@id":"https:\/\/hilpdesign.com\/product\/best-friends-mug\/#breadcrumb","itemListElement":[{"@type":"ListItem","position":1,"name":"Home","item":"https:\/\/hilpdesign.com\/"},{"@type":"ListItem","position":2,"name":"Shop","item":"https:\/\/hilpdesign.com\/shop\/"},{"@type":"ListItem","position":3,"name":"Best Friends Mug"}]},{"@type":"WebSite","@id":"https:\/\/hilpdesign.com\/#website","url":"https:\/\/hilpdesign.com\/","name":"Hilp","description":"Sustainable wear for kids &amp; adults","publisher":{"@id":"https:\/\/hilpdesign.com\/#organization"},"alternateName":"Hilpdesign","potentialAction":[{"@type":"SearchAction","target":{"@type":"EntryPoint","urlTemplate":"https:\/\/hilpdesign.com\/?s={search_term_string}"},"query-input":{"@type":"PropertyValueSpecification","valueRequired":true,"valueName":"search_term_string"}}],"inLanguage":"et"},{"@type":"Organization","@id":"https:\/\/hilpdesign.com\/#organization","name":"Hilpdesign O\u00dc","url":"https:\/\/hilpdesign.com\/","logo":{"@type":"ImageObject","inLanguage":"et","@id":"https:\/\/hilpdesign.com\/#\/schema\/logo\/image\/","url":"https:\/\/hilpdesign.com\/wp-content\/uploads\/2023\/03\/logo_viimane.png","contentUrl":"https:\/\/hilpdesign.com\/wp-content\/uploads\/2023\/03\/logo_viimane.png","width":205,"height":112,"caption":"Hilpdesign O\u00dc"},"image":{"@id":"https:\/\/hilpdesign.com\/#\/schema\/logo\/image\/"},"sameAs":["https:\/\/www.facebook.com\/HilpDesign","https:\/\/www.instagram.com\/hilpfashion\/"]}]}},"_links":{"self":[{"href":"https:\/\/hilpdesign.com\/et\/wp-json\/wp\/v2\/product\/16066","targetHints":{"allow":["GET"]}}],"collection":[{"href":"https:\/\/hilpdesign.com\/et\/wp-json\/wp\/v2\/product"}],"about":[{"href":"https:\/\/hilpdesign.com\/et\/wp-json\/wp\/v2\/types\/product"}],"wp:featuredmedia":[{"embeddable":true,"href":"https:\/\/hilpdesign.com\/et\/wp-json\/wp\/v2\/media\/16074"}],"wp:attachment":[{"href":"https:\/\/hilpdesign.com\/et\/wp-json\/wp\/v2\/media?parent=16066"}],"wp:term":[{"taxonomy":"product_brand","embeddable":true,"href":"https:\/\/hilpdesign.com\/et\/wp-json\/wp\/v2\/product_brand?post=16066"},{"taxonomy":"product_cat","embeddable":true,"href":"https:\/\/hilpdesign.com\/et\/wp-json\/wp\/v2\/product_cat?post=16066"},{"taxonomy":"product_tag","embeddable":true,"href":"https:\/\/hilpdesign.com\/et\/wp-json\/wp\/v2\/product_tag?post=16066"}],"curies":[{"name":"wp","href":"https:\/\/api.w.org\/{rel}","templated":true}]}}