{"id":17018,"date":"2023-04-04T09:18:26","date_gmt":"2023-04-04T06:18:26","guid":{"rendered":"https:\/\/hilpdesign.com\/?post_type=product&#038;p=17018"},"modified":"2025-05-07T00:04:23","modified_gmt":"2025-05-06T21:04:23","slug":"womens-super-ema-t-shirt","status":"publish","type":"product","link":"https:\/\/hilpdesign.com\/et\/toode\/womens-super-ema-t-shirt\/","title":{"rendered":"Super ema t-s\u00e4rk"},"content":{"rendered":"<ul>\n<li style=\"text-align: left;\">Super ema applique<\/li>\n<li style=\"text-align: left;\">Veniv<\/li>\n<li style=\"text-align: left;\">95% puuvill \/ 5%\u00a0elastaan<\/li>\n<li style=\"text-align: left;\">Masinpestav<\/li>\n<li style=\"text-align: left;\">regular-fit<\/li>\n<li style=\"text-align: left;\">Eestis toodetud<\/li>\n<li style=\"text-align: left;\">Nahas\u00f5bralik kangas (Oeko-Tex Standard 100)<\/li>\n<li style=\"text-align: left;\">Kanga kaal (210 g\/m2)<\/li>\n<\/ul>","protected":false},"excerpt":{"rendered":"<p>Super ema s\u00e4rk on disainitud k\u00f5igile imelistele emadele. See s\u00e4rk on pehme, mugav ja vastupidav, mist\u00f5ttu on see ideaalne igap\u00e4evaseks kandmiseks. Sobib t\u00f6\u00f6le minekuks v\u00f5i lihtsalt kodus puhkamiseks. Kui soovid super ema s\u00e4rki meeste l\u00f5ikega, siis kirjuta enda soov tellimuse m\u00e4rkusesse.<\/p>","protected":false},"featured_media":17051,"template":"","meta":[],"product_brand":[],"product_cat":[64,24],"product_tag":[383],"class_list":{"0":"post-17018","1":"product","2":"type-product","3":"status-publish","4":"has-post-thumbnail","6":"product_cat-t-shirts-for-women","7":"product_cat-women","8":"product_tag-mothers-day","9":"product_shipping_class-t-shirts","11":"first","12":"instock","13":"taxable","14":"shipping-taxable","15":"purchasable","16":"product-type-variable","17":"has-default-attributes"},"yoast_head":"<!-- This site is optimized with the Yoast SEO plugin v27.2 - https:\/\/yoast.com\/product\/yoast-seo-wordpress\/ -->\n<title>Women&#039;s super ema T-shirt - Hilp | Handmade &amp; Skin-Friendly!<\/title>\n<meta name=\"description\" content=\"Check out our Women&#039;s Super Ema T-Shirt. Handmade and Skin-Friendly! Unique design. High quality fabric. Made in Estonia, EU. Multiple colour options.\" \/>\n<meta name=\"robots\" content=\"index, follow, max-snippet:-1, max-image-preview:large, max-video-preview:-1\" \/>\n<link rel=\"canonical\" href=\"https:\/\/hilpdesign.com\/et\/toode\/womens-super-ema-t-shirt\/\" \/>\n<meta property=\"og:locale\" content=\"et_EE\" \/>\n<meta property=\"og:type\" content=\"article\" \/>\n<meta property=\"og:title\" content=\"Women&#039;s super ema T-shirt - Hilp | Handmade &amp; Skin-Friendly!\" \/>\n<meta property=\"og:description\" content=\"Check out our Women&#039;s Super Ema T-Shirt. Handmade and Skin-Friendly! Unique design. High quality fabric. Made in Estonia, EU. Multiple colour options.\" \/>\n<meta property=\"og:url\" content=\"https:\/\/hilpdesign.com\/et\/toode\/womens-super-ema-t-shirt\/\" \/>\n<meta property=\"og:site_name\" content=\"Hilp\" \/>\n<meta property=\"article:publisher\" content=\"https:\/\/www.facebook.com\/HilpDesign\" \/>\n<meta property=\"article:modified_time\" content=\"2025-05-06T21:04:23+00:00\" \/>\n<meta property=\"og:image\" content=\"https:\/\/hilpdesign.com\/wp-content\/uploads\/2023\/04\/super_ema_t_shirt_white.jpg\" \/>\n\t<meta property=\"og:image:width\" content=\"1600\" \/>\n\t<meta property=\"og:image:height\" content=\"1450\" \/>\n\t<meta property=\"og:image:type\" content=\"image\/jpeg\" \/>\n<meta name=\"twitter:card\" content=\"summary_large_image\" \/>\n<meta name=\"twitter:label1\" content=\"Est. reading time\" \/>\n\t<meta name=\"twitter:data1\" content=\"1 minut\" \/>\n<script type=\"application\/ld+json\" class=\"yoast-schema-graph\">{\"@context\":\"https:\/\/schema.org\",\"@graph\":[{\"@type\":\"WebPage\",\"@id\":\"https:\/\/hilpdesign.com\/et\/toode\/womens-super-ema-t-shirt\/\",\"url\":\"https:\/\/hilpdesign.com\/et\/toode\/womens-super-ema-t-shirt\/\",\"name\":\"Women's super ema T-shirt - Hilp | Handmade & Skin-Friendly!\",\"isPartOf\":{\"@id\":\"https:\/\/hilpdesign.com\/#website\"},\"primaryImageOfPage\":{\"@id\":\"https:\/\/hilpdesign.com\/et\/toode\/womens-super-ema-t-shirt\/#primaryimage\"},\"image\":{\"@id\":\"https:\/\/hilpdesign.com\/et\/toode\/womens-super-ema-t-shirt\/#primaryimage\"},\"thumbnailUrl\":\"https:\/\/hilpdesign.com\/wp-content\/uploads\/2023\/04\/super_ema_t_shirt_white.jpg\",\"datePublished\":\"2023-04-04T06:18:26+00:00\",\"dateModified\":\"2025-05-06T21:04:23+00:00\",\"description\":\"Check out our Women's Super Ema T-Shirt. Handmade and Skin-Friendly! Unique design. High quality fabric. Made in Estonia, EU. Multiple colour options.\",\"breadcrumb\":{\"@id\":\"https:\/\/hilpdesign.com\/et\/toode\/womens-super-ema-t-shirt\/#breadcrumb\"},\"inLanguage\":\"et\",\"potentialAction\":[{\"@type\":\"ReadAction\",\"target\":[\"https:\/\/hilpdesign.com\/et\/toode\/womens-super-ema-t-shirt\/\"]}]},{\"@type\":\"ImageObject\",\"inLanguage\":\"et\",\"@id\":\"https:\/\/hilpdesign.com\/et\/toode\/womens-super-ema-t-shirt\/#primaryimage\",\"url\":\"https:\/\/hilpdesign.com\/wp-content\/uploads\/2023\/04\/super_ema_t_shirt_white.jpg\",\"contentUrl\":\"https:\/\/hilpdesign.com\/wp-content\/uploads\/2023\/04\/super_ema_t_shirt_white.jpg\",\"width\":1600,\"height\":1450},{\"@type\":\"BreadcrumbList\",\"@id\":\"https:\/\/hilpdesign.com\/et\/toode\/womens-super-ema-t-shirt\/#breadcrumb\",\"itemListElement\":[{\"@type\":\"ListItem\",\"position\":1,\"name\":\"Home\",\"item\":\"https:\/\/hilpdesign.com\/\"},{\"@type\":\"ListItem\",\"position\":2,\"name\":\"Shop\",\"item\":\"https:\/\/hilpdesign.com\/shop\/\"},{\"@type\":\"ListItem\",\"position\":3,\"name\":\"Women&#8217;s super ema T-shirt\"}]},{\"@type\":\"WebSite\",\"@id\":\"https:\/\/hilpdesign.com\/#website\",\"url\":\"https:\/\/hilpdesign.com\/\",\"name\":\"Hilp\",\"description\":\"Sustainable wear for kids &amp; adults\",\"publisher\":{\"@id\":\"https:\/\/hilpdesign.com\/#organization\"},\"alternateName\":\"Hilpdesign\",\"potentialAction\":[{\"@type\":\"SearchAction\",\"target\":{\"@type\":\"EntryPoint\",\"urlTemplate\":\"https:\/\/hilpdesign.com\/?s={search_term_string}\"},\"query-input\":{\"@type\":\"PropertyValueSpecification\",\"valueRequired\":true,\"valueName\":\"search_term_string\"}}],\"inLanguage\":\"et\"},{\"@type\":\"Organization\",\"@id\":\"https:\/\/hilpdesign.com\/#organization\",\"name\":\"Hilpdesign O\u00dc\",\"url\":\"https:\/\/hilpdesign.com\/\",\"logo\":{\"@type\":\"ImageObject\",\"inLanguage\":\"et\",\"@id\":\"https:\/\/hilpdesign.com\/#\/schema\/logo\/image\/\",\"url\":\"https:\/\/hilpdesign.com\/wp-content\/uploads\/2023\/03\/logo_viimane.png\",\"contentUrl\":\"https:\/\/hilpdesign.com\/wp-content\/uploads\/2023\/03\/logo_viimane.png\",\"width\":205,\"height\":112,\"caption\":\"Hilpdesign O\u00dc\"},\"image\":{\"@id\":\"https:\/\/hilpdesign.com\/#\/schema\/logo\/image\/\"},\"sameAs\":[\"https:\/\/www.facebook.com\/HilpDesign\",\"https:\/\/www.instagram.com\/hilpfashion\/\"]}]}<\/script>\n<!-- \/ Yoast SEO plugin. -->","yoast_head_json":{"title":"Women's super ema T-shirt - Hilp | Handmade & Skin-Friendly!","description":"Check out our Women's Super Ema T-Shirt. Handmade and Skin-Friendly! Unique design. High quality fabric. Made in Estonia, EU. Multiple colour options.","robots":{"index":"index","follow":"follow","max-snippet":"max-snippet:-1","max-image-preview":"max-image-preview:large","max-video-preview":"max-video-preview:-1"},"canonical":"https:\/\/hilpdesign.com\/et\/toode\/womens-super-ema-t-shirt\/","og_locale":"et_EE","og_type":"article","og_title":"Women's super ema T-shirt - Hilp | Handmade & Skin-Friendly!","og_description":"Check out our Women's Super Ema T-Shirt. Handmade and Skin-Friendly! Unique design. High quality fabric. Made in Estonia, EU. Multiple colour options.","og_url":"https:\/\/hilpdesign.com\/et\/toode\/womens-super-ema-t-shirt\/","og_site_name":"Hilp","article_publisher":"https:\/\/www.facebook.com\/HilpDesign","article_modified_time":"2025-05-06T21:04:23+00:00","og_image":[{"width":1600,"height":1450,"url":"https:\/\/hilpdesign.com\/wp-content\/uploads\/2023\/04\/super_ema_t_shirt_white.jpg","type":"image\/jpeg"}],"twitter_card":"summary_large_image","twitter_misc":{"Est. reading time":"1 minut"},"schema":{"@context":"https:\/\/schema.org","@graph":[{"@type":"WebPage","@id":"https:\/\/hilpdesign.com\/et\/toode\/womens-super-ema-t-shirt\/","url":"https:\/\/hilpdesign.com\/et\/toode\/womens-super-ema-t-shirt\/","name":"Women's super ema T-shirt - Hilp | Handmade & Skin-Friendly!","isPartOf":{"@id":"https:\/\/hilpdesign.com\/#website"},"primaryImageOfPage":{"@id":"https:\/\/hilpdesign.com\/et\/toode\/womens-super-ema-t-shirt\/#primaryimage"},"image":{"@id":"https:\/\/hilpdesign.com\/et\/toode\/womens-super-ema-t-shirt\/#primaryimage"},"thumbnailUrl":"https:\/\/hilpdesign.com\/wp-content\/uploads\/2023\/04\/super_ema_t_shirt_white.jpg","datePublished":"2023-04-04T06:18:26+00:00","dateModified":"2025-05-06T21:04:23+00:00","description":"Check out our Women's Super Ema T-Shirt. Handmade and Skin-Friendly! Unique design. High quality fabric. Made in Estonia, EU. Multiple colour options.","breadcrumb":{"@id":"https:\/\/hilpdesign.com\/et\/toode\/womens-super-ema-t-shirt\/#breadcrumb"},"inLanguage":"et","potentialAction":[{"@type":"ReadAction","target":["https:\/\/hilpdesign.com\/et\/toode\/womens-super-ema-t-shirt\/"]}]},{"@type":"ImageObject","inLanguage":"et","@id":"https:\/\/hilpdesign.com\/et\/toode\/womens-super-ema-t-shirt\/#primaryimage","url":"https:\/\/hilpdesign.com\/wp-content\/uploads\/2023\/04\/super_ema_t_shirt_white.jpg","contentUrl":"https:\/\/hilpdesign.com\/wp-content\/uploads\/2023\/04\/super_ema_t_shirt_white.jpg","width":1600,"height":1450},{"@type":"BreadcrumbList","@id":"https:\/\/hilpdesign.com\/et\/toode\/womens-super-ema-t-shirt\/#breadcrumb","itemListElement":[{"@type":"ListItem","position":1,"name":"Home","item":"https:\/\/hilpdesign.com\/"},{"@type":"ListItem","position":2,"name":"Shop","item":"https:\/\/hilpdesign.com\/shop\/"},{"@type":"ListItem","position":3,"name":"Women&#8217;s super ema T-shirt"}]},{"@type":"WebSite","@id":"https:\/\/hilpdesign.com\/#website","url":"https:\/\/hilpdesign.com\/","name":"Hilp","description":"Sustainable wear for kids &amp; adults","publisher":{"@id":"https:\/\/hilpdesign.com\/#organization"},"alternateName":"Hilpdesign","potentialAction":[{"@type":"SearchAction","target":{"@type":"EntryPoint","urlTemplate":"https:\/\/hilpdesign.com\/?s={search_term_string}"},"query-input":{"@type":"PropertyValueSpecification","valueRequired":true,"valueName":"search_term_string"}}],"inLanguage":"et"},{"@type":"Organization","@id":"https:\/\/hilpdesign.com\/#organization","name":"Hilpdesign O\u00dc","url":"https:\/\/hilpdesign.com\/","logo":{"@type":"ImageObject","inLanguage":"et","@id":"https:\/\/hilpdesign.com\/#\/schema\/logo\/image\/","url":"https:\/\/hilpdesign.com\/wp-content\/uploads\/2023\/03\/logo_viimane.png","contentUrl":"https:\/\/hilpdesign.com\/wp-content\/uploads\/2023\/03\/logo_viimane.png","width":205,"height":112,"caption":"Hilpdesign O\u00dc"},"image":{"@id":"https:\/\/hilpdesign.com\/#\/schema\/logo\/image\/"},"sameAs":["https:\/\/www.facebook.com\/HilpDesign","https:\/\/www.instagram.com\/hilpfashion\/"]}]}},"_links":{"self":[{"href":"https:\/\/hilpdesign.com\/et\/wp-json\/wp\/v2\/product\/17018","targetHints":{"allow":["GET"]}}],"collection":[{"href":"https:\/\/hilpdesign.com\/et\/wp-json\/wp\/v2\/product"}],"about":[{"href":"https:\/\/hilpdesign.com\/et\/wp-json\/wp\/v2\/types\/product"}],"wp:featuredmedia":[{"embeddable":true,"href":"https:\/\/hilpdesign.com\/et\/wp-json\/wp\/v2\/media\/17051"}],"wp:attachment":[{"href":"https:\/\/hilpdesign.com\/et\/wp-json\/wp\/v2\/media?parent=17018"}],"wp:term":[{"taxonomy":"product_brand","embeddable":true,"href":"https:\/\/hilpdesign.com\/et\/wp-json\/wp\/v2\/product_brand?post=17018"},{"taxonomy":"product_cat","embeddable":true,"href":"https:\/\/hilpdesign.com\/et\/wp-json\/wp\/v2\/product_cat?post=17018"},{"taxonomy":"product_tag","embeddable":true,"href":"https:\/\/hilpdesign.com\/et\/wp-json\/wp\/v2\/product_tag?post=17018"}],"curies":[{"name":"wp","href":"https:\/\/api.w.org\/{rel}","templated":true}]}}