{"id":18012,"date":"2023-06-16T11:34:28","date_gmt":"2023-06-16T08:34:28","guid":{"rendered":"https:\/\/hilpdesign.com\/?post_type=product&#038;p=18012"},"modified":"2024-03-12T10:56:49","modified_gmt":"2024-03-12T08:56:49","slug":"eco-tote-bag-yoga-cat","status":"publish","type":"product","link":"https:\/\/hilpdesign.com\/et\/toode\/eco-tote-bag-yoga-cat\/","title":{"rendered":"\u00d6ko kandekott jooga kassiga"},"content":{"rendered":"<ul>\n<li>\u00dchepoolne jooga kassi tr\u00fckk<\/li>\n<li>Durable, long-lasting fabric<\/li>\n<li>100% orgaaniline puuvill<\/li>\n<li>Suurus 40,6cm x 35,6cm x 12,7cm<\/li>\n<li>Tellimuse peale valmistatud<\/li>\n<li>Kaup tr\u00fckitakse ja saadetakse L\u00e4tist, disainitud Eestis<\/li>\n<\/ul>","protected":false},"excerpt":{"rendered":"<p>See kott mahutab h\u00e4sti toidukauba, raamatud, trenniriided ja k\u00f5ike muud. Kott on tehtud tugevast materjalist ja peab kaua vastu.<\/p>\n<p>Please note that the Yoga Cat comes in a separate box, which may arrive at a different time than other items in your order.<\/p>\n<p>Tarneaeg on 5-10 p\u00e4eva, kotid tr\u00fckitakse L\u00e4tis ja pannakse sealt teele.<\/p>\n<p><strong>Oluline! Kotid saadetakse sinu valitud Omniva v\u00f5i Itella pakiautomaadile l\u00e4himasse DPD pakiautomaati.<\/strong><\/p>","protected":false},"featured_media":18013,"template":"","meta":[],"product_brand":[],"product_cat":[204,203],"product_tag":[26,205],"class_list":{"0":"post-18012","1":"product","2":"type-product","3":"status-publish","4":"has-post-thumbnail","6":"product_cat-accessories","7":"product_cat-tote-bag","8":"product_tag-cat","9":"product_tag-yoga","10":"product_shipping_class-mugs","12":"first","13":"instock","14":"taxable","15":"shipping-taxable","16":"purchasable","17":"product-type-simple"},"yoast_head":"<!-- This site is optimized with the Yoast SEO plugin v27.2 - https:\/\/yoast.com\/product\/yoast-seo-wordpress\/ -->\n<title>Eco Tote Bag Yoga Cat - Hilp<\/title>\n<meta name=\"description\" content=\"Cute Yoga Cat eco tote bag for active people! High quality enviromentally friendly bag for your everyday needs. Stretch out &amp; Order now!\" \/>\n<meta name=\"robots\" content=\"index, follow, max-snippet:-1, max-image-preview:large, max-video-preview:-1\" \/>\n<link rel=\"canonical\" href=\"https:\/\/hilpdesign.com\/et\/toode\/eco-tote-bag-yoga-cat\/\" \/>\n<meta property=\"og:locale\" content=\"et_EE\" \/>\n<meta property=\"og:type\" content=\"article\" \/>\n<meta property=\"og:title\" content=\"Eco Tote Bag Yoga Cat - Hilp\" \/>\n<meta property=\"og:description\" content=\"Cute Yoga Cat eco tote bag for active people! High quality enviromentally friendly bag for your everyday needs. Stretch out &amp; Order now!\" \/>\n<meta property=\"og:url\" content=\"https:\/\/hilpdesign.com\/et\/toode\/eco-tote-bag-yoga-cat\/\" \/>\n<meta property=\"og:site_name\" content=\"Hilp\" \/>\n<meta property=\"article:publisher\" content=\"https:\/\/www.facebook.com\/HilpDesign\" \/>\n<meta property=\"article:modified_time\" content=\"2024-03-12T08:56:49+00:00\" \/>\n<meta property=\"og:image\" content=\"https:\/\/hilpdesign.com\/wp-content\/uploads\/2023\/06\/eco-tote-bag-oyster-front-648c1dd7a2cf8.png\" \/>\n\t<meta property=\"og:image:width\" content=\"1920\" \/>\n\t<meta property=\"og:image:height\" content=\"1920\" \/>\n\t<meta property=\"og:image:type\" content=\"image\/png\" \/>\n<meta name=\"twitter:card\" content=\"summary_large_image\" \/>\n<meta name=\"twitter:label1\" content=\"Est. reading time\" \/>\n\t<meta name=\"twitter:data1\" content=\"1 minut\" \/>\n<script type=\"application\/ld+json\" class=\"yoast-schema-graph\">{\"@context\":\"https:\/\/schema.org\",\"@graph\":[{\"@type\":\"WebPage\",\"@id\":\"https:\/\/hilpdesign.com\/product\/eco-tote-bag-yoga-cat\/\",\"url\":\"https:\/\/hilpdesign.com\/product\/eco-tote-bag-yoga-cat\/\",\"name\":\"Eco Tote Bag Yoga Cat - Hilp\",\"isPartOf\":{\"@id\":\"https:\/\/hilpdesign.com\/#website\"},\"primaryImageOfPage\":{\"@id\":\"https:\/\/hilpdesign.com\/product\/eco-tote-bag-yoga-cat\/#primaryimage\"},\"image\":{\"@id\":\"https:\/\/hilpdesign.com\/product\/eco-tote-bag-yoga-cat\/#primaryimage\"},\"thumbnailUrl\":\"https:\/\/hilpdesign.com\/wp-content\/uploads\/2023\/06\/eco-tote-bag-oyster-front-648c1dd7a2cf8.png\",\"datePublished\":\"2023-06-16T08:34:28+00:00\",\"dateModified\":\"2024-03-12T08:56:49+00:00\",\"description\":\"Cute Yoga Cat eco tote bag for active people! High quality enviromentally friendly bag for your everyday needs. Stretch out & Order now!\",\"breadcrumb\":{\"@id\":\"https:\/\/hilpdesign.com\/product\/eco-tote-bag-yoga-cat\/#breadcrumb\"},\"inLanguage\":\"et\",\"potentialAction\":[{\"@type\":\"ReadAction\",\"target\":[\"https:\/\/hilpdesign.com\/product\/eco-tote-bag-yoga-cat\/\"]}]},{\"@type\":\"ImageObject\",\"inLanguage\":\"et\",\"@id\":\"https:\/\/hilpdesign.com\/product\/eco-tote-bag-yoga-cat\/#primaryimage\",\"url\":\"https:\/\/hilpdesign.com\/wp-content\/uploads\/2023\/06\/eco-tote-bag-oyster-front-648c1dd7a2cf8.png\",\"contentUrl\":\"https:\/\/hilpdesign.com\/wp-content\/uploads\/2023\/06\/eco-tote-bag-oyster-front-648c1dd7a2cf8.png\",\"width\":1920,\"height\":1920},{\"@type\":\"BreadcrumbList\",\"@id\":\"https:\/\/hilpdesign.com\/product\/eco-tote-bag-yoga-cat\/#breadcrumb\",\"itemListElement\":[{\"@type\":\"ListItem\",\"position\":1,\"name\":\"Home\",\"item\":\"https:\/\/hilpdesign.com\/\"},{\"@type\":\"ListItem\",\"position\":2,\"name\":\"Shop\",\"item\":\"https:\/\/hilpdesign.com\/shop\/\"},{\"@type\":\"ListItem\",\"position\":3,\"name\":\"Eco Tote Bag Yoga Cat\"}]},{\"@type\":\"WebSite\",\"@id\":\"https:\/\/hilpdesign.com\/#website\",\"url\":\"https:\/\/hilpdesign.com\/\",\"name\":\"Hilp\",\"description\":\"Sustainable wear for kids &amp; adults\",\"publisher\":{\"@id\":\"https:\/\/hilpdesign.com\/#organization\"},\"alternateName\":\"Hilpdesign\",\"potentialAction\":[{\"@type\":\"SearchAction\",\"target\":{\"@type\":\"EntryPoint\",\"urlTemplate\":\"https:\/\/hilpdesign.com\/?s={search_term_string}\"},\"query-input\":{\"@type\":\"PropertyValueSpecification\",\"valueRequired\":true,\"valueName\":\"search_term_string\"}}],\"inLanguage\":\"et\"},{\"@type\":\"Organization\",\"@id\":\"https:\/\/hilpdesign.com\/#organization\",\"name\":\"Hilpdesign O\u00dc\",\"url\":\"https:\/\/hilpdesign.com\/\",\"logo\":{\"@type\":\"ImageObject\",\"inLanguage\":\"et\",\"@id\":\"https:\/\/hilpdesign.com\/#\/schema\/logo\/image\/\",\"url\":\"https:\/\/hilpdesign.com\/wp-content\/uploads\/2023\/03\/logo_viimane.png\",\"contentUrl\":\"https:\/\/hilpdesign.com\/wp-content\/uploads\/2023\/03\/logo_viimane.png\",\"width\":205,\"height\":112,\"caption\":\"Hilpdesign O\u00dc\"},\"image\":{\"@id\":\"https:\/\/hilpdesign.com\/#\/schema\/logo\/image\/\"},\"sameAs\":[\"https:\/\/www.facebook.com\/HilpDesign\",\"https:\/\/www.instagram.com\/hilpfashion\/\"]}]}<\/script>\n<!-- \/ Yoast SEO plugin. -->","yoast_head_json":{"title":"Eco Tote Bag Yoga Cat - Hilp","description":"Cute Yoga Cat eco tote bag for active people! High quality enviromentally friendly bag for your everyday needs. Stretch out & Order now!","robots":{"index":"index","follow":"follow","max-snippet":"max-snippet:-1","max-image-preview":"max-image-preview:large","max-video-preview":"max-video-preview:-1"},"canonical":"https:\/\/hilpdesign.com\/et\/toode\/eco-tote-bag-yoga-cat\/","og_locale":"et_EE","og_type":"article","og_title":"Eco Tote Bag Yoga Cat - Hilp","og_description":"Cute Yoga Cat eco tote bag for active people! High quality enviromentally friendly bag for your everyday needs. Stretch out & Order now!","og_url":"https:\/\/hilpdesign.com\/et\/toode\/eco-tote-bag-yoga-cat\/","og_site_name":"Hilp","article_publisher":"https:\/\/www.facebook.com\/HilpDesign","article_modified_time":"2024-03-12T08:56:49+00:00","og_image":[{"width":1920,"height":1920,"url":"https:\/\/hilpdesign.com\/wp-content\/uploads\/2023\/06\/eco-tote-bag-oyster-front-648c1dd7a2cf8.png","type":"image\/png"}],"twitter_card":"summary_large_image","twitter_misc":{"Est. reading time":"1 minut"},"schema":{"@context":"https:\/\/schema.org","@graph":[{"@type":"WebPage","@id":"https:\/\/hilpdesign.com\/product\/eco-tote-bag-yoga-cat\/","url":"https:\/\/hilpdesign.com\/product\/eco-tote-bag-yoga-cat\/","name":"Eco Tote Bag Yoga Cat - Hilp","isPartOf":{"@id":"https:\/\/hilpdesign.com\/#website"},"primaryImageOfPage":{"@id":"https:\/\/hilpdesign.com\/product\/eco-tote-bag-yoga-cat\/#primaryimage"},"image":{"@id":"https:\/\/hilpdesign.com\/product\/eco-tote-bag-yoga-cat\/#primaryimage"},"thumbnailUrl":"https:\/\/hilpdesign.com\/wp-content\/uploads\/2023\/06\/eco-tote-bag-oyster-front-648c1dd7a2cf8.png","datePublished":"2023-06-16T08:34:28+00:00","dateModified":"2024-03-12T08:56:49+00:00","description":"Cute Yoga Cat eco tote bag for active people! High quality enviromentally friendly bag for your everyday needs. Stretch out & Order now!","breadcrumb":{"@id":"https:\/\/hilpdesign.com\/product\/eco-tote-bag-yoga-cat\/#breadcrumb"},"inLanguage":"et","potentialAction":[{"@type":"ReadAction","target":["https:\/\/hilpdesign.com\/product\/eco-tote-bag-yoga-cat\/"]}]},{"@type":"ImageObject","inLanguage":"et","@id":"https:\/\/hilpdesign.com\/product\/eco-tote-bag-yoga-cat\/#primaryimage","url":"https:\/\/hilpdesign.com\/wp-content\/uploads\/2023\/06\/eco-tote-bag-oyster-front-648c1dd7a2cf8.png","contentUrl":"https:\/\/hilpdesign.com\/wp-content\/uploads\/2023\/06\/eco-tote-bag-oyster-front-648c1dd7a2cf8.png","width":1920,"height":1920},{"@type":"BreadcrumbList","@id":"https:\/\/hilpdesign.com\/product\/eco-tote-bag-yoga-cat\/#breadcrumb","itemListElement":[{"@type":"ListItem","position":1,"name":"Home","item":"https:\/\/hilpdesign.com\/"},{"@type":"ListItem","position":2,"name":"Shop","item":"https:\/\/hilpdesign.com\/shop\/"},{"@type":"ListItem","position":3,"name":"Eco Tote Bag Yoga Cat"}]},{"@type":"WebSite","@id":"https:\/\/hilpdesign.com\/#website","url":"https:\/\/hilpdesign.com\/","name":"Hilp","description":"Sustainable wear for kids &amp; adults","publisher":{"@id":"https:\/\/hilpdesign.com\/#organization"},"alternateName":"Hilpdesign","potentialAction":[{"@type":"SearchAction","target":{"@type":"EntryPoint","urlTemplate":"https:\/\/hilpdesign.com\/?s={search_term_string}"},"query-input":{"@type":"PropertyValueSpecification","valueRequired":true,"valueName":"search_term_string"}}],"inLanguage":"et"},{"@type":"Organization","@id":"https:\/\/hilpdesign.com\/#organization","name":"Hilpdesign O\u00dc","url":"https:\/\/hilpdesign.com\/","logo":{"@type":"ImageObject","inLanguage":"et","@id":"https:\/\/hilpdesign.com\/#\/schema\/logo\/image\/","url":"https:\/\/hilpdesign.com\/wp-content\/uploads\/2023\/03\/logo_viimane.png","contentUrl":"https:\/\/hilpdesign.com\/wp-content\/uploads\/2023\/03\/logo_viimane.png","width":205,"height":112,"caption":"Hilpdesign O\u00dc"},"image":{"@id":"https:\/\/hilpdesign.com\/#\/schema\/logo\/image\/"},"sameAs":["https:\/\/www.facebook.com\/HilpDesign","https:\/\/www.instagram.com\/hilpfashion\/"]}]}},"_links":{"self":[{"href":"https:\/\/hilpdesign.com\/et\/wp-json\/wp\/v2\/product\/18012","targetHints":{"allow":["GET"]}}],"collection":[{"href":"https:\/\/hilpdesign.com\/et\/wp-json\/wp\/v2\/product"}],"about":[{"href":"https:\/\/hilpdesign.com\/et\/wp-json\/wp\/v2\/types\/product"}],"wp:featuredmedia":[{"embeddable":true,"href":"https:\/\/hilpdesign.com\/et\/wp-json\/wp\/v2\/media\/18013"}],"wp:attachment":[{"href":"https:\/\/hilpdesign.com\/et\/wp-json\/wp\/v2\/media?parent=18012"}],"wp:term":[{"taxonomy":"product_brand","embeddable":true,"href":"https:\/\/hilpdesign.com\/et\/wp-json\/wp\/v2\/product_brand?post=18012"},{"taxonomy":"product_cat","embeddable":true,"href":"https:\/\/hilpdesign.com\/et\/wp-json\/wp\/v2\/product_cat?post=18012"},{"taxonomy":"product_tag","embeddable":true,"href":"https:\/\/hilpdesign.com\/et\/wp-json\/wp\/v2\/product_tag?post=18012"}],"curies":[{"name":"wp","href":"https:\/\/api.w.org\/{rel}","templated":true}]}}