{"id":18078,"date":"2023-06-27T15:50:29","date_gmt":"2023-06-27T12:50:29","guid":{"rendered":"https:\/\/hilpdesign.com\/?post_type=product&#038;p=18078"},"modified":"2025-01-31T22:14:22","modified_gmt":"2025-01-31T20:14:22","slug":"sloth-mug","status":"publish","type":"product","link":"https:\/\/hilpdesign.com\/et\/toode\/sloth-mug\/","title":{"rendered":"Laiskloomaga kruus"},"content":{"rendered":"<ul>\n<li>Keraamiline<\/li>\n<li>K\u00f5rgus: 9.6<\/li>\n<li>Diameeter: 8.3 cm<\/li>\n<li>V\u00e4rviline sang ja sisu<\/li>\n<li>V\u00f5ib peste n\u00f5udepesumasinas<\/li>\n<li>Designed and printed in Estonia<\/li>\n<\/ul>","protected":false},"excerpt":{"rendered":"<p>See kruus on ideaalne meeldetuletus, et teha \u00fcks kohvipaus ja v\u00f5tta hetk iseendale.<\/p>\n<p>Valmistatud vastupidavast kuumakindlast keraamilisest materjalist, see 11 oz kruus on ideaalne igasuguse joogi jaoks, mis aitab teil hommikust tuju t\u00f5sta. K\u00f5rguselt 3.79 \u2033 (9.6 cm) ja l\u00e4bim\u00f5\u00f5dult 3.27 \u2033 (8.3 cm) on see t\u00e4iuslik suurus teie lemmiku joogi hoidmiseks.<\/p>\n<p>&nbsp;<\/p>","protected":false},"featured_media":18080,"template":"","meta":[],"product_brand":[],"product_cat":[82],"product_tag":[397],"class_list":{"0":"post-18078","1":"product","2":"type-product","3":"status-publish","4":"has-post-thumbnail","6":"product_cat-mugs","7":"product_tag-coffee","8":"product_shipping_class-mugs","10":"first","11":"instock","12":"taxable","13":"shipping-taxable","14":"purchasable","15":"product-type-simple"},"yoast_head":"<!-- This site is optimized with the Yoast SEO plugin v27.2 - https:\/\/yoast.com\/product\/yoast-seo-wordpress\/ -->\n<title>Sloth Mug - Hilp<\/title>\n<meta name=\"description\" content=\"Funny Sloth Mug for expert procrastinators! Just take your favorite beverages and chill out. Nothing is more important than doing nothing. Cheers!\" \/>\n<meta name=\"robots\" content=\"index, follow, max-snippet:-1, max-image-preview:large, max-video-preview:-1\" \/>\n<link rel=\"canonical\" href=\"https:\/\/hilpdesign.com\/et\/toode\/sloth-mug\/\" \/>\n<meta property=\"og:locale\" content=\"et_EE\" \/>\n<meta property=\"og:type\" content=\"article\" \/>\n<meta property=\"og:title\" content=\"Sloth Mug - Hilp\" \/>\n<meta property=\"og:description\" content=\"Funny Sloth Mug for expert procrastinators! Just take your favorite beverages and chill out. Nothing is more important than doing nothing. Cheers!\" \/>\n<meta property=\"og:url\" content=\"https:\/\/hilpdesign.com\/et\/toode\/sloth-mug\/\" \/>\n<meta property=\"og:site_name\" content=\"Hilp\" \/>\n<meta property=\"article:publisher\" content=\"https:\/\/www.facebook.com\/HilpDesign\" \/>\n<meta property=\"article:modified_time\" content=\"2025-01-31T20:14:22+00:00\" \/>\n<meta property=\"og:image\" content=\"https:\/\/hilpdesign.com\/wp-content\/uploads\/2023\/06\/white-ceramic-mug-with-color-inside-black-11oz-right-649adc30b5892.png\" \/>\n\t<meta property=\"og:image:width\" content=\"1920\" \/>\n\t<meta property=\"og:image:height\" content=\"1920\" \/>\n\t<meta property=\"og:image:type\" content=\"image\/png\" \/>\n<meta name=\"twitter:card\" content=\"summary_large_image\" \/>\n<meta name=\"twitter:label1\" content=\"Est. reading time\" \/>\n\t<meta name=\"twitter:data1\" content=\"1 minut\" \/>\n<script type=\"application\/ld+json\" class=\"yoast-schema-graph\">{\"@context\":\"https:\/\/schema.org\",\"@graph\":[{\"@type\":\"WebPage\",\"@id\":\"https:\/\/hilpdesign.com\/product\/sloth-mug\/\",\"url\":\"https:\/\/hilpdesign.com\/product\/sloth-mug\/\",\"name\":\"Sloth Mug - Hilp\",\"isPartOf\":{\"@id\":\"https:\/\/hilpdesign.com\/#website\"},\"primaryImageOfPage\":{\"@id\":\"https:\/\/hilpdesign.com\/product\/sloth-mug\/#primaryimage\"},\"image\":{\"@id\":\"https:\/\/hilpdesign.com\/product\/sloth-mug\/#primaryimage\"},\"thumbnailUrl\":\"https:\/\/hilpdesign.com\/wp-content\/uploads\/2023\/06\/white-ceramic-mug-with-color-inside-black-11oz-right-649adc30b5892.png\",\"datePublished\":\"2023-06-27T12:50:29+00:00\",\"dateModified\":\"2025-01-31T20:14:22+00:00\",\"description\":\"Funny Sloth Mug for expert procrastinators! Just take your favorite beverages and chill out. Nothing is more important than doing nothing. Cheers!\",\"breadcrumb\":{\"@id\":\"https:\/\/hilpdesign.com\/product\/sloth-mug\/#breadcrumb\"},\"inLanguage\":\"et\",\"potentialAction\":[{\"@type\":\"ReadAction\",\"target\":[\"https:\/\/hilpdesign.com\/product\/sloth-mug\/\"]}]},{\"@type\":\"ImageObject\",\"inLanguage\":\"et\",\"@id\":\"https:\/\/hilpdesign.com\/product\/sloth-mug\/#primaryimage\",\"url\":\"https:\/\/hilpdesign.com\/wp-content\/uploads\/2023\/06\/white-ceramic-mug-with-color-inside-black-11oz-right-649adc30b5892.png\",\"contentUrl\":\"https:\/\/hilpdesign.com\/wp-content\/uploads\/2023\/06\/white-ceramic-mug-with-color-inside-black-11oz-right-649adc30b5892.png\",\"width\":1920,\"height\":1920},{\"@type\":\"BreadcrumbList\",\"@id\":\"https:\/\/hilpdesign.com\/product\/sloth-mug\/#breadcrumb\",\"itemListElement\":[{\"@type\":\"ListItem\",\"position\":1,\"name\":\"Home\",\"item\":\"https:\/\/hilpdesign.com\/\"},{\"@type\":\"ListItem\",\"position\":2,\"name\":\"Shop\",\"item\":\"https:\/\/hilpdesign.com\/shop\/\"},{\"@type\":\"ListItem\",\"position\":3,\"name\":\"Sloth Mug\"}]},{\"@type\":\"WebSite\",\"@id\":\"https:\/\/hilpdesign.com\/#website\",\"url\":\"https:\/\/hilpdesign.com\/\",\"name\":\"Hilp\",\"description\":\"Sustainable wear for kids &amp; adults\",\"publisher\":{\"@id\":\"https:\/\/hilpdesign.com\/#organization\"},\"alternateName\":\"Hilpdesign\",\"potentialAction\":[{\"@type\":\"SearchAction\",\"target\":{\"@type\":\"EntryPoint\",\"urlTemplate\":\"https:\/\/hilpdesign.com\/?s={search_term_string}\"},\"query-input\":{\"@type\":\"PropertyValueSpecification\",\"valueRequired\":true,\"valueName\":\"search_term_string\"}}],\"inLanguage\":\"et\"},{\"@type\":\"Organization\",\"@id\":\"https:\/\/hilpdesign.com\/#organization\",\"name\":\"Hilpdesign O\u00dc\",\"url\":\"https:\/\/hilpdesign.com\/\",\"logo\":{\"@type\":\"ImageObject\",\"inLanguage\":\"et\",\"@id\":\"https:\/\/hilpdesign.com\/#\/schema\/logo\/image\/\",\"url\":\"https:\/\/hilpdesign.com\/wp-content\/uploads\/2023\/03\/logo_viimane.png\",\"contentUrl\":\"https:\/\/hilpdesign.com\/wp-content\/uploads\/2023\/03\/logo_viimane.png\",\"width\":205,\"height\":112,\"caption\":\"Hilpdesign O\u00dc\"},\"image\":{\"@id\":\"https:\/\/hilpdesign.com\/#\/schema\/logo\/image\/\"},\"sameAs\":[\"https:\/\/www.facebook.com\/HilpDesign\",\"https:\/\/www.instagram.com\/hilpfashion\/\"]}]}<\/script>\n<!-- \/ Yoast SEO plugin. -->","yoast_head_json":{"title":"Sloth Mug - Hilp","description":"Funny Sloth Mug for expert procrastinators! Just take your favorite beverages and chill out. Nothing is more important than doing nothing. Cheers!","robots":{"index":"index","follow":"follow","max-snippet":"max-snippet:-1","max-image-preview":"max-image-preview:large","max-video-preview":"max-video-preview:-1"},"canonical":"https:\/\/hilpdesign.com\/et\/toode\/sloth-mug\/","og_locale":"et_EE","og_type":"article","og_title":"Sloth Mug - Hilp","og_description":"Funny Sloth Mug for expert procrastinators! Just take your favorite beverages and chill out. Nothing is more important than doing nothing. Cheers!","og_url":"https:\/\/hilpdesign.com\/et\/toode\/sloth-mug\/","og_site_name":"Hilp","article_publisher":"https:\/\/www.facebook.com\/HilpDesign","article_modified_time":"2025-01-31T20:14:22+00:00","og_image":[{"width":1920,"height":1920,"url":"https:\/\/hilpdesign.com\/wp-content\/uploads\/2023\/06\/white-ceramic-mug-with-color-inside-black-11oz-right-649adc30b5892.png","type":"image\/png"}],"twitter_card":"summary_large_image","twitter_misc":{"Est. reading time":"1 minut"},"schema":{"@context":"https:\/\/schema.org","@graph":[{"@type":"WebPage","@id":"https:\/\/hilpdesign.com\/product\/sloth-mug\/","url":"https:\/\/hilpdesign.com\/product\/sloth-mug\/","name":"Sloth Mug - Hilp","isPartOf":{"@id":"https:\/\/hilpdesign.com\/#website"},"primaryImageOfPage":{"@id":"https:\/\/hilpdesign.com\/product\/sloth-mug\/#primaryimage"},"image":{"@id":"https:\/\/hilpdesign.com\/product\/sloth-mug\/#primaryimage"},"thumbnailUrl":"https:\/\/hilpdesign.com\/wp-content\/uploads\/2023\/06\/white-ceramic-mug-with-color-inside-black-11oz-right-649adc30b5892.png","datePublished":"2023-06-27T12:50:29+00:00","dateModified":"2025-01-31T20:14:22+00:00","description":"Funny Sloth Mug for expert procrastinators! Just take your favorite beverages and chill out. Nothing is more important than doing nothing. Cheers!","breadcrumb":{"@id":"https:\/\/hilpdesign.com\/product\/sloth-mug\/#breadcrumb"},"inLanguage":"et","potentialAction":[{"@type":"ReadAction","target":["https:\/\/hilpdesign.com\/product\/sloth-mug\/"]}]},{"@type":"ImageObject","inLanguage":"et","@id":"https:\/\/hilpdesign.com\/product\/sloth-mug\/#primaryimage","url":"https:\/\/hilpdesign.com\/wp-content\/uploads\/2023\/06\/white-ceramic-mug-with-color-inside-black-11oz-right-649adc30b5892.png","contentUrl":"https:\/\/hilpdesign.com\/wp-content\/uploads\/2023\/06\/white-ceramic-mug-with-color-inside-black-11oz-right-649adc30b5892.png","width":1920,"height":1920},{"@type":"BreadcrumbList","@id":"https:\/\/hilpdesign.com\/product\/sloth-mug\/#breadcrumb","itemListElement":[{"@type":"ListItem","position":1,"name":"Home","item":"https:\/\/hilpdesign.com\/"},{"@type":"ListItem","position":2,"name":"Shop","item":"https:\/\/hilpdesign.com\/shop\/"},{"@type":"ListItem","position":3,"name":"Sloth Mug"}]},{"@type":"WebSite","@id":"https:\/\/hilpdesign.com\/#website","url":"https:\/\/hilpdesign.com\/","name":"Hilp","description":"Sustainable wear for kids &amp; adults","publisher":{"@id":"https:\/\/hilpdesign.com\/#organization"},"alternateName":"Hilpdesign","potentialAction":[{"@type":"SearchAction","target":{"@type":"EntryPoint","urlTemplate":"https:\/\/hilpdesign.com\/?s={search_term_string}"},"query-input":{"@type":"PropertyValueSpecification","valueRequired":true,"valueName":"search_term_string"}}],"inLanguage":"et"},{"@type":"Organization","@id":"https:\/\/hilpdesign.com\/#organization","name":"Hilpdesign O\u00dc","url":"https:\/\/hilpdesign.com\/","logo":{"@type":"ImageObject","inLanguage":"et","@id":"https:\/\/hilpdesign.com\/#\/schema\/logo\/image\/","url":"https:\/\/hilpdesign.com\/wp-content\/uploads\/2023\/03\/logo_viimane.png","contentUrl":"https:\/\/hilpdesign.com\/wp-content\/uploads\/2023\/03\/logo_viimane.png","width":205,"height":112,"caption":"Hilpdesign O\u00dc"},"image":{"@id":"https:\/\/hilpdesign.com\/#\/schema\/logo\/image\/"},"sameAs":["https:\/\/www.facebook.com\/HilpDesign","https:\/\/www.instagram.com\/hilpfashion\/"]}]}},"_links":{"self":[{"href":"https:\/\/hilpdesign.com\/et\/wp-json\/wp\/v2\/product\/18078","targetHints":{"allow":["GET"]}}],"collection":[{"href":"https:\/\/hilpdesign.com\/et\/wp-json\/wp\/v2\/product"}],"about":[{"href":"https:\/\/hilpdesign.com\/et\/wp-json\/wp\/v2\/types\/product"}],"wp:featuredmedia":[{"embeddable":true,"href":"https:\/\/hilpdesign.com\/et\/wp-json\/wp\/v2\/media\/18080"}],"wp:attachment":[{"href":"https:\/\/hilpdesign.com\/et\/wp-json\/wp\/v2\/media?parent=18078"}],"wp:term":[{"taxonomy":"product_brand","embeddable":true,"href":"https:\/\/hilpdesign.com\/et\/wp-json\/wp\/v2\/product_brand?post=18078"},{"taxonomy":"product_cat","embeddable":true,"href":"https:\/\/hilpdesign.com\/et\/wp-json\/wp\/v2\/product_cat?post=18078"},{"taxonomy":"product_tag","embeddable":true,"href":"https:\/\/hilpdesign.com\/et\/wp-json\/wp\/v2\/product_tag?post=18078"}],"curies":[{"name":"wp","href":"https:\/\/api.w.org\/{rel}","templated":true}]}}