{"id":21017,"date":"2024-01-18T14:48:29","date_gmt":"2024-01-18T12:48:29","guid":{"rendered":"https:\/\/hilpdesign.com\/?post_type=product&#038;p=21017"},"modified":"2025-01-31T22:14:11","modified_gmt":"2025-01-31T20:14:11","slug":"kitty-mug","status":"publish","type":"product","link":"https:\/\/hilpdesign.com\/et\/toode\/kitty-mug\/","title":{"rendered":"Kiisu kruus"},"content":{"rendered":"<ul>\n<li>Keraamiline<\/li>\n<li>K\u00f5rgus: 9.6<\/li>\n<li>Diameeter: 8.3 cm<\/li>\n<li>V\u00e4rviline sang ja sisu<\/li>\n<li>V\u00f5ib peste n\u00f5udepesumasinas<\/li>\n<li>Disainitud ja tr\u00fckitud Eestis<\/li>\n<\/ul>","protected":false},"excerpt":{"rendered":"<p>See kiisu kruus on rohkem kui lihtsalt armas viis oma lemmikut jooki nautida.<\/p>\n<p>Valmistatud vastupidavast kuumakindlast keraamilisest materjalist, see 11 oz kruus on ideaalne igasuguse joogi jaoks, mis aitab teil hommikust tuju t\u00f5sta. K\u00f5rguselt 3.79 \u2033 (9.6 cm) ja l\u00e4bim\u00f5\u00f5dult 3.27 \u2033 (8.3 cm) on see t\u00e4iuslik suurus teie lemmiku joogi hoidmiseks.<\/p>","protected":false},"featured_media":21018,"template":"","meta":[],"product_brand":[],"product_cat":[82],"product_tag":[26,397,383],"class_list":{"0":"post-21017","1":"product","2":"type-product","3":"status-publish","4":"has-post-thumbnail","6":"product_cat-mugs","7":"product_tag-cat","8":"product_tag-coffee","9":"product_tag-mothers-day","10":"product_shipping_class-mugs","12":"first","13":"instock","14":"taxable","15":"shipping-taxable","16":"purchasable","17":"product-type-simple"},"yoast_head":"<!-- This site is optimized with the Yoast SEO plugin v27.2 - https:\/\/yoast.com\/product\/yoast-seo-wordpress\/ -->\n<title>Kitty Mug - Hilp<\/title>\n<meta name=\"description\" content=\"Sweet and cute Kitty Mug for all you lovely people! Ideal gift for a person with a big heart. Check out our Mug collection!\" \/>\n<meta name=\"robots\" content=\"index, follow, max-snippet:-1, max-image-preview:large, max-video-preview:-1\" \/>\n<link rel=\"canonical\" href=\"https:\/\/hilpdesign.com\/et\/toode\/kitty-mug\/\" \/>\n<meta property=\"og:locale\" content=\"et_EE\" \/>\n<meta property=\"og:type\" content=\"article\" \/>\n<meta property=\"og:title\" content=\"Kitty Mug - Hilp\" \/>\n<meta property=\"og:description\" content=\"Sweet and cute Kitty Mug for all you lovely people! Ideal gift for a person with a big heart. Check out our Mug collection!\" \/>\n<meta property=\"og:url\" content=\"https:\/\/hilpdesign.com\/et\/toode\/kitty-mug\/\" \/>\n<meta property=\"og:site_name\" content=\"Hilp\" \/>\n<meta property=\"article:publisher\" content=\"https:\/\/www.facebook.com\/HilpDesign\" \/>\n<meta property=\"article:modified_time\" content=\"2025-01-31T20:14:11+00:00\" \/>\n<meta property=\"og:image\" content=\"https:\/\/hilpdesign.com\/wp-content\/uploads\/2024\/01\/white-ceramic-mug-with-color-inside-red-11-oz-left-65a13a5a030d5.jpg\" \/>\n\t<meta property=\"og:image:width\" content=\"1920\" \/>\n\t<meta property=\"og:image:height\" content=\"1920\" \/>\n\t<meta property=\"og:image:type\" content=\"image\/jpeg\" \/>\n<meta name=\"twitter:card\" content=\"summary_large_image\" \/>\n<meta name=\"twitter:label1\" content=\"Est. reading time\" \/>\n\t<meta name=\"twitter:data1\" content=\"1 minut\" \/>\n<script type=\"application\/ld+json\" class=\"yoast-schema-graph\">{\"@context\":\"https:\/\/schema.org\",\"@graph\":[{\"@type\":\"WebPage\",\"@id\":\"https:\/\/hilpdesign.com\/et\/toode\/kitty-mug\/\",\"url\":\"https:\/\/hilpdesign.com\/et\/toode\/kitty-mug\/\",\"name\":\"Kitty Mug - Hilp\",\"isPartOf\":{\"@id\":\"https:\/\/hilpdesign.com\/#website\"},\"primaryImageOfPage\":{\"@id\":\"https:\/\/hilpdesign.com\/et\/toode\/kitty-mug\/#primaryimage\"},\"image\":{\"@id\":\"https:\/\/hilpdesign.com\/et\/toode\/kitty-mug\/#primaryimage\"},\"thumbnailUrl\":\"https:\/\/hilpdesign.com\/wp-content\/uploads\/2024\/01\/white-ceramic-mug-with-color-inside-red-11-oz-left-65a13a5a030d5.jpg\",\"datePublished\":\"2024-01-18T12:48:29+00:00\",\"dateModified\":\"2025-01-31T20:14:11+00:00\",\"description\":\"Sweet and cute Kitty Mug for all you lovely people! Ideal gift for a person with a big heart. Check out our Mug collection!\",\"breadcrumb\":{\"@id\":\"https:\/\/hilpdesign.com\/et\/toode\/kitty-mug\/#breadcrumb\"},\"inLanguage\":\"et\",\"potentialAction\":[{\"@type\":\"ReadAction\",\"target\":[\"https:\/\/hilpdesign.com\/et\/toode\/kitty-mug\/\"]}]},{\"@type\":\"ImageObject\",\"inLanguage\":\"et\",\"@id\":\"https:\/\/hilpdesign.com\/et\/toode\/kitty-mug\/#primaryimage\",\"url\":\"https:\/\/hilpdesign.com\/wp-content\/uploads\/2024\/01\/white-ceramic-mug-with-color-inside-red-11-oz-left-65a13a5a030d5.jpg\",\"contentUrl\":\"https:\/\/hilpdesign.com\/wp-content\/uploads\/2024\/01\/white-ceramic-mug-with-color-inside-red-11-oz-left-65a13a5a030d5.jpg\",\"width\":1920,\"height\":1920},{\"@type\":\"BreadcrumbList\",\"@id\":\"https:\/\/hilpdesign.com\/et\/toode\/kitty-mug\/#breadcrumb\",\"itemListElement\":[{\"@type\":\"ListItem\",\"position\":1,\"name\":\"Home\",\"item\":\"https:\/\/hilpdesign.com\/\"},{\"@type\":\"ListItem\",\"position\":2,\"name\":\"Shop\",\"item\":\"https:\/\/hilpdesign.com\/shop\/\"},{\"@type\":\"ListItem\",\"position\":3,\"name\":\"Kitty Mug\"}]},{\"@type\":\"WebSite\",\"@id\":\"https:\/\/hilpdesign.com\/#website\",\"url\":\"https:\/\/hilpdesign.com\/\",\"name\":\"Hilp\",\"description\":\"Sustainable wear for kids &amp; adults\",\"publisher\":{\"@id\":\"https:\/\/hilpdesign.com\/#organization\"},\"alternateName\":\"Hilpdesign\",\"potentialAction\":[{\"@type\":\"SearchAction\",\"target\":{\"@type\":\"EntryPoint\",\"urlTemplate\":\"https:\/\/hilpdesign.com\/?s={search_term_string}\"},\"query-input\":{\"@type\":\"PropertyValueSpecification\",\"valueRequired\":true,\"valueName\":\"search_term_string\"}}],\"inLanguage\":\"et\"},{\"@type\":\"Organization\",\"@id\":\"https:\/\/hilpdesign.com\/#organization\",\"name\":\"Hilpdesign O\u00dc\",\"url\":\"https:\/\/hilpdesign.com\/\",\"logo\":{\"@type\":\"ImageObject\",\"inLanguage\":\"et\",\"@id\":\"https:\/\/hilpdesign.com\/#\/schema\/logo\/image\/\",\"url\":\"https:\/\/hilpdesign.com\/wp-content\/uploads\/2023\/03\/logo_viimane.png\",\"contentUrl\":\"https:\/\/hilpdesign.com\/wp-content\/uploads\/2023\/03\/logo_viimane.png\",\"width\":205,\"height\":112,\"caption\":\"Hilpdesign O\u00dc\"},\"image\":{\"@id\":\"https:\/\/hilpdesign.com\/#\/schema\/logo\/image\/\"},\"sameAs\":[\"https:\/\/www.facebook.com\/HilpDesign\",\"https:\/\/www.instagram.com\/hilpfashion\/\"]}]}<\/script>\n<!-- \/ Yoast SEO plugin. -->","yoast_head_json":{"title":"Kitty Mug - Hilp","description":"Sweet and cute Kitty Mug for all you lovely people! Ideal gift for a person with a big heart. Check out our Mug collection!","robots":{"index":"index","follow":"follow","max-snippet":"max-snippet:-1","max-image-preview":"max-image-preview:large","max-video-preview":"max-video-preview:-1"},"canonical":"https:\/\/hilpdesign.com\/et\/toode\/kitty-mug\/","og_locale":"et_EE","og_type":"article","og_title":"Kitty Mug - Hilp","og_description":"Sweet and cute Kitty Mug for all you lovely people! Ideal gift for a person with a big heart. Check out our Mug collection!","og_url":"https:\/\/hilpdesign.com\/et\/toode\/kitty-mug\/","og_site_name":"Hilp","article_publisher":"https:\/\/www.facebook.com\/HilpDesign","article_modified_time":"2025-01-31T20:14:11+00:00","og_image":[{"width":1920,"height":1920,"url":"https:\/\/hilpdesign.com\/wp-content\/uploads\/2024\/01\/white-ceramic-mug-with-color-inside-red-11-oz-left-65a13a5a030d5.jpg","type":"image\/jpeg"}],"twitter_card":"summary_large_image","twitter_misc":{"Est. reading time":"1 minut"},"schema":{"@context":"https:\/\/schema.org","@graph":[{"@type":"WebPage","@id":"https:\/\/hilpdesign.com\/et\/toode\/kitty-mug\/","url":"https:\/\/hilpdesign.com\/et\/toode\/kitty-mug\/","name":"Kitty Mug - Hilp","isPartOf":{"@id":"https:\/\/hilpdesign.com\/#website"},"primaryImageOfPage":{"@id":"https:\/\/hilpdesign.com\/et\/toode\/kitty-mug\/#primaryimage"},"image":{"@id":"https:\/\/hilpdesign.com\/et\/toode\/kitty-mug\/#primaryimage"},"thumbnailUrl":"https:\/\/hilpdesign.com\/wp-content\/uploads\/2024\/01\/white-ceramic-mug-with-color-inside-red-11-oz-left-65a13a5a030d5.jpg","datePublished":"2024-01-18T12:48:29+00:00","dateModified":"2025-01-31T20:14:11+00:00","description":"Sweet and cute Kitty Mug for all you lovely people! Ideal gift for a person with a big heart. Check out our Mug collection!","breadcrumb":{"@id":"https:\/\/hilpdesign.com\/et\/toode\/kitty-mug\/#breadcrumb"},"inLanguage":"et","potentialAction":[{"@type":"ReadAction","target":["https:\/\/hilpdesign.com\/et\/toode\/kitty-mug\/"]}]},{"@type":"ImageObject","inLanguage":"et","@id":"https:\/\/hilpdesign.com\/et\/toode\/kitty-mug\/#primaryimage","url":"https:\/\/hilpdesign.com\/wp-content\/uploads\/2024\/01\/white-ceramic-mug-with-color-inside-red-11-oz-left-65a13a5a030d5.jpg","contentUrl":"https:\/\/hilpdesign.com\/wp-content\/uploads\/2024\/01\/white-ceramic-mug-with-color-inside-red-11-oz-left-65a13a5a030d5.jpg","width":1920,"height":1920},{"@type":"BreadcrumbList","@id":"https:\/\/hilpdesign.com\/et\/toode\/kitty-mug\/#breadcrumb","itemListElement":[{"@type":"ListItem","position":1,"name":"Home","item":"https:\/\/hilpdesign.com\/"},{"@type":"ListItem","position":2,"name":"Shop","item":"https:\/\/hilpdesign.com\/shop\/"},{"@type":"ListItem","position":3,"name":"Kitty Mug"}]},{"@type":"WebSite","@id":"https:\/\/hilpdesign.com\/#website","url":"https:\/\/hilpdesign.com\/","name":"Hilp","description":"Sustainable wear for kids &amp; adults","publisher":{"@id":"https:\/\/hilpdesign.com\/#organization"},"alternateName":"Hilpdesign","potentialAction":[{"@type":"SearchAction","target":{"@type":"EntryPoint","urlTemplate":"https:\/\/hilpdesign.com\/?s={search_term_string}"},"query-input":{"@type":"PropertyValueSpecification","valueRequired":true,"valueName":"search_term_string"}}],"inLanguage":"et"},{"@type":"Organization","@id":"https:\/\/hilpdesign.com\/#organization","name":"Hilpdesign O\u00dc","url":"https:\/\/hilpdesign.com\/","logo":{"@type":"ImageObject","inLanguage":"et","@id":"https:\/\/hilpdesign.com\/#\/schema\/logo\/image\/","url":"https:\/\/hilpdesign.com\/wp-content\/uploads\/2023\/03\/logo_viimane.png","contentUrl":"https:\/\/hilpdesign.com\/wp-content\/uploads\/2023\/03\/logo_viimane.png","width":205,"height":112,"caption":"Hilpdesign O\u00dc"},"image":{"@id":"https:\/\/hilpdesign.com\/#\/schema\/logo\/image\/"},"sameAs":["https:\/\/www.facebook.com\/HilpDesign","https:\/\/www.instagram.com\/hilpfashion\/"]}]}},"_links":{"self":[{"href":"https:\/\/hilpdesign.com\/et\/wp-json\/wp\/v2\/product\/21017","targetHints":{"allow":["GET"]}}],"collection":[{"href":"https:\/\/hilpdesign.com\/et\/wp-json\/wp\/v2\/product"}],"about":[{"href":"https:\/\/hilpdesign.com\/et\/wp-json\/wp\/v2\/types\/product"}],"wp:featuredmedia":[{"embeddable":true,"href":"https:\/\/hilpdesign.com\/et\/wp-json\/wp\/v2\/media\/21018"}],"wp:attachment":[{"href":"https:\/\/hilpdesign.com\/et\/wp-json\/wp\/v2\/media?parent=21017"}],"wp:term":[{"taxonomy":"product_brand","embeddable":true,"href":"https:\/\/hilpdesign.com\/et\/wp-json\/wp\/v2\/product_brand?post=21017"},{"taxonomy":"product_cat","embeddable":true,"href":"https:\/\/hilpdesign.com\/et\/wp-json\/wp\/v2\/product_cat?post=21017"},{"taxonomy":"product_tag","embeddable":true,"href":"https:\/\/hilpdesign.com\/et\/wp-json\/wp\/v2\/product_tag?post=21017"}],"curies":[{"name":"wp","href":"https:\/\/api.w.org\/{rel}","templated":true}]}}