{"id":21938,"date":"2024-03-14T10:47:59","date_gmt":"2024-03-14T08:47:59","guid":{"rendered":"https:\/\/hilpdesign.com\/?post_type=product&#038;p=21938"},"modified":"2026-01-14T21:40:11","modified_gmt":"2026-01-14T19:40:11","slug":"work-sucks-t-shirt","status":"publish","type":"product","link":"https:\/\/hilpdesign.com\/et\/toode\/work-sucks-t-shirt\/","title":{"rendered":"Work sucks t-s\u00e4rk"},"content":{"rendered":"<ul>\n<li>DTG print with funny cat<\/li>\n<li>UNISEX sizes<\/li>\n<li>Fabric softness: normal, not as soft like Hilp applique T-shirts<\/li>\n<li>regular look, women you can choose your own size or size down for fitted look.<\/li>\n<li>Made from 100% organic cotton and OEKO-TEX\u00a0certified inks<\/li>\n<li>Fabric weight: 5.3 oz.\/yd.\u00b2 (180 g\/m\u00b2)<\/li>\n<li>This shirt is not sewn in our studio in Tartu.<\/li>\n<li>Certifications: <strong>PETA-Approved<\/strong>, <strong>OEKO \u2013 TEX, GOTS, blank producer is member of Fair Wear Foundation<\/strong><\/li>\n<\/ul>","protected":false},"excerpt":{"rendered":"<p>Valmistatud tellimuse peale: kohaletoimetamise aeg Eestisse on 10 p\u00e4eva.<\/p>\n<p>Naljaks T-s\u00e4rk rebasega, mis sobib k\u00f5igile looma ja spordi s\u00f5pradele.<\/p>\n<p>See unisex mugav T-s\u00e4rk sobib meestele ja naistele. S\u00e4rk pole nii pehme kui Hilp aplikatsioonga s\u00e4rgid ja on pigem siledam.<\/p>\n<p>Soovitame valida meestel \u00fcks number suurema s\u00e4rgi, muidu on s\u00e4rk liibuv. Naistele soovitame valida enda suuruse v\u00f5i v\u00e4iksema, kui soovid liibuvat T-s\u00e4rki.<\/p>\n<p>Antud s\u00e4rgid pole valmistatud meie stuudios, vaid on tr\u00fckitud toorikutele.<\/p>","protected":false},"featured_media":21939,"template":"","meta":[],"product_brand":[],"product_cat":[70,64,229],"product_tag":[26,397,394],"class_list":{"0":"post-21938","1":"product","2":"type-product","3":"status-publish","4":"has-post-thumbnail","6":"product_cat-t-shirts-for-men","7":"product_cat-t-shirts-for-women","8":"product_cat-unisex-printed-organic-t-shirts","9":"product_tag-cat","10":"product_tag-coffee","11":"product_tag-fathersday","13":"first","14":"instock","15":"taxable","16":"shipping-taxable","17":"purchasable","18":"product-type-variable","19":"has-default-attributes"},"yoast_head":"<!-- This site is optimized with the Yoast SEO plugin v27.2 - https:\/\/yoast.com\/product\/yoast-seo-wordpress\/ -->\n<title>Work Sucks T-Shirt | Hilp - 100% organic cotton Tees!<\/title>\n<meta name=\"description\" content=\"Our Work Sucks T-shirt perfectly depicts the feeling we all have when we arrive at the office on a Monday morning. Check it out!\" \/>\n<meta name=\"robots\" content=\"index, follow, max-snippet:-1, max-image-preview:large, max-video-preview:-1\" \/>\n<link rel=\"canonical\" href=\"https:\/\/hilpdesign.com\/et\/toode\/work-sucks-t-shirt\/\" \/>\n<meta property=\"og:locale\" content=\"et_EE\" \/>\n<meta property=\"og:type\" content=\"article\" \/>\n<meta property=\"og:title\" content=\"Work Sucks T-Shirt | Hilp - 100% organic cotton Tees!\" \/>\n<meta property=\"og:description\" content=\"Our Work Sucks T-shirt perfectly depicts the feeling we all have when we arrive at the office on a Monday morning. Check it out!\" \/>\n<meta property=\"og:url\" content=\"https:\/\/hilpdesign.com\/et\/toode\/work-sucks-t-shirt\/\" \/>\n<meta property=\"og:site_name\" content=\"Hilp\" \/>\n<meta property=\"article:publisher\" content=\"https:\/\/www.facebook.com\/HilpDesign\" \/>\n<meta property=\"article:modified_time\" content=\"2026-01-14T19:40:11+00:00\" \/>\n<meta property=\"og:image\" content=\"https:\/\/hilpdesign.com\/wp-content\/uploads\/2024\/03\/unisex-organic-cotton-t-shirt-white-front-65f010ada447b.jpg\" \/>\n\t<meta property=\"og:image:width\" content=\"1920\" \/>\n\t<meta property=\"og:image:height\" content=\"1920\" \/>\n\t<meta property=\"og:image:type\" content=\"image\/jpeg\" \/>\n<meta name=\"twitter:card\" content=\"summary_large_image\" \/>\n<meta name=\"twitter:label1\" content=\"Est. reading time\" \/>\n\t<meta name=\"twitter:data1\" content=\"1 minut\" \/>\n<script type=\"application\/ld+json\" class=\"yoast-schema-graph\">{\"@context\":\"https:\/\/schema.org\",\"@graph\":[{\"@type\":\"WebPage\",\"@id\":\"https:\/\/hilpdesign.com\/product\/work-sucks-t-shirt\/\",\"url\":\"https:\/\/hilpdesign.com\/product\/work-sucks-t-shirt\/\",\"name\":\"Work Sucks T-Shirt | Hilp - 100% organic cotton Tees!\",\"isPartOf\":{\"@id\":\"https:\/\/hilpdesign.com\/#website\"},\"primaryImageOfPage\":{\"@id\":\"https:\/\/hilpdesign.com\/product\/work-sucks-t-shirt\/#primaryimage\"},\"image\":{\"@id\":\"https:\/\/hilpdesign.com\/product\/work-sucks-t-shirt\/#primaryimage\"},\"thumbnailUrl\":\"https:\/\/hilpdesign.com\/wp-content\/uploads\/2024\/03\/unisex-organic-cotton-t-shirt-white-front-65f010ada447b.jpg\",\"datePublished\":\"2024-03-14T08:47:59+00:00\",\"dateModified\":\"2026-01-14T19:40:11+00:00\",\"description\":\"Our Work Sucks T-shirt perfectly depicts the feeling we all have when we arrive at the office on a Monday morning. Check it out!\",\"breadcrumb\":{\"@id\":\"https:\/\/hilpdesign.com\/product\/work-sucks-t-shirt\/#breadcrumb\"},\"inLanguage\":\"et\",\"potentialAction\":[{\"@type\":\"ReadAction\",\"target\":[\"https:\/\/hilpdesign.com\/product\/work-sucks-t-shirt\/\"]}]},{\"@type\":\"ImageObject\",\"inLanguage\":\"et\",\"@id\":\"https:\/\/hilpdesign.com\/product\/work-sucks-t-shirt\/#primaryimage\",\"url\":\"https:\/\/hilpdesign.com\/wp-content\/uploads\/2024\/03\/unisex-organic-cotton-t-shirt-white-front-65f010ada447b.jpg\",\"contentUrl\":\"https:\/\/hilpdesign.com\/wp-content\/uploads\/2024\/03\/unisex-organic-cotton-t-shirt-white-front-65f010ada447b.jpg\",\"width\":1920,\"height\":1920},{\"@type\":\"BreadcrumbList\",\"@id\":\"https:\/\/hilpdesign.com\/product\/work-sucks-t-shirt\/#breadcrumb\",\"itemListElement\":[{\"@type\":\"ListItem\",\"position\":1,\"name\":\"Home\",\"item\":\"https:\/\/hilpdesign.com\/\"},{\"@type\":\"ListItem\",\"position\":2,\"name\":\"Shop\",\"item\":\"https:\/\/hilpdesign.com\/shop\/\"},{\"@type\":\"ListItem\",\"position\":3,\"name\":\"Work Sucks T-Shirt\"}]},{\"@type\":\"WebSite\",\"@id\":\"https:\/\/hilpdesign.com\/#website\",\"url\":\"https:\/\/hilpdesign.com\/\",\"name\":\"Hilp\",\"description\":\"Sustainable wear for kids &amp; adults\",\"publisher\":{\"@id\":\"https:\/\/hilpdesign.com\/#organization\"},\"alternateName\":\"Hilpdesign\",\"potentialAction\":[{\"@type\":\"SearchAction\",\"target\":{\"@type\":\"EntryPoint\",\"urlTemplate\":\"https:\/\/hilpdesign.com\/?s={search_term_string}\"},\"query-input\":{\"@type\":\"PropertyValueSpecification\",\"valueRequired\":true,\"valueName\":\"search_term_string\"}}],\"inLanguage\":\"et\"},{\"@type\":\"Organization\",\"@id\":\"https:\/\/hilpdesign.com\/#organization\",\"name\":\"Hilpdesign O\u00dc\",\"url\":\"https:\/\/hilpdesign.com\/\",\"logo\":{\"@type\":\"ImageObject\",\"inLanguage\":\"et\",\"@id\":\"https:\/\/hilpdesign.com\/#\/schema\/logo\/image\/\",\"url\":\"https:\/\/hilpdesign.com\/wp-content\/uploads\/2023\/03\/logo_viimane.png\",\"contentUrl\":\"https:\/\/hilpdesign.com\/wp-content\/uploads\/2023\/03\/logo_viimane.png\",\"width\":205,\"height\":112,\"caption\":\"Hilpdesign O\u00dc\"},\"image\":{\"@id\":\"https:\/\/hilpdesign.com\/#\/schema\/logo\/image\/\"},\"sameAs\":[\"https:\/\/www.facebook.com\/HilpDesign\",\"https:\/\/www.instagram.com\/hilpfashion\/\"]}]}<\/script>\n<!-- \/ Yoast SEO plugin. -->","yoast_head_json":{"title":"Work Sucks T-Shirt | Hilp - 100% organic cotton Tees!","description":"Our Work Sucks T-shirt perfectly depicts the feeling we all have when we arrive at the office on a Monday morning. Check it out!","robots":{"index":"index","follow":"follow","max-snippet":"max-snippet:-1","max-image-preview":"max-image-preview:large","max-video-preview":"max-video-preview:-1"},"canonical":"https:\/\/hilpdesign.com\/et\/toode\/work-sucks-t-shirt\/","og_locale":"et_EE","og_type":"article","og_title":"Work Sucks T-Shirt | Hilp - 100% organic cotton Tees!","og_description":"Our Work Sucks T-shirt perfectly depicts the feeling we all have when we arrive at the office on a Monday morning. Check it out!","og_url":"https:\/\/hilpdesign.com\/et\/toode\/work-sucks-t-shirt\/","og_site_name":"Hilp","article_publisher":"https:\/\/www.facebook.com\/HilpDesign","article_modified_time":"2026-01-14T19:40:11+00:00","og_image":[{"width":1920,"height":1920,"url":"https:\/\/hilpdesign.com\/wp-content\/uploads\/2024\/03\/unisex-organic-cotton-t-shirt-white-front-65f010ada447b.jpg","type":"image\/jpeg"}],"twitter_card":"summary_large_image","twitter_misc":{"Est. reading time":"1 minut"},"schema":{"@context":"https:\/\/schema.org","@graph":[{"@type":"WebPage","@id":"https:\/\/hilpdesign.com\/product\/work-sucks-t-shirt\/","url":"https:\/\/hilpdesign.com\/product\/work-sucks-t-shirt\/","name":"Work Sucks T-Shirt | Hilp - 100% organic cotton Tees!","isPartOf":{"@id":"https:\/\/hilpdesign.com\/#website"},"primaryImageOfPage":{"@id":"https:\/\/hilpdesign.com\/product\/work-sucks-t-shirt\/#primaryimage"},"image":{"@id":"https:\/\/hilpdesign.com\/product\/work-sucks-t-shirt\/#primaryimage"},"thumbnailUrl":"https:\/\/hilpdesign.com\/wp-content\/uploads\/2024\/03\/unisex-organic-cotton-t-shirt-white-front-65f010ada447b.jpg","datePublished":"2024-03-14T08:47:59+00:00","dateModified":"2026-01-14T19:40:11+00:00","description":"Our Work Sucks T-shirt perfectly depicts the feeling we all have when we arrive at the office on a Monday morning. Check it out!","breadcrumb":{"@id":"https:\/\/hilpdesign.com\/product\/work-sucks-t-shirt\/#breadcrumb"},"inLanguage":"et","potentialAction":[{"@type":"ReadAction","target":["https:\/\/hilpdesign.com\/product\/work-sucks-t-shirt\/"]}]},{"@type":"ImageObject","inLanguage":"et","@id":"https:\/\/hilpdesign.com\/product\/work-sucks-t-shirt\/#primaryimage","url":"https:\/\/hilpdesign.com\/wp-content\/uploads\/2024\/03\/unisex-organic-cotton-t-shirt-white-front-65f010ada447b.jpg","contentUrl":"https:\/\/hilpdesign.com\/wp-content\/uploads\/2024\/03\/unisex-organic-cotton-t-shirt-white-front-65f010ada447b.jpg","width":1920,"height":1920},{"@type":"BreadcrumbList","@id":"https:\/\/hilpdesign.com\/product\/work-sucks-t-shirt\/#breadcrumb","itemListElement":[{"@type":"ListItem","position":1,"name":"Home","item":"https:\/\/hilpdesign.com\/"},{"@type":"ListItem","position":2,"name":"Shop","item":"https:\/\/hilpdesign.com\/shop\/"},{"@type":"ListItem","position":3,"name":"Work Sucks T-Shirt"}]},{"@type":"WebSite","@id":"https:\/\/hilpdesign.com\/#website","url":"https:\/\/hilpdesign.com\/","name":"Hilp","description":"Sustainable wear for kids &amp; adults","publisher":{"@id":"https:\/\/hilpdesign.com\/#organization"},"alternateName":"Hilpdesign","potentialAction":[{"@type":"SearchAction","target":{"@type":"EntryPoint","urlTemplate":"https:\/\/hilpdesign.com\/?s={search_term_string}"},"query-input":{"@type":"PropertyValueSpecification","valueRequired":true,"valueName":"search_term_string"}}],"inLanguage":"et"},{"@type":"Organization","@id":"https:\/\/hilpdesign.com\/#organization","name":"Hilpdesign O\u00dc","url":"https:\/\/hilpdesign.com\/","logo":{"@type":"ImageObject","inLanguage":"et","@id":"https:\/\/hilpdesign.com\/#\/schema\/logo\/image\/","url":"https:\/\/hilpdesign.com\/wp-content\/uploads\/2023\/03\/logo_viimane.png","contentUrl":"https:\/\/hilpdesign.com\/wp-content\/uploads\/2023\/03\/logo_viimane.png","width":205,"height":112,"caption":"Hilpdesign O\u00dc"},"image":{"@id":"https:\/\/hilpdesign.com\/#\/schema\/logo\/image\/"},"sameAs":["https:\/\/www.facebook.com\/HilpDesign","https:\/\/www.instagram.com\/hilpfashion\/"]}]}},"_links":{"self":[{"href":"https:\/\/hilpdesign.com\/et\/wp-json\/wp\/v2\/product\/21938","targetHints":{"allow":["GET"]}}],"collection":[{"href":"https:\/\/hilpdesign.com\/et\/wp-json\/wp\/v2\/product"}],"about":[{"href":"https:\/\/hilpdesign.com\/et\/wp-json\/wp\/v2\/types\/product"}],"wp:featuredmedia":[{"embeddable":true,"href":"https:\/\/hilpdesign.com\/et\/wp-json\/wp\/v2\/media\/21939"}],"wp:attachment":[{"href":"https:\/\/hilpdesign.com\/et\/wp-json\/wp\/v2\/media?parent=21938"}],"wp:term":[{"taxonomy":"product_brand","embeddable":true,"href":"https:\/\/hilpdesign.com\/et\/wp-json\/wp\/v2\/product_brand?post=21938"},{"taxonomy":"product_cat","embeddable":true,"href":"https:\/\/hilpdesign.com\/et\/wp-json\/wp\/v2\/product_cat?post=21938"},{"taxonomy":"product_tag","embeddable":true,"href":"https:\/\/hilpdesign.com\/et\/wp-json\/wp\/v2\/product_tag?post=21938"}],"curies":[{"name":"wp","href":"https:\/\/api.w.org\/{rel}","templated":true}]}}