{"id":23291,"date":"2024-10-12T12:53:57","date_gmt":"2024-10-12T09:53:57","guid":{"rendered":"https:\/\/hilpdesign.com\/?post_type=product&#038;p=23291"},"modified":"2024-10-12T13:24:43","modified_gmt":"2024-10-12T10:24:43","slug":"isadepaeva-kaart","status":"publish","type":"product","link":"https:\/\/hilpdesign.com\/et\/toode\/isadepaeva-kaart\/","title":{"rendered":"Isadep\u00e4eva kaart"},"content":{"rendered":"<p>T\u00e4hista isadep\u00e4eva s\u00fcdamliku kaardiga, mille olen spetsiaalselt selleks p\u00e4evaks kujundanud. Kaardi esik\u00fcljel on <strong>suur j\u00e4\u00e4karu<\/strong>, kes hoiab oma k\u00e4ppade vahel \u00f5rnalt <strong>pisikest j\u00e4\u00e4karu<\/strong>, s\u00fcmboliseerides isa hoolivust ja kaitset. Kaardi s\u00fcdamlik s\u00f5num \u00fctleb:<br \/>\n<strong>\u201eSinu k\u00e4ppade vahel tunnen ennast turvaliselt.\u201c<\/strong><\/p>","protected":false},"excerpt":{"rendered":"<p>T\u00e4hista isadep\u00e4eva s\u00fcdamliku kaardiga, mille olen spetsiaalselt selleks p\u00e4evaks kujundanud. Kaardi esik\u00fcljel on <strong>suur j\u00e4\u00e4karu<\/strong>, kes hoiab oma k\u00e4ppade vahel <strong>pisikest j\u00e4\u00e4karu<\/strong>, s\u00fcmboliseerides isa hoolivust ja kaitset.<\/p>","protected":false},"featured_media":23293,"template":"","meta":[],"product_brand":[],"product_cat":[15],"product_tag":[394],"class_list":{"0":"post-23291","1":"product","2":"type-product","3":"status-publish","4":"has-post-thumbnail","6":"product_cat-uncategorized","7":"product_tag-fathersday","9":"first","10":"instock","11":"taxable","12":"shipping-taxable","13":"purchasable","14":"product-type-simple"},"yoast_head":"<!-- This site is optimized with the Yoast SEO plugin v27.3 - https:\/\/yoast.com\/product\/yoast-seo-wordpress\/ -->\n<title>Isadep\u00e4eva kaart - Hilp<\/title>\n<meta name=\"robots\" content=\"index, follow, max-snippet:-1, max-image-preview:large, max-video-preview:-1\" \/>\n<link rel=\"canonical\" href=\"https:\/\/hilpdesign.com\/et\/toode\/isadepaeva-kaart\/\" \/>\n<meta property=\"og:locale\" content=\"et_EE\" \/>\n<meta property=\"og:type\" content=\"article\" \/>\n<meta property=\"og:title\" content=\"Isadep\u00e4eva kaart - Hilp\" \/>\n<meta property=\"og:description\" content=\"T\u00e4hista isadep\u00e4eva s\u00fcdamliku kaardiga, mille olen spetsiaalselt selleks p\u00e4evaks kujundanud. Kaardi esik\u00fcljel on suur j\u00e4\u00e4karu, kes hoiab oma k\u00e4ppade vahel pisikest j\u00e4\u00e4karu, s\u00fcmboliseerides isa hoolivust ja kaitset.\" \/>\n<meta property=\"og:url\" content=\"https:\/\/hilpdesign.com\/et\/toode\/isadepaeva-kaart\/\" \/>\n<meta property=\"og:site_name\" content=\"Hilp\" \/>\n<meta property=\"article:publisher\" content=\"https:\/\/www.facebook.com\/HilpDesign\" \/>\n<meta property=\"article:modified_time\" content=\"2024-10-12T10:24:43+00:00\" \/>\n<meta property=\"og:image\" content=\"https:\/\/hilpdesign.com\/wp-content\/uploads\/2024\/10\/Untitled-3.jpg\" \/>\n\t<meta property=\"og:image:width\" content=\"874\" \/>\n\t<meta property=\"og:image:height\" content=\"1204\" \/>\n\t<meta property=\"og:image:type\" content=\"image\/jpeg\" \/>\n<meta name=\"twitter:card\" content=\"summary_large_image\" \/>\n<meta name=\"twitter:label1\" content=\"Est. reading time\" \/>\n\t<meta name=\"twitter:data1\" content=\"1 minut\" \/>\n<script type=\"application\/ld+json\" class=\"yoast-schema-graph\">{\"@context\":\"https:\\\/\\\/schema.org\",\"@graph\":[{\"@type\":\"WebPage\",\"@id\":\"https:\\\/\\\/hilpdesign.com\\\/product\\\/isadepaeva-kaart\\\/\",\"url\":\"https:\\\/\\\/hilpdesign.com\\\/product\\\/isadepaeva-kaart\\\/\",\"name\":\"Isadep\u00e4eva kaart - Hilp\",\"isPartOf\":{\"@id\":\"https:\\\/\\\/hilpdesign.com\\\/#website\"},\"primaryImageOfPage\":{\"@id\":\"https:\\\/\\\/hilpdesign.com\\\/product\\\/isadepaeva-kaart\\\/#primaryimage\"},\"image\":{\"@id\":\"https:\\\/\\\/hilpdesign.com\\\/product\\\/isadepaeva-kaart\\\/#primaryimage\"},\"thumbnailUrl\":\"https:\\\/\\\/hilpdesign.com\\\/wp-content\\\/uploads\\\/2024\\\/10\\\/Untitled-3.jpg\",\"datePublished\":\"2024-10-12T09:53:57+00:00\",\"dateModified\":\"2024-10-12T10:24:43+00:00\",\"breadcrumb\":{\"@id\":\"https:\\\/\\\/hilpdesign.com\\\/product\\\/isadepaeva-kaart\\\/#breadcrumb\"},\"inLanguage\":\"et\",\"potentialAction\":[{\"@type\":\"ReadAction\",\"target\":[\"https:\\\/\\\/hilpdesign.com\\\/product\\\/isadepaeva-kaart\\\/\"]}]},{\"@type\":\"ImageObject\",\"inLanguage\":\"et\",\"@id\":\"https:\\\/\\\/hilpdesign.com\\\/product\\\/isadepaeva-kaart\\\/#primaryimage\",\"url\":\"https:\\\/\\\/hilpdesign.com\\\/wp-content\\\/uploads\\\/2024\\\/10\\\/Untitled-3.jpg\",\"contentUrl\":\"https:\\\/\\\/hilpdesign.com\\\/wp-content\\\/uploads\\\/2024\\\/10\\\/Untitled-3.jpg\",\"width\":874,\"height\":1204},{\"@type\":\"BreadcrumbList\",\"@id\":\"https:\\\/\\\/hilpdesign.com\\\/product\\\/isadepaeva-kaart\\\/#breadcrumb\",\"itemListElement\":[{\"@type\":\"ListItem\",\"position\":1,\"name\":\"Home\",\"item\":\"https:\\\/\\\/hilpdesign.com\\\/\"},{\"@type\":\"ListItem\",\"position\":2,\"name\":\"Shop\",\"item\":\"https:\\\/\\\/hilpdesign.com\\\/shop\\\/\"},{\"@type\":\"ListItem\",\"position\":3,\"name\":\"Isadep\u00e4eva kaart\"}]},{\"@type\":\"WebSite\",\"@id\":\"https:\\\/\\\/hilpdesign.com\\\/#website\",\"url\":\"https:\\\/\\\/hilpdesign.com\\\/\",\"name\":\"Hilp\",\"description\":\"Sustainable wear for kids &amp; adults\",\"publisher\":{\"@id\":\"https:\\\/\\\/hilpdesign.com\\\/#organization\"},\"alternateName\":\"Hilpdesign\",\"potentialAction\":[{\"@type\":\"SearchAction\",\"target\":{\"@type\":\"EntryPoint\",\"urlTemplate\":\"https:\\\/\\\/hilpdesign.com\\\/?s={search_term_string}\"},\"query-input\":{\"@type\":\"PropertyValueSpecification\",\"valueRequired\":true,\"valueName\":\"search_term_string\"}}],\"inLanguage\":\"et\"},{\"@type\":\"Organization\",\"@id\":\"https:\\\/\\\/hilpdesign.com\\\/#organization\",\"name\":\"Hilpdesign O\u00dc\",\"url\":\"https:\\\/\\\/hilpdesign.com\\\/\",\"logo\":{\"@type\":\"ImageObject\",\"inLanguage\":\"et\",\"@id\":\"https:\\\/\\\/hilpdesign.com\\\/#\\\/schema\\\/logo\\\/image\\\/\",\"url\":\"https:\\\/\\\/hilpdesign.com\\\/wp-content\\\/uploads\\\/2023\\\/03\\\/logo_viimane.png\",\"contentUrl\":\"https:\\\/\\\/hilpdesign.com\\\/wp-content\\\/uploads\\\/2023\\\/03\\\/logo_viimane.png\",\"width\":205,\"height\":112,\"caption\":\"Hilpdesign O\u00dc\"},\"image\":{\"@id\":\"https:\\\/\\\/hilpdesign.com\\\/#\\\/schema\\\/logo\\\/image\\\/\"},\"sameAs\":[\"https:\\\/\\\/www.facebook.com\\\/HilpDesign\",\"https:\\\/\\\/www.instagram.com\\\/hilpfashion\\\/\"]}]}<\/script>\n<!-- \/ Yoast SEO plugin. -->","yoast_head_json":{"title":"Isadep\u00e4eva kaart - Hilp","robots":{"index":"index","follow":"follow","max-snippet":"max-snippet:-1","max-image-preview":"max-image-preview:large","max-video-preview":"max-video-preview:-1"},"canonical":"https:\/\/hilpdesign.com\/et\/toode\/isadepaeva-kaart\/","og_locale":"et_EE","og_type":"article","og_title":"Isadep\u00e4eva kaart - Hilp","og_description":"T\u00e4hista isadep\u00e4eva s\u00fcdamliku kaardiga, mille olen spetsiaalselt selleks p\u00e4evaks kujundanud. Kaardi esik\u00fcljel on suur j\u00e4\u00e4karu, kes hoiab oma k\u00e4ppade vahel pisikest j\u00e4\u00e4karu, s\u00fcmboliseerides isa hoolivust ja kaitset.","og_url":"https:\/\/hilpdesign.com\/et\/toode\/isadepaeva-kaart\/","og_site_name":"Hilp","article_publisher":"https:\/\/www.facebook.com\/HilpDesign","article_modified_time":"2024-10-12T10:24:43+00:00","og_image":[{"width":874,"height":1204,"url":"https:\/\/hilpdesign.com\/wp-content\/uploads\/2024\/10\/Untitled-3.jpg","type":"image\/jpeg"}],"twitter_card":"summary_large_image","twitter_misc":{"Est. reading time":"1 minut"},"schema":{"@context":"https:\/\/schema.org","@graph":[{"@type":"WebPage","@id":"https:\/\/hilpdesign.com\/product\/isadepaeva-kaart\/","url":"https:\/\/hilpdesign.com\/product\/isadepaeva-kaart\/","name":"Isadep\u00e4eva kaart - Hilp","isPartOf":{"@id":"https:\/\/hilpdesign.com\/#website"},"primaryImageOfPage":{"@id":"https:\/\/hilpdesign.com\/product\/isadepaeva-kaart\/#primaryimage"},"image":{"@id":"https:\/\/hilpdesign.com\/product\/isadepaeva-kaart\/#primaryimage"},"thumbnailUrl":"https:\/\/hilpdesign.com\/wp-content\/uploads\/2024\/10\/Untitled-3.jpg","datePublished":"2024-10-12T09:53:57+00:00","dateModified":"2024-10-12T10:24:43+00:00","breadcrumb":{"@id":"https:\/\/hilpdesign.com\/product\/isadepaeva-kaart\/#breadcrumb"},"inLanguage":"et","potentialAction":[{"@type":"ReadAction","target":["https:\/\/hilpdesign.com\/product\/isadepaeva-kaart\/"]}]},{"@type":"ImageObject","inLanguage":"et","@id":"https:\/\/hilpdesign.com\/product\/isadepaeva-kaart\/#primaryimage","url":"https:\/\/hilpdesign.com\/wp-content\/uploads\/2024\/10\/Untitled-3.jpg","contentUrl":"https:\/\/hilpdesign.com\/wp-content\/uploads\/2024\/10\/Untitled-3.jpg","width":874,"height":1204},{"@type":"BreadcrumbList","@id":"https:\/\/hilpdesign.com\/product\/isadepaeva-kaart\/#breadcrumb","itemListElement":[{"@type":"ListItem","position":1,"name":"Home","item":"https:\/\/hilpdesign.com\/"},{"@type":"ListItem","position":2,"name":"Shop","item":"https:\/\/hilpdesign.com\/shop\/"},{"@type":"ListItem","position":3,"name":"Isadep\u00e4eva kaart"}]},{"@type":"WebSite","@id":"https:\/\/hilpdesign.com\/#website","url":"https:\/\/hilpdesign.com\/","name":"Hilp","description":"Sustainable wear for kids &amp; adults","publisher":{"@id":"https:\/\/hilpdesign.com\/#organization"},"alternateName":"Hilpdesign","potentialAction":[{"@type":"SearchAction","target":{"@type":"EntryPoint","urlTemplate":"https:\/\/hilpdesign.com\/?s={search_term_string}"},"query-input":{"@type":"PropertyValueSpecification","valueRequired":true,"valueName":"search_term_string"}}],"inLanguage":"et"},{"@type":"Organization","@id":"https:\/\/hilpdesign.com\/#organization","name":"Hilpdesign O\u00dc","url":"https:\/\/hilpdesign.com\/","logo":{"@type":"ImageObject","inLanguage":"et","@id":"https:\/\/hilpdesign.com\/#\/schema\/logo\/image\/","url":"https:\/\/hilpdesign.com\/wp-content\/uploads\/2023\/03\/logo_viimane.png","contentUrl":"https:\/\/hilpdesign.com\/wp-content\/uploads\/2023\/03\/logo_viimane.png","width":205,"height":112,"caption":"Hilpdesign O\u00dc"},"image":{"@id":"https:\/\/hilpdesign.com\/#\/schema\/logo\/image\/"},"sameAs":["https:\/\/www.facebook.com\/HilpDesign","https:\/\/www.instagram.com\/hilpfashion\/"]}]}},"_links":{"self":[{"href":"https:\/\/hilpdesign.com\/et\/wp-json\/wp\/v2\/product\/23291","targetHints":{"allow":["GET"]}}],"collection":[{"href":"https:\/\/hilpdesign.com\/et\/wp-json\/wp\/v2\/product"}],"about":[{"href":"https:\/\/hilpdesign.com\/et\/wp-json\/wp\/v2\/types\/product"}],"wp:featuredmedia":[{"embeddable":true,"href":"https:\/\/hilpdesign.com\/et\/wp-json\/wp\/v2\/media\/23293"}],"wp:attachment":[{"href":"https:\/\/hilpdesign.com\/et\/wp-json\/wp\/v2\/media?parent=23291"}],"wp:term":[{"taxonomy":"product_brand","embeddable":true,"href":"https:\/\/hilpdesign.com\/et\/wp-json\/wp\/v2\/product_brand?post=23291"},{"taxonomy":"product_cat","embeddable":true,"href":"https:\/\/hilpdesign.com\/et\/wp-json\/wp\/v2\/product_cat?post=23291"},{"taxonomy":"product_tag","embeddable":true,"href":"https:\/\/hilpdesign.com\/et\/wp-json\/wp\/v2\/product_tag?post=23291"}],"curies":[{"name":"wp","href":"https:\/\/api.w.org\/{rel}","templated":true}]}}