{"id":23861,"date":"2024-11-01T12:38:21","date_gmt":"2024-11-01T10:38:21","guid":{"rendered":"https:\/\/hilpdesign.com\/?post_type=product&#038;p=23861"},"modified":"2026-01-14T21:41:38","modified_gmt":"2026-01-14T19:41:38","slug":"i-have-plans-tonight","status":"publish","type":"product","link":"https:\/\/hilpdesign.com\/et\/toode\/i-have-plans-tonight\/","title":{"rendered":"Introvert T-shirt"},"content":{"rendered":"<ul>\n<li>DTG print<\/li>\n<li>UNISEX sizes<\/li>\n<li>Fabric softness: normal, not as soft like Hilp applique T-shirts<\/li>\n<li>regular look, if you are men then size up so T-shirt is not so slim and tight, women you can choose your own size or size down for fitted look.<\/li>\n<li>Made from 100% organic cotton and OEKO-TEX\u00a0certified inks<\/li>\n<li>Fabric weight: 5.3 oz.\/yd.\u00b2 (180 g\/m\u00b2)<\/li>\n<li>This shirt is not sewn in our studio in Tartu.<\/li>\n<li>Certifications: <strong>PETA-Approved<\/strong>, <strong>OEKO \u2013 TEX, GOTS, blank producer is member of Fair Wear Foundation<\/strong><\/li>\n<\/ul>","protected":false},"excerpt":{"rendered":"<p>Valmistatud tellimuse peale: kohaletoimetamise aeg Eestisse on 10 p\u00e4eva.<\/p>\n<p>See unisex mugav T-s\u00e4rk sobib meestele ja naistele. S\u00e4rk pole nii pehme kui Hilp aplikatsioonga s\u00e4rgid ja on pigem siledam.<\/p>\n<p>Designed for a regular look, ladies can opt for their usual size or size down for a more fitted appearance.<\/p>\n<p>Antud s\u00e4rgid pole valmistatud meie stuudios, vaid on tr\u00fckitud toorikutele.<\/p>","protected":false},"featured_media":24181,"template":"","meta":[],"product_brand":[],"product_cat":[70,64,229],"product_tag":[394],"class_list":{"0":"post-23861","1":"product","2":"type-product","3":"status-publish","4":"has-post-thumbnail","6":"product_cat-t-shirts-for-men","7":"product_cat-t-shirts-for-women","8":"product_cat-unisex-printed-organic-t-shirts","9":"product_tag-fathersday","11":"first","12":"instock","13":"taxable","14":"shipping-taxable","15":"purchasable","16":"product-type-variable","17":"has-default-attributes"},"yoast_head":"<!-- This site is optimized with the Yoast SEO plugin v27.2 - https:\/\/yoast.com\/product\/yoast-seo-wordpress\/ -->\n<title>Introvert T-shirt | Hilp - 100% organic cotton Tees!<\/title>\n<meta name=\"description\" content=\"&quot;I can&#039;t, I have other plans&quot; takes on a different meaning when you&#039;re an introvert. Sometimes, we just want to stay in our fortress of solitude &amp; recharge!\" \/>\n<meta name=\"robots\" content=\"index, follow, max-snippet:-1, max-image-preview:large, max-video-preview:-1\" \/>\n<link rel=\"canonical\" href=\"https:\/\/hilpdesign.com\/et\/toode\/i-have-plans-tonight\/\" \/>\n<meta property=\"og:locale\" content=\"et_EE\" \/>\n<meta property=\"og:type\" content=\"article\" \/>\n<meta property=\"og:title\" content=\"Introvert T-shirt | Hilp - 100% organic cotton Tees!\" \/>\n<meta property=\"og:description\" content=\"&quot;I can&#039;t, I have other plans&quot; takes on a different meaning when you&#039;re an introvert. Sometimes, we just want to stay in our fortress of solitude &amp; recharge!\" \/>\n<meta property=\"og:url\" content=\"https:\/\/hilpdesign.com\/et\/toode\/i-have-plans-tonight\/\" \/>\n<meta property=\"og:site_name\" content=\"Hilp\" \/>\n<meta property=\"article:publisher\" content=\"https:\/\/www.facebook.com\/HilpDesign\" \/>\n<meta property=\"article:modified_time\" content=\"2026-01-14T19:41:38+00:00\" \/>\n<meta property=\"og:image\" content=\"https:\/\/hilpdesign.com\/wp-content\/uploads\/2024\/11\/hilp_organic_shirt_Introvert.jpg\" \/>\n\t<meta property=\"og:image:width\" content=\"1920\" \/>\n\t<meta property=\"og:image:height\" content=\"1920\" \/>\n\t<meta property=\"og:image:type\" content=\"image\/jpeg\" \/>\n<meta name=\"twitter:card\" content=\"summary_large_image\" \/>\n<meta name=\"twitter:label1\" content=\"Est. reading time\" \/>\n\t<meta name=\"twitter:data1\" content=\"1 minut\" \/>\n<script type=\"application\/ld+json\" class=\"yoast-schema-graph\">{\"@context\":\"https:\/\/schema.org\",\"@graph\":[{\"@type\":\"WebPage\",\"@id\":\"https:\/\/hilpdesign.com\/product\/i-have-plans-tonight\/\",\"url\":\"https:\/\/hilpdesign.com\/product\/i-have-plans-tonight\/\",\"name\":\"Introvert T-shirt | Hilp - 100% organic cotton Tees!\",\"isPartOf\":{\"@id\":\"https:\/\/hilpdesign.com\/#website\"},\"primaryImageOfPage\":{\"@id\":\"https:\/\/hilpdesign.com\/product\/i-have-plans-tonight\/#primaryimage\"},\"image\":{\"@id\":\"https:\/\/hilpdesign.com\/product\/i-have-plans-tonight\/#primaryimage\"},\"thumbnailUrl\":\"https:\/\/hilpdesign.com\/wp-content\/uploads\/2024\/11\/hilp_organic_shirt_Introvert.jpg\",\"datePublished\":\"2024-11-01T10:38:21+00:00\",\"dateModified\":\"2026-01-14T19:41:38+00:00\",\"description\":\"\\\"I can't, I have other plans\\\" takes on a different meaning when you're an introvert. Sometimes, we just want to stay in our fortress of solitude & recharge!\",\"breadcrumb\":{\"@id\":\"https:\/\/hilpdesign.com\/product\/i-have-plans-tonight\/#breadcrumb\"},\"inLanguage\":\"et\",\"potentialAction\":[{\"@type\":\"ReadAction\",\"target\":[\"https:\/\/hilpdesign.com\/product\/i-have-plans-tonight\/\"]}]},{\"@type\":\"ImageObject\",\"inLanguage\":\"et\",\"@id\":\"https:\/\/hilpdesign.com\/product\/i-have-plans-tonight\/#primaryimage\",\"url\":\"https:\/\/hilpdesign.com\/wp-content\/uploads\/2024\/11\/hilp_organic_shirt_Introvert.jpg\",\"contentUrl\":\"https:\/\/hilpdesign.com\/wp-content\/uploads\/2024\/11\/hilp_organic_shirt_Introvert.jpg\",\"width\":1920,\"height\":1920},{\"@type\":\"BreadcrumbList\",\"@id\":\"https:\/\/hilpdesign.com\/product\/i-have-plans-tonight\/#breadcrumb\",\"itemListElement\":[{\"@type\":\"ListItem\",\"position\":1,\"name\":\"Home\",\"item\":\"https:\/\/hilpdesign.com\/\"},{\"@type\":\"ListItem\",\"position\":2,\"name\":\"Shop\",\"item\":\"https:\/\/hilpdesign.com\/shop\/\"},{\"@type\":\"ListItem\",\"position\":3,\"name\":\"Introvert T-shirt\"}]},{\"@type\":\"WebSite\",\"@id\":\"https:\/\/hilpdesign.com\/#website\",\"url\":\"https:\/\/hilpdesign.com\/\",\"name\":\"Hilp\",\"description\":\"Sustainable wear for kids &amp; adults\",\"publisher\":{\"@id\":\"https:\/\/hilpdesign.com\/#organization\"},\"alternateName\":\"Hilpdesign\",\"potentialAction\":[{\"@type\":\"SearchAction\",\"target\":{\"@type\":\"EntryPoint\",\"urlTemplate\":\"https:\/\/hilpdesign.com\/?s={search_term_string}\"},\"query-input\":{\"@type\":\"PropertyValueSpecification\",\"valueRequired\":true,\"valueName\":\"search_term_string\"}}],\"inLanguage\":\"et\"},{\"@type\":\"Organization\",\"@id\":\"https:\/\/hilpdesign.com\/#organization\",\"name\":\"Hilpdesign O\u00dc\",\"url\":\"https:\/\/hilpdesign.com\/\",\"logo\":{\"@type\":\"ImageObject\",\"inLanguage\":\"et\",\"@id\":\"https:\/\/hilpdesign.com\/#\/schema\/logo\/image\/\",\"url\":\"https:\/\/hilpdesign.com\/wp-content\/uploads\/2023\/03\/logo_viimane.png\",\"contentUrl\":\"https:\/\/hilpdesign.com\/wp-content\/uploads\/2023\/03\/logo_viimane.png\",\"width\":205,\"height\":112,\"caption\":\"Hilpdesign O\u00dc\"},\"image\":{\"@id\":\"https:\/\/hilpdesign.com\/#\/schema\/logo\/image\/\"},\"sameAs\":[\"https:\/\/www.facebook.com\/HilpDesign\",\"https:\/\/www.instagram.com\/hilpfashion\/\"]}]}<\/script>\n<!-- \/ Yoast SEO plugin. -->","yoast_head_json":{"title":"Introvert T-shirt | Hilp - 100% organic cotton Tees!","description":"\"I can't, I have other plans\" takes on a different meaning when you're an introvert. Sometimes, we just want to stay in our fortress of solitude & recharge!","robots":{"index":"index","follow":"follow","max-snippet":"max-snippet:-1","max-image-preview":"max-image-preview:large","max-video-preview":"max-video-preview:-1"},"canonical":"https:\/\/hilpdesign.com\/et\/toode\/i-have-plans-tonight\/","og_locale":"et_EE","og_type":"article","og_title":"Introvert T-shirt | Hilp - 100% organic cotton Tees!","og_description":"\"I can't, I have other plans\" takes on a different meaning when you're an introvert. Sometimes, we just want to stay in our fortress of solitude & recharge!","og_url":"https:\/\/hilpdesign.com\/et\/toode\/i-have-plans-tonight\/","og_site_name":"Hilp","article_publisher":"https:\/\/www.facebook.com\/HilpDesign","article_modified_time":"2026-01-14T19:41:38+00:00","og_image":[{"width":1920,"height":1920,"url":"https:\/\/hilpdesign.com\/wp-content\/uploads\/2024\/11\/hilp_organic_shirt_Introvert.jpg","type":"image\/jpeg"}],"twitter_card":"summary_large_image","twitter_misc":{"Est. reading time":"1 minut"},"schema":{"@context":"https:\/\/schema.org","@graph":[{"@type":"WebPage","@id":"https:\/\/hilpdesign.com\/product\/i-have-plans-tonight\/","url":"https:\/\/hilpdesign.com\/product\/i-have-plans-tonight\/","name":"Introvert T-shirt | Hilp - 100% organic cotton Tees!","isPartOf":{"@id":"https:\/\/hilpdesign.com\/#website"},"primaryImageOfPage":{"@id":"https:\/\/hilpdesign.com\/product\/i-have-plans-tonight\/#primaryimage"},"image":{"@id":"https:\/\/hilpdesign.com\/product\/i-have-plans-tonight\/#primaryimage"},"thumbnailUrl":"https:\/\/hilpdesign.com\/wp-content\/uploads\/2024\/11\/hilp_organic_shirt_Introvert.jpg","datePublished":"2024-11-01T10:38:21+00:00","dateModified":"2026-01-14T19:41:38+00:00","description":"\"I can't, I have other plans\" takes on a different meaning when you're an introvert. Sometimes, we just want to stay in our fortress of solitude & recharge!","breadcrumb":{"@id":"https:\/\/hilpdesign.com\/product\/i-have-plans-tonight\/#breadcrumb"},"inLanguage":"et","potentialAction":[{"@type":"ReadAction","target":["https:\/\/hilpdesign.com\/product\/i-have-plans-tonight\/"]}]},{"@type":"ImageObject","inLanguage":"et","@id":"https:\/\/hilpdesign.com\/product\/i-have-plans-tonight\/#primaryimage","url":"https:\/\/hilpdesign.com\/wp-content\/uploads\/2024\/11\/hilp_organic_shirt_Introvert.jpg","contentUrl":"https:\/\/hilpdesign.com\/wp-content\/uploads\/2024\/11\/hilp_organic_shirt_Introvert.jpg","width":1920,"height":1920},{"@type":"BreadcrumbList","@id":"https:\/\/hilpdesign.com\/product\/i-have-plans-tonight\/#breadcrumb","itemListElement":[{"@type":"ListItem","position":1,"name":"Home","item":"https:\/\/hilpdesign.com\/"},{"@type":"ListItem","position":2,"name":"Shop","item":"https:\/\/hilpdesign.com\/shop\/"},{"@type":"ListItem","position":3,"name":"Introvert T-shirt"}]},{"@type":"WebSite","@id":"https:\/\/hilpdesign.com\/#website","url":"https:\/\/hilpdesign.com\/","name":"Hilp","description":"Sustainable wear for kids &amp; adults","publisher":{"@id":"https:\/\/hilpdesign.com\/#organization"},"alternateName":"Hilpdesign","potentialAction":[{"@type":"SearchAction","target":{"@type":"EntryPoint","urlTemplate":"https:\/\/hilpdesign.com\/?s={search_term_string}"},"query-input":{"@type":"PropertyValueSpecification","valueRequired":true,"valueName":"search_term_string"}}],"inLanguage":"et"},{"@type":"Organization","@id":"https:\/\/hilpdesign.com\/#organization","name":"Hilpdesign O\u00dc","url":"https:\/\/hilpdesign.com\/","logo":{"@type":"ImageObject","inLanguage":"et","@id":"https:\/\/hilpdesign.com\/#\/schema\/logo\/image\/","url":"https:\/\/hilpdesign.com\/wp-content\/uploads\/2023\/03\/logo_viimane.png","contentUrl":"https:\/\/hilpdesign.com\/wp-content\/uploads\/2023\/03\/logo_viimane.png","width":205,"height":112,"caption":"Hilpdesign O\u00dc"},"image":{"@id":"https:\/\/hilpdesign.com\/#\/schema\/logo\/image\/"},"sameAs":["https:\/\/www.facebook.com\/HilpDesign","https:\/\/www.instagram.com\/hilpfashion\/"]}]}},"_links":{"self":[{"href":"https:\/\/hilpdesign.com\/et\/wp-json\/wp\/v2\/product\/23861","targetHints":{"allow":["GET"]}}],"collection":[{"href":"https:\/\/hilpdesign.com\/et\/wp-json\/wp\/v2\/product"}],"about":[{"href":"https:\/\/hilpdesign.com\/et\/wp-json\/wp\/v2\/types\/product"}],"wp:featuredmedia":[{"embeddable":true,"href":"https:\/\/hilpdesign.com\/et\/wp-json\/wp\/v2\/media\/24181"}],"wp:attachment":[{"href":"https:\/\/hilpdesign.com\/et\/wp-json\/wp\/v2\/media?parent=23861"}],"wp:term":[{"taxonomy":"product_brand","embeddable":true,"href":"https:\/\/hilpdesign.com\/et\/wp-json\/wp\/v2\/product_brand?post=23861"},{"taxonomy":"product_cat","embeddable":true,"href":"https:\/\/hilpdesign.com\/et\/wp-json\/wp\/v2\/product_cat?post=23861"},{"taxonomy":"product_tag","embeddable":true,"href":"https:\/\/hilpdesign.com\/et\/wp-json\/wp\/v2\/product_tag?post=23861"}],"curies":[{"name":"wp","href":"https:\/\/api.w.org\/{rel}","templated":true}]}}