{"id":23966,"date":"2024-11-11T10:50:59","date_gmt":"2024-11-11T08:50:59","guid":{"rendered":"https:\/\/hilpdesign.com\/?post_type=product&#038;p=23966"},"modified":"2025-01-31T22:11:03","modified_gmt":"2025-01-31T20:11:03","slug":"more-espresso-less-depresso-mug","status":"publish","type":"product","link":"https:\/\/hilpdesign.com\/et\/toode\/more-espresso-less-depresso-mug\/","title":{"rendered":"More Espresso Less Depresso Mug"},"content":{"rendered":"<ul>\n<li>Keraamiline<\/li>\n<li>K\u00f5rgus: 9.6<\/li>\n<li>Diameeter: 8.3 cm<\/li>\n<li>V\u00e4rviline sang ja sisu<\/li>\n<li>V\u00f5ib peste n\u00f5udepesumasinas<\/li>\n<li>Designed and printed in Estonia<\/li>\n<\/ul>","protected":false},"excerpt":{"rendered":"<p>Valmistatud vastupidavast kuumakindlast keraamilisest materjalist, see 11 oz kruus on ideaalne igasuguse joogi jaoks, mis aitab teil hommikust tuju t\u00f5sta. K\u00f5rguselt 3.79 \u2033 (9.6 cm) ja l\u00e4bim\u00f5\u00f5dult 3.27 \u2033 (8.3 cm) on see t\u00e4iuslik suurus teie lemmiku joogi hoidmiseks.<\/p>\n<p>&nbsp;<\/p>","protected":false},"featured_media":23969,"template":"","meta":[],"product_brand":[],"product_cat":[82],"product_tag":[26,397,394,383],"class_list":{"0":"post-23966","1":"product","2":"type-product","3":"status-publish","4":"has-post-thumbnail","6":"product_cat-mugs","7":"product_tag-cat","8":"product_tag-coffee","9":"product_tag-fathersday","10":"product_tag-mothers-day","11":"product_shipping_class-mugs","13":"first","14":"instock","15":"taxable","16":"shipping-taxable","17":"purchasable","18":"product-type-simple"},"yoast_head":"<!-- This site is optimized with the Yoast SEO plugin v27.2 - https:\/\/yoast.com\/product\/yoast-seo-wordpress\/ -->\n<title>More Espresso Less Depresso Mug - Hilp | Funny mugs for Home &amp; Office!<\/title>\n<meta name=\"description\" content=\"Funny office mug for all you Grumpy Cats! Don&#039;t talk to people before they&#039;ve had their coffee \u2014 unless you want to get yelled at, that is.\" \/>\n<meta name=\"robots\" content=\"index, follow, max-snippet:-1, max-image-preview:large, max-video-preview:-1\" \/>\n<link rel=\"canonical\" href=\"https:\/\/hilpdesign.com\/et\/toode\/more-espresso-less-depresso-mug\/\" \/>\n<meta property=\"og:locale\" content=\"et_EE\" \/>\n<meta property=\"og:type\" content=\"article\" \/>\n<meta property=\"og:title\" content=\"More Espresso Less Depresso Mug - Hilp | Funny mugs for Home &amp; Office!\" \/>\n<meta property=\"og:description\" content=\"Funny office mug for all you Grumpy Cats! Don&#039;t talk to people before they&#039;ve had their coffee \u2014 unless you want to get yelled at, that is.\" \/>\n<meta property=\"og:url\" content=\"https:\/\/hilpdesign.com\/et\/toode\/more-espresso-less-depresso-mug\/\" \/>\n<meta property=\"og:site_name\" content=\"Hilp\" \/>\n<meta property=\"article:publisher\" content=\"https:\/\/www.facebook.com\/HilpDesign\" \/>\n<meta property=\"article:modified_time\" content=\"2025-01-31T20:11:03+00:00\" \/>\n<meta property=\"og:image\" content=\"https:\/\/hilpdesign.com\/wp-content\/uploads\/2024\/11\/moreespressolessdepressomug.jpg\" \/>\n\t<meta property=\"og:image:width\" content=\"1920\" \/>\n\t<meta property=\"og:image:height\" content=\"1920\" \/>\n\t<meta property=\"og:image:type\" content=\"image\/jpeg\" \/>\n<meta name=\"twitter:card\" content=\"summary_large_image\" \/>\n<meta name=\"twitter:label1\" content=\"Est. reading time\" \/>\n\t<meta name=\"twitter:data1\" content=\"1 minut\" \/>\n<script type=\"application\/ld+json\" class=\"yoast-schema-graph\">{\"@context\":\"https:\/\/schema.org\",\"@graph\":[{\"@type\":\"WebPage\",\"@id\":\"https:\/\/hilpdesign.com\/product\/more-espresso-less-depresso-mug\/\",\"url\":\"https:\/\/hilpdesign.com\/product\/more-espresso-less-depresso-mug\/\",\"name\":\"More Espresso Less Depresso Mug - Hilp | Funny mugs for Home & Office!\",\"isPartOf\":{\"@id\":\"https:\/\/hilpdesign.com\/#website\"},\"primaryImageOfPage\":{\"@id\":\"https:\/\/hilpdesign.com\/product\/more-espresso-less-depresso-mug\/#primaryimage\"},\"image\":{\"@id\":\"https:\/\/hilpdesign.com\/product\/more-espresso-less-depresso-mug\/#primaryimage\"},\"thumbnailUrl\":\"https:\/\/hilpdesign.com\/wp-content\/uploads\/2024\/11\/moreespressolessdepressomug.jpg\",\"datePublished\":\"2024-11-11T08:50:59+00:00\",\"dateModified\":\"2025-01-31T20:11:03+00:00\",\"description\":\"Funny office mug for all you Grumpy Cats! Don't talk to people before they've had their coffee \u2014 unless you want to get yelled at, that is.\",\"breadcrumb\":{\"@id\":\"https:\/\/hilpdesign.com\/product\/more-espresso-less-depresso-mug\/#breadcrumb\"},\"inLanguage\":\"et\",\"potentialAction\":[{\"@type\":\"ReadAction\",\"target\":[\"https:\/\/hilpdesign.com\/product\/more-espresso-less-depresso-mug\/\"]}]},{\"@type\":\"ImageObject\",\"inLanguage\":\"et\",\"@id\":\"https:\/\/hilpdesign.com\/product\/more-espresso-less-depresso-mug\/#primaryimage\",\"url\":\"https:\/\/hilpdesign.com\/wp-content\/uploads\/2024\/11\/moreespressolessdepressomug.jpg\",\"contentUrl\":\"https:\/\/hilpdesign.com\/wp-content\/uploads\/2024\/11\/moreespressolessdepressomug.jpg\",\"width\":1920,\"height\":1920},{\"@type\":\"BreadcrumbList\",\"@id\":\"https:\/\/hilpdesign.com\/product\/more-espresso-less-depresso-mug\/#breadcrumb\",\"itemListElement\":[{\"@type\":\"ListItem\",\"position\":1,\"name\":\"Home\",\"item\":\"https:\/\/hilpdesign.com\/\"},{\"@type\":\"ListItem\",\"position\":2,\"name\":\"Shop\",\"item\":\"https:\/\/hilpdesign.com\/shop\/\"},{\"@type\":\"ListItem\",\"position\":3,\"name\":\"More Espresso Less Depresso Mug\"}]},{\"@type\":\"WebSite\",\"@id\":\"https:\/\/hilpdesign.com\/#website\",\"url\":\"https:\/\/hilpdesign.com\/\",\"name\":\"Hilp\",\"description\":\"Sustainable wear for kids &amp; adults\",\"publisher\":{\"@id\":\"https:\/\/hilpdesign.com\/#organization\"},\"alternateName\":\"Hilpdesign\",\"potentialAction\":[{\"@type\":\"SearchAction\",\"target\":{\"@type\":\"EntryPoint\",\"urlTemplate\":\"https:\/\/hilpdesign.com\/?s={search_term_string}\"},\"query-input\":{\"@type\":\"PropertyValueSpecification\",\"valueRequired\":true,\"valueName\":\"search_term_string\"}}],\"inLanguage\":\"et\"},{\"@type\":\"Organization\",\"@id\":\"https:\/\/hilpdesign.com\/#organization\",\"name\":\"Hilpdesign O\u00dc\",\"url\":\"https:\/\/hilpdesign.com\/\",\"logo\":{\"@type\":\"ImageObject\",\"inLanguage\":\"et\",\"@id\":\"https:\/\/hilpdesign.com\/#\/schema\/logo\/image\/\",\"url\":\"https:\/\/hilpdesign.com\/wp-content\/uploads\/2023\/03\/logo_viimane.png\",\"contentUrl\":\"https:\/\/hilpdesign.com\/wp-content\/uploads\/2023\/03\/logo_viimane.png\",\"width\":205,\"height\":112,\"caption\":\"Hilpdesign O\u00dc\"},\"image\":{\"@id\":\"https:\/\/hilpdesign.com\/#\/schema\/logo\/image\/\"},\"sameAs\":[\"https:\/\/www.facebook.com\/HilpDesign\",\"https:\/\/www.instagram.com\/hilpfashion\/\"]}]}<\/script>\n<!-- \/ Yoast SEO plugin. -->","yoast_head_json":{"title":"More Espresso Less Depresso Mug - Hilp | Funny mugs for Home & Office!","description":"Funny office mug for all you Grumpy Cats! Don't talk to people before they've had their coffee \u2014 unless you want to get yelled at, that is.","robots":{"index":"index","follow":"follow","max-snippet":"max-snippet:-1","max-image-preview":"max-image-preview:large","max-video-preview":"max-video-preview:-1"},"canonical":"https:\/\/hilpdesign.com\/et\/toode\/more-espresso-less-depresso-mug\/","og_locale":"et_EE","og_type":"article","og_title":"More Espresso Less Depresso Mug - Hilp | Funny mugs for Home & Office!","og_description":"Funny office mug for all you Grumpy Cats! Don't talk to people before they've had their coffee \u2014 unless you want to get yelled at, that is.","og_url":"https:\/\/hilpdesign.com\/et\/toode\/more-espresso-less-depresso-mug\/","og_site_name":"Hilp","article_publisher":"https:\/\/www.facebook.com\/HilpDesign","article_modified_time":"2025-01-31T20:11:03+00:00","og_image":[{"width":1920,"height":1920,"url":"https:\/\/hilpdesign.com\/wp-content\/uploads\/2024\/11\/moreespressolessdepressomug.jpg","type":"image\/jpeg"}],"twitter_card":"summary_large_image","twitter_misc":{"Est. reading time":"1 minut"},"schema":{"@context":"https:\/\/schema.org","@graph":[{"@type":"WebPage","@id":"https:\/\/hilpdesign.com\/product\/more-espresso-less-depresso-mug\/","url":"https:\/\/hilpdesign.com\/product\/more-espresso-less-depresso-mug\/","name":"More Espresso Less Depresso Mug - Hilp | Funny mugs for Home & Office!","isPartOf":{"@id":"https:\/\/hilpdesign.com\/#website"},"primaryImageOfPage":{"@id":"https:\/\/hilpdesign.com\/product\/more-espresso-less-depresso-mug\/#primaryimage"},"image":{"@id":"https:\/\/hilpdesign.com\/product\/more-espresso-less-depresso-mug\/#primaryimage"},"thumbnailUrl":"https:\/\/hilpdesign.com\/wp-content\/uploads\/2024\/11\/moreespressolessdepressomug.jpg","datePublished":"2024-11-11T08:50:59+00:00","dateModified":"2025-01-31T20:11:03+00:00","description":"Funny office mug for all you Grumpy Cats! Don't talk to people before they've had their coffee \u2014 unless you want to get yelled at, that is.","breadcrumb":{"@id":"https:\/\/hilpdesign.com\/product\/more-espresso-less-depresso-mug\/#breadcrumb"},"inLanguage":"et","potentialAction":[{"@type":"ReadAction","target":["https:\/\/hilpdesign.com\/product\/more-espresso-less-depresso-mug\/"]}]},{"@type":"ImageObject","inLanguage":"et","@id":"https:\/\/hilpdesign.com\/product\/more-espresso-less-depresso-mug\/#primaryimage","url":"https:\/\/hilpdesign.com\/wp-content\/uploads\/2024\/11\/moreespressolessdepressomug.jpg","contentUrl":"https:\/\/hilpdesign.com\/wp-content\/uploads\/2024\/11\/moreespressolessdepressomug.jpg","width":1920,"height":1920},{"@type":"BreadcrumbList","@id":"https:\/\/hilpdesign.com\/product\/more-espresso-less-depresso-mug\/#breadcrumb","itemListElement":[{"@type":"ListItem","position":1,"name":"Home","item":"https:\/\/hilpdesign.com\/"},{"@type":"ListItem","position":2,"name":"Shop","item":"https:\/\/hilpdesign.com\/shop\/"},{"@type":"ListItem","position":3,"name":"More Espresso Less Depresso Mug"}]},{"@type":"WebSite","@id":"https:\/\/hilpdesign.com\/#website","url":"https:\/\/hilpdesign.com\/","name":"Hilp","description":"Sustainable wear for kids &amp; adults","publisher":{"@id":"https:\/\/hilpdesign.com\/#organization"},"alternateName":"Hilpdesign","potentialAction":[{"@type":"SearchAction","target":{"@type":"EntryPoint","urlTemplate":"https:\/\/hilpdesign.com\/?s={search_term_string}"},"query-input":{"@type":"PropertyValueSpecification","valueRequired":true,"valueName":"search_term_string"}}],"inLanguage":"et"},{"@type":"Organization","@id":"https:\/\/hilpdesign.com\/#organization","name":"Hilpdesign O\u00dc","url":"https:\/\/hilpdesign.com\/","logo":{"@type":"ImageObject","inLanguage":"et","@id":"https:\/\/hilpdesign.com\/#\/schema\/logo\/image\/","url":"https:\/\/hilpdesign.com\/wp-content\/uploads\/2023\/03\/logo_viimane.png","contentUrl":"https:\/\/hilpdesign.com\/wp-content\/uploads\/2023\/03\/logo_viimane.png","width":205,"height":112,"caption":"Hilpdesign O\u00dc"},"image":{"@id":"https:\/\/hilpdesign.com\/#\/schema\/logo\/image\/"},"sameAs":["https:\/\/www.facebook.com\/HilpDesign","https:\/\/www.instagram.com\/hilpfashion\/"]}]}},"_links":{"self":[{"href":"https:\/\/hilpdesign.com\/et\/wp-json\/wp\/v2\/product\/23966","targetHints":{"allow":["GET"]}}],"collection":[{"href":"https:\/\/hilpdesign.com\/et\/wp-json\/wp\/v2\/product"}],"about":[{"href":"https:\/\/hilpdesign.com\/et\/wp-json\/wp\/v2\/types\/product"}],"wp:featuredmedia":[{"embeddable":true,"href":"https:\/\/hilpdesign.com\/et\/wp-json\/wp\/v2\/media\/23969"}],"wp:attachment":[{"href":"https:\/\/hilpdesign.com\/et\/wp-json\/wp\/v2\/media?parent=23966"}],"wp:term":[{"taxonomy":"product_brand","embeddable":true,"href":"https:\/\/hilpdesign.com\/et\/wp-json\/wp\/v2\/product_brand?post=23966"},{"taxonomy":"product_cat","embeddable":true,"href":"https:\/\/hilpdesign.com\/et\/wp-json\/wp\/v2\/product_cat?post=23966"},{"taxonomy":"product_tag","embeddable":true,"href":"https:\/\/hilpdesign.com\/et\/wp-json\/wp\/v2\/product_tag?post=23966"}],"curies":[{"name":"wp","href":"https:\/\/api.w.org\/{rel}","templated":true}]}}