{"id":26079,"date":"2026-02-25T10:07:35","date_gmt":"2026-02-25T08:07:35","guid":{"rendered":"https:\/\/hilpdesign.com\/?post_type=product&#038;p=26079"},"modified":"2026-03-16T10:26:47","modified_gmt":"2026-03-16T08:26:47","slug":"taking-a-break-chill-cat-black-organic-shirt","status":"publish","type":"product","link":"https:\/\/hilpdesign.com\/et\/toode\/taking-a-break-chill-cat-black-organic-shirt\/","title":{"rendered":"Taking a Break \u2013 Chill Cat Black Organic Shirt"},"content":{"rendered":"<ul>\n<li>DTG print<\/li>\n<li>UNISEX sizes<\/li>\n<li>Fabric softness: normal, not as soft like Hilp applique T-shirts<\/li>\n<li>regular look, women can choose their own size or size down for a fitted look.<\/li>\n<li>Made from 100% organic cotton and OEKO-TEX\u00a0certified inks<\/li>\n<li>Fabric weight: 5.3 oz.\/yd.\u00b2 (180 g\/m\u00b2)<\/li>\n<li>This shirt is not sewn in our studio in Tartu.<\/li>\n<li>Certifications: <strong>PETA-Approved<\/strong>, <strong>OEKO \u2013 TEX, GOTS, blank producer is member of Fair Wear Foundation<\/strong><\/li>\n<\/ul>","protected":false},"excerpt":{"rendered":"<p>Valmistatud tellimuse peale: kohaletoimetamise aeg Eestisse on 10 p\u00e4eva.<\/p>\n<p>See unisex mugav T-s\u00e4rk sobib meestele ja naistele. S\u00e4rk pole nii pehme kui Hilp aplikatsioonga s\u00e4rgid ja on pigem siledam.<\/p>\n<p>Designed for a regular look,\u00a0 ladies can opt for their usual size or size down for a more fitted appearance.<\/p>\n<p>Antud s\u00e4rgid pole valmistatud meie stuudios, vaid on tr\u00fckitud toorikutele.<\/p>","protected":false},"featured_media":26095,"template":"","meta":[],"product_brand":[],"product_cat":[70,64,229],"product_tag":[26],"class_list":{"0":"post-26079","1":"product","2":"type-product","3":"status-publish","4":"has-post-thumbnail","6":"product_cat-t-shirts-for-men","7":"product_cat-t-shirts-for-women","8":"product_cat-unisex-printed-organic-t-shirts","9":"product_tag-cat","11":"first","12":"instock","13":"taxable","14":"shipping-taxable","15":"purchasable","16":"product-type-variable","17":"has-default-attributes"},"yoast_head":"<!-- This site is optimized with the Yoast SEO plugin v27.3 - https:\/\/yoast.com\/product\/yoast-seo-wordpress\/ -->\n<title>Taking a Break \u2013 Chill Cat Black Organic Shirt | Hilp - Sustainable Fashion<\/title>\n<meta name=\"robots\" content=\"index, follow, max-snippet:-1, max-image-preview:large, max-video-preview:-1\" \/>\n<link rel=\"canonical\" href=\"https:\/\/hilpdesign.com\/et\/toode\/taking-a-break-chill-cat-black-organic-shirt\/\" \/>\n<meta property=\"og:locale\" content=\"et_EE\" \/>\n<meta property=\"og:type\" content=\"article\" \/>\n<meta property=\"og:title\" content=\"Taking a Break \u2013 Chill Cat Black Organic Shirt | Hilp - Sustainable Fashion\" \/>\n<meta property=\"og:description\" content=\"Made to order: Shipping time to Estonia is 10 days  Crafted with care, this unisex tee offers a comfortable fit suitable for all. While the fabric maintains a normal softness level, it doesn&#039;t quite reach the plush feel of Hilp appliqu\u00e9 T-shirts.  Designed for a regular look,\u00a0 ladies can opt for their usual size or size down for a more fitted appearance.  Please note that while this shirt is not sewn in our Tartu studio, it is printed on high-quality blank shirts sourced from a certified producer.\" \/>\n<meta property=\"og:url\" content=\"https:\/\/hilpdesign.com\/et\/toode\/taking-a-break-chill-cat-black-organic-shirt\/\" \/>\n<meta property=\"og:site_name\" content=\"Hilp\" \/>\n<meta property=\"article:publisher\" content=\"https:\/\/www.facebook.com\/HilpDesign\" \/>\n<meta property=\"article:modified_time\" content=\"2026-03-16T08:26:47+00:00\" \/>\n<meta property=\"og:image\" content=\"https:\/\/hilpdesign.com\/wp-content\/uploads\/2026\/02\/unisex-organic-cotton-t-shirt-black-front-6995ead05ab99-1.jpg\" \/>\n\t<meta property=\"og:image:width\" content=\"1920\" \/>\n\t<meta property=\"og:image:height\" content=\"1920\" \/>\n\t<meta property=\"og:image:type\" content=\"image\/jpeg\" \/>\n<meta name=\"twitter:card\" content=\"summary_large_image\" \/>\n<meta name=\"twitter:label1\" content=\"Est. reading time\" \/>\n\t<meta name=\"twitter:data1\" content=\"1 minut\" \/>\n<script type=\"application\/ld+json\" class=\"yoast-schema-graph\">{\"@context\":\"https:\\\/\\\/schema.org\",\"@graph\":[{\"@type\":\"WebPage\",\"@id\":\"https:\\\/\\\/hilpdesign.com\\\/product\\\/taking-a-break-chill-cat-black-organic-shirt\\\/\",\"url\":\"https:\\\/\\\/hilpdesign.com\\\/product\\\/taking-a-break-chill-cat-black-organic-shirt\\\/\",\"name\":\"Taking a Break \u2013 Chill Cat Black Organic Shirt | Hilp - Sustainable Fashion\",\"isPartOf\":{\"@id\":\"https:\\\/\\\/hilpdesign.com\\\/#website\"},\"primaryImageOfPage\":{\"@id\":\"https:\\\/\\\/hilpdesign.com\\\/product\\\/taking-a-break-chill-cat-black-organic-shirt\\\/#primaryimage\"},\"image\":{\"@id\":\"https:\\\/\\\/hilpdesign.com\\\/product\\\/taking-a-break-chill-cat-black-organic-shirt\\\/#primaryimage\"},\"thumbnailUrl\":\"https:\\\/\\\/hilpdesign.com\\\/wp-content\\\/uploads\\\/2026\\\/02\\\/unisex-organic-cotton-t-shirt-black-front-6995ead05ab99-1.jpg\",\"datePublished\":\"2026-02-25T08:07:35+00:00\",\"dateModified\":\"2026-03-16T08:26:47+00:00\",\"breadcrumb\":{\"@id\":\"https:\\\/\\\/hilpdesign.com\\\/product\\\/taking-a-break-chill-cat-black-organic-shirt\\\/#breadcrumb\"},\"inLanguage\":\"et\",\"potentialAction\":[{\"@type\":\"ReadAction\",\"target\":[\"https:\\\/\\\/hilpdesign.com\\\/product\\\/taking-a-break-chill-cat-black-organic-shirt\\\/\"]}]},{\"@type\":\"ImageObject\",\"inLanguage\":\"et\",\"@id\":\"https:\\\/\\\/hilpdesign.com\\\/product\\\/taking-a-break-chill-cat-black-organic-shirt\\\/#primaryimage\",\"url\":\"https:\\\/\\\/hilpdesign.com\\\/wp-content\\\/uploads\\\/2026\\\/02\\\/unisex-organic-cotton-t-shirt-black-front-6995ead05ab99-1.jpg\",\"contentUrl\":\"https:\\\/\\\/hilpdesign.com\\\/wp-content\\\/uploads\\\/2026\\\/02\\\/unisex-organic-cotton-t-shirt-black-front-6995ead05ab99-1.jpg\",\"width\":1920,\"height\":1920},{\"@type\":\"BreadcrumbList\",\"@id\":\"https:\\\/\\\/hilpdesign.com\\\/product\\\/taking-a-break-chill-cat-black-organic-shirt\\\/#breadcrumb\",\"itemListElement\":[{\"@type\":\"ListItem\",\"position\":1,\"name\":\"Home\",\"item\":\"https:\\\/\\\/hilpdesign.com\\\/\"},{\"@type\":\"ListItem\",\"position\":2,\"name\":\"Shop\",\"item\":\"https:\\\/\\\/hilpdesign.com\\\/shop\\\/\"},{\"@type\":\"ListItem\",\"position\":3,\"name\":\"Taking a Break \u2013 Chill Cat Black Organic Shirt\"}]},{\"@type\":\"WebSite\",\"@id\":\"https:\\\/\\\/hilpdesign.com\\\/#website\",\"url\":\"https:\\\/\\\/hilpdesign.com\\\/\",\"name\":\"Hilp\",\"description\":\"Sustainable wear for kids &amp; adults\",\"publisher\":{\"@id\":\"https:\\\/\\\/hilpdesign.com\\\/#organization\"},\"alternateName\":\"Hilpdesign\",\"potentialAction\":[{\"@type\":\"SearchAction\",\"target\":{\"@type\":\"EntryPoint\",\"urlTemplate\":\"https:\\\/\\\/hilpdesign.com\\\/?s={search_term_string}\"},\"query-input\":{\"@type\":\"PropertyValueSpecification\",\"valueRequired\":true,\"valueName\":\"search_term_string\"}}],\"inLanguage\":\"et\"},{\"@type\":\"Organization\",\"@id\":\"https:\\\/\\\/hilpdesign.com\\\/#organization\",\"name\":\"Hilpdesign O\u00dc\",\"url\":\"https:\\\/\\\/hilpdesign.com\\\/\",\"logo\":{\"@type\":\"ImageObject\",\"inLanguage\":\"et\",\"@id\":\"https:\\\/\\\/hilpdesign.com\\\/#\\\/schema\\\/logo\\\/image\\\/\",\"url\":\"https:\\\/\\\/hilpdesign.com\\\/wp-content\\\/uploads\\\/2023\\\/03\\\/logo_viimane.png\",\"contentUrl\":\"https:\\\/\\\/hilpdesign.com\\\/wp-content\\\/uploads\\\/2023\\\/03\\\/logo_viimane.png\",\"width\":205,\"height\":112,\"caption\":\"Hilpdesign O\u00dc\"},\"image\":{\"@id\":\"https:\\\/\\\/hilpdesign.com\\\/#\\\/schema\\\/logo\\\/image\\\/\"},\"sameAs\":[\"https:\\\/\\\/www.facebook.com\\\/HilpDesign\",\"https:\\\/\\\/www.instagram.com\\\/hilpfashion\\\/\"]}]}<\/script>\n<!-- \/ Yoast SEO plugin. -->","yoast_head_json":{"title":"Taking a Break \u2013 Chill Cat Black Organic Shirt | Hilp - Sustainable Fashion","robots":{"index":"index","follow":"follow","max-snippet":"max-snippet:-1","max-image-preview":"max-image-preview:large","max-video-preview":"max-video-preview:-1"},"canonical":"https:\/\/hilpdesign.com\/et\/toode\/taking-a-break-chill-cat-black-organic-shirt\/","og_locale":"et_EE","og_type":"article","og_title":"Taking a Break \u2013 Chill Cat Black Organic Shirt | Hilp - Sustainable Fashion","og_description":"Made to order: Shipping time to Estonia is 10 days  Crafted with care, this unisex tee offers a comfortable fit suitable for all. While the fabric maintains a normal softness level, it doesn't quite reach the plush feel of Hilp appliqu\u00e9 T-shirts.  Designed for a regular look,\u00a0 ladies can opt for their usual size or size down for a more fitted appearance.  Please note that while this shirt is not sewn in our Tartu studio, it is printed on high-quality blank shirts sourced from a certified producer.","og_url":"https:\/\/hilpdesign.com\/et\/toode\/taking-a-break-chill-cat-black-organic-shirt\/","og_site_name":"Hilp","article_publisher":"https:\/\/www.facebook.com\/HilpDesign","article_modified_time":"2026-03-16T08:26:47+00:00","og_image":[{"width":1920,"height":1920,"url":"https:\/\/hilpdesign.com\/wp-content\/uploads\/2026\/02\/unisex-organic-cotton-t-shirt-black-front-6995ead05ab99-1.jpg","type":"image\/jpeg"}],"twitter_card":"summary_large_image","twitter_misc":{"Est. reading time":"1 minut"},"schema":{"@context":"https:\/\/schema.org","@graph":[{"@type":"WebPage","@id":"https:\/\/hilpdesign.com\/product\/taking-a-break-chill-cat-black-organic-shirt\/","url":"https:\/\/hilpdesign.com\/product\/taking-a-break-chill-cat-black-organic-shirt\/","name":"Taking a Break \u2013 Chill Cat Black Organic Shirt | Hilp - Sustainable Fashion","isPartOf":{"@id":"https:\/\/hilpdesign.com\/#website"},"primaryImageOfPage":{"@id":"https:\/\/hilpdesign.com\/product\/taking-a-break-chill-cat-black-organic-shirt\/#primaryimage"},"image":{"@id":"https:\/\/hilpdesign.com\/product\/taking-a-break-chill-cat-black-organic-shirt\/#primaryimage"},"thumbnailUrl":"https:\/\/hilpdesign.com\/wp-content\/uploads\/2026\/02\/unisex-organic-cotton-t-shirt-black-front-6995ead05ab99-1.jpg","datePublished":"2026-02-25T08:07:35+00:00","dateModified":"2026-03-16T08:26:47+00:00","breadcrumb":{"@id":"https:\/\/hilpdesign.com\/product\/taking-a-break-chill-cat-black-organic-shirt\/#breadcrumb"},"inLanguage":"et","potentialAction":[{"@type":"ReadAction","target":["https:\/\/hilpdesign.com\/product\/taking-a-break-chill-cat-black-organic-shirt\/"]}]},{"@type":"ImageObject","inLanguage":"et","@id":"https:\/\/hilpdesign.com\/product\/taking-a-break-chill-cat-black-organic-shirt\/#primaryimage","url":"https:\/\/hilpdesign.com\/wp-content\/uploads\/2026\/02\/unisex-organic-cotton-t-shirt-black-front-6995ead05ab99-1.jpg","contentUrl":"https:\/\/hilpdesign.com\/wp-content\/uploads\/2026\/02\/unisex-organic-cotton-t-shirt-black-front-6995ead05ab99-1.jpg","width":1920,"height":1920},{"@type":"BreadcrumbList","@id":"https:\/\/hilpdesign.com\/product\/taking-a-break-chill-cat-black-organic-shirt\/#breadcrumb","itemListElement":[{"@type":"ListItem","position":1,"name":"Home","item":"https:\/\/hilpdesign.com\/"},{"@type":"ListItem","position":2,"name":"Shop","item":"https:\/\/hilpdesign.com\/shop\/"},{"@type":"ListItem","position":3,"name":"Taking a Break \u2013 Chill Cat Black Organic Shirt"}]},{"@type":"WebSite","@id":"https:\/\/hilpdesign.com\/#website","url":"https:\/\/hilpdesign.com\/","name":"Hilp","description":"Sustainable wear for kids &amp; adults","publisher":{"@id":"https:\/\/hilpdesign.com\/#organization"},"alternateName":"Hilpdesign","potentialAction":[{"@type":"SearchAction","target":{"@type":"EntryPoint","urlTemplate":"https:\/\/hilpdesign.com\/?s={search_term_string}"},"query-input":{"@type":"PropertyValueSpecification","valueRequired":true,"valueName":"search_term_string"}}],"inLanguage":"et"},{"@type":"Organization","@id":"https:\/\/hilpdesign.com\/#organization","name":"Hilpdesign O\u00dc","url":"https:\/\/hilpdesign.com\/","logo":{"@type":"ImageObject","inLanguage":"et","@id":"https:\/\/hilpdesign.com\/#\/schema\/logo\/image\/","url":"https:\/\/hilpdesign.com\/wp-content\/uploads\/2023\/03\/logo_viimane.png","contentUrl":"https:\/\/hilpdesign.com\/wp-content\/uploads\/2023\/03\/logo_viimane.png","width":205,"height":112,"caption":"Hilpdesign O\u00dc"},"image":{"@id":"https:\/\/hilpdesign.com\/#\/schema\/logo\/image\/"},"sameAs":["https:\/\/www.facebook.com\/HilpDesign","https:\/\/www.instagram.com\/hilpfashion\/"]}]}},"_links":{"self":[{"href":"https:\/\/hilpdesign.com\/et\/wp-json\/wp\/v2\/product\/26079","targetHints":{"allow":["GET"]}}],"collection":[{"href":"https:\/\/hilpdesign.com\/et\/wp-json\/wp\/v2\/product"}],"about":[{"href":"https:\/\/hilpdesign.com\/et\/wp-json\/wp\/v2\/types\/product"}],"wp:featuredmedia":[{"embeddable":true,"href":"https:\/\/hilpdesign.com\/et\/wp-json\/wp\/v2\/media\/26095"}],"wp:attachment":[{"href":"https:\/\/hilpdesign.com\/et\/wp-json\/wp\/v2\/media?parent=26079"}],"wp:term":[{"taxonomy":"product_brand","embeddable":true,"href":"https:\/\/hilpdesign.com\/et\/wp-json\/wp\/v2\/product_brand?post=26079"},{"taxonomy":"product_cat","embeddable":true,"href":"https:\/\/hilpdesign.com\/et\/wp-json\/wp\/v2\/product_cat?post=26079"},{"taxonomy":"product_tag","embeddable":true,"href":"https:\/\/hilpdesign.com\/et\/wp-json\/wp\/v2\/product_tag?post=26079"}],"curies":[{"name":"wp","href":"https:\/\/api.w.org\/{rel}","templated":true}]}}